{"id":5833,"date":"2023-04-10T22:17:34","date_gmt":"2023-04-10T20:17:34","guid":{"rendered":"https:\/\/winebrotherhoods.org\/?page_id=5833"},"modified":"2025-06-10T15:20:13","modified_gmt":"2025-06-10T13:20:13","slug":"confrerie-france-confrerie-de-st-bacchus-de-guyane","status":"publish","type":"page","link":"https:\/\/winebrotherhoods.org\/en\/brotherhoods\/france-brotherhood\/confrerie-france-confrerie-de-st-bacchus-de-guyane\/","title":{"rendered":"Confr\u00e9rie France &#8211; CONFRERIE DE ST BACCHUS DE GUYANE"},"content":{"rendered":"\t\t<div data-elementor-type=\"wp-page\" data-elementor-id=\"5833\" class=\"elementor elementor-5833 elementor-5818\" data-elementor-post-type=\"page\">\n\t\t\t\t\t\t<section class=\"elementor-section elementor-top-section elementor-element elementor-element-ee64093 elementor-section-height-min-height elementor-section-items-top elementor-section-boxed elementor-section-height-default\" data-id=\"ee64093\" data-element_type=\"section\" data-settings=\"{&quot;background_background&quot;:&quot;classic&quot;}\">\n\t\t\t\t\t\t<div class=\"elementor-container elementor-column-gap-default\">\n\t\t\t\t\t<div class=\"elementor-column elementor-col-50 elementor-top-column elementor-element elementor-element-e736100\" data-id=\"e736100\" data-element_type=\"column\" data-settings=\"{&quot;background_background&quot;:&quot;classic&quot;}\">\n\t\t\t<div class=\"elementor-widget-wrap elementor-element-populated\">\n\t\t\t\t\t\t<div class=\"elementor-element elementor-element-7adc0dd elementor-widget elementor-widget-heading\" data-id=\"7adc0dd\" data-element_type=\"widget\" data-widget_type=\"heading.default\">\n\t\t\t\t<div class=\"elementor-widget-container\">\n\t\t\t\t\t<h1 class=\"elementor-heading-title elementor-size-default\">\nCONFRERIE DE ST BACCHUS DE GUYANE<\/h1>\t\t\t\t<\/div>\n\t\t\t\t<\/div>\n\t\t\t\t<div class=\"elementor-element elementor-element-dacf2ef elementor-widget elementor-widget-text-editor\" data-id=\"dacf2ef\" data-element_type=\"widget\" data-widget_type=\"text-editor.default\">\n\t\t\t\t<div class=\"elementor-widget-container\">\n\t\t\t\t\t\t\t\t\t<section id=\"associated\"><div id=\"tw-target-text-container\" class=\"tw-ta-container tw-nfl\" tabindex=\"0\" role=\"text\"><pre id=\"tw-target-text\" class=\"tw-data-text tw-text-large tw-ta\" dir=\"ltr\" data-placeholder=\"Traduction\" data-ved=\"2ahUKEwjKxsWg8-aNAxVUUqQEHeuTAVQQ3ewLegQICRAU\" aria-label=\"Texte traduit\u00a0: The brotherhood was founded in 2009 by a group of wine-loving friends.\n\nThe brotherhood meets every last Friday of each month.\n\nWe hold one major event per year, bringing together over 200 people, always in September.\n\nA president is elected for a three-year term. During his term, he organizes one event per year + three St. Vincent celebrations.\n\nThe brotherhood has a total of seven ranks:\n\nCompanion\n\nGrand Companion\n\nMaster Companion\n\nMaster\n\nGrand Master\n\nGrand Master of Honor\n\nGrand Master of St. Bacchus\n\nACTIVITIES\n\nOne monthly chapter (last Friday of the month)\n\nOne event per year in September during a three-year term\n\nPrestige Evening\n\nBacchanal Evening\n\nWine and Cheese Evening\n\nOne St. Vincent celebration at the end of January\n\nNew member inductions, once per semester\n\nFirst event at the end of September\"><span class=\"Y2IQFc\" lang=\"en\">The brotherhood was founded in 2009 by a group of wine-loving friends.\n\nThe brotherhood meets every last Friday of each month.\n\nWe hold one major event per year, bringing together over 200 people, always in September.\n\nA president is elected for a three-year term. During his term, he organizes one event per year + three St. Vincent celebrations.\n\nThe brotherhood has a total of seven ranks:\n\nCompanion\n\nGrand Companion\n\nMaster Companion\n\nMaster\n\nGrand Master\n\nGrand Master of Honor\n\nGrand Master of St. Bacchus\n\nACTIVITIES\n\nOne monthly chapter (last Friday of the month)\n\nOne event per year in September during a three-year term\n\nPrestige Evening\n\nBacchanal Evening\n\nWine and Cheese Evening\n\nOne St. Vincent celebration at the end of January\n\nNew member inductions, once per semester\n\nFirst event at the end of September<\/span><\/pre><\/div><div id=\"tw-target-rmn-container\" class=\"tw-target-rmn tw-ta-container tw-nfl\" tabindex=\"0\" role=\"text\"><pre id=\"tw-target-rmn\" class=\"tw-data-placeholder tw-text-small tw-ta\" dir=\"ltr\" data-placeholder=\"\">\u00a0<\/pre><\/div><pre id=\"tw-target-rmn\" class=\"tw-data-placeholder tw-text-small tw-ta\" dir=\"ltr\" data-placeholder=\"\">\u00a0<\/pre><\/section><section id=\"events\"><\/section>\t\t\t\t\t\t\t\t<\/div>\n\t\t\t\t<\/div>\n\t\t\t\t<div class=\"elementor-element elementor-element-732f61e elementor-widget elementor-widget-text-editor\" data-id=\"732f61e\" data-element_type=\"widget\" data-widget_type=\"text-editor.default\">\n\t\t\t\t<div class=\"elementor-widget-container\">\n\t\t\t\t\t\t\t\t\t<p>NEWS<\/p>\n\t\t\t\t\t\t\t\t<\/div>\n\t\t\t\t<\/div>\n\t\t\t\t<div class=\"elementor-element elementor-element-8c5de3e elementor-widget elementor-widget-text-editor\" data-id=\"8c5de3e\" data-element_type=\"widget\" data-widget_type=\"text-editor.default\">\n\t\t\t\t<div class=\"elementor-widget-container\">\n\t\t\t\t\t\t\t\t\t<p style=\"text-align: center;\"><img fetchpriority=\"high\" decoding=\"async\" class=\"wp-image-5822 aligncenter\" src=\"https:\/\/winebrotherhoods.org\/wp-content\/uploads\/2023\/04\/photo-154-eme-chapitre-300x225.jpg\" alt=\"\" width=\"520\" height=\"390\" srcset=\"https:\/\/winebrotherhoods.org\/wp-content\/uploads\/2023\/04\/photo-154-eme-chapitre-300x225.jpg 300w, https:\/\/winebrotherhoods.org\/wp-content\/uploads\/2023\/04\/photo-154-eme-chapitre-1024x768.jpg 1024w, https:\/\/winebrotherhoods.org\/wp-content\/uploads\/2023\/04\/photo-154-eme-chapitre-768x576.jpg 768w, https:\/\/winebrotherhoods.org\/wp-content\/uploads\/2023\/04\/photo-154-eme-chapitre-1536x1152.jpg 1536w, https:\/\/winebrotherhoods.org\/wp-content\/uploads\/2023\/04\/photo-154-eme-chapitre.jpg 1600w\" sizes=\"(max-width: 520px) 100vw, 520px\" \/> <em>154 \u00e8me chapitre d\u00e9localis\u00e9 en Martinique sur l&#8217;invitation de Nicolas Magie \u00e0 l&#8217;h\u00f4tel LA SUITE VILLA aux trois ilets pour un repas gastronomique<\/em><\/p><div id=\"tw-target-text-container\" class=\"tw-ta-container tw-nfl\" tabindex=\"0\" role=\"text\"><pre id=\"tw-target-text\" class=\"tw-data-text tw-text-large tw-ta\" dir=\"ltr\" data-placeholder=\"Traduction\" data-ved=\"2ahUKEwjKxsWg8-aNAxVUUqQEHeuTAVQQ3ewLegQICRAU\" aria-label=\"Texte traduit\u00a0: Evening of September 27, 2024\n\nWine and Cheese Pairing\n\nAs usual, the Brotherhood of Saint Bacchus of French Guiana organized a memorable event. The evening took place on Friday, September 27, with the theme of pairing French wines and cheeses.\n\nA total of 42 varieties of cheese, 12 different types of bread, and 10 wines selected by two Cayenne wine merchants were offered.\n\n220 guests attended this event, which was unanimously praised for the exceptional quality of the products as well as the warm, relaxed, and friendly atmosphere.\n\nFor our brotherhood, this was also our 177th chapter, with one chapter held monthly since its creation in 2009.\n\nThe outcome of this evening was more than positive: joy reigned in the room, and this meeting was a true demonstration of our expertise and dynamism for the Brotherhood of Saint Bacchus of French Guiana.\n\nWe would like to thank the 15 students from the Hotel and Restaurant Management department at Melkior Garr\u00e9 High School, accompanied by their teachers, for their dedication. They provided quality service throughout the evening.\"><span class=\"Y2IQFc\" lang=\"en\">Evening of September 27, 2024\n\nWine and Cheese Pairing\n\nAs usual, the Brotherhood of Saint Bacchus of French Guiana organized a memorable event. The evening took place on Friday, September 27, with the theme of pairing French wines and cheeses.\n\nA total of 42 varieties of cheese, 12 different types of bread, and 10 wines selected by two Cayenne wine merchants were offered.\n\n220 guests attended this event, which was unanimously praised for the exceptional quality of the products as well as the warm, relaxed, and friendly atmosphere.\n\nFor our brotherhood, this was also our 177th chapter, with one chapter held monthly since its creation in 2009.\n\nThe outcome of this evening was more than positive: joy reigned in the room, and this meeting was a true demonstration of our expertise and dynamism for the Brotherhood of Saint Bacchus of French Guiana.\n\nWe would like to thank the 15 students from the Hotel and Restaurant Management department at Melkior Garr\u00e9 High School, accompanied by their teachers, for their dedication. They provided quality service throughout the evening.<\/span><\/pre><\/div><div id=\"tw-target-rmn-container\" class=\"tw-target-rmn tw-ta-container tw-nfl\" tabindex=\"0\" role=\"text\"><div id=\"tw-target-text-container\" class=\"tw-ta-container tw-nfl\" tabindex=\"0\" role=\"text\"><pre id=\"tw-target-text\" class=\"tw-data-text tw-text-large tw-ta\" dir=\"ltr\" data-placeholder=\"Traduction\" data-ved=\"2ahUKEwjKxsWg8-aNAxVUUqQEHeuTAVQQ3ewLegQICRAU\" aria-label=\"Texte traduit\u00a0: In his speech, the Grand Commander recalled the full meaning of the word &quot;brotherhood.&quot;\n\nSocietal, because we find brotherhoods in all regions of France, some existing for centuries, others younger like ours, who follow the same paths.\n\nAll share a common goal: sharing, which fosters exchanges, brings together different communities, and celebrates the love of values, in order to preserve our cultural and culinary heritage. A Bordeaux wine cannot resemble a wine from another country, nor can a typical cheese be that of another. This is why brotherhoods ardently defend our terroirs and our values, thus preserving our quality products.\n\nAdded to this is the importance of transmission, because in a context of standardization and globalization, brotherhoods have an obligation to go against the grain of what our world is heading towards: a uniform world where countries are becoming continents, where we must all be identical. The brotherhoods condemn this world.\"><span class=\"Y2IQFc\" lang=\"en\">In his speech, the Grand Commander recalled the full meaning of the word \"brotherhood.\"\n\nSocietal, because we find brotherhoods in all regions of France, some existing for centuries, others younger like ours, who follow the same paths.\n\nAll share a common goal: sharing, which fosters exchanges, brings together different communities, and celebrates the love of values, in order to preserve our cultural and culinary heritage. A Bordeaux wine cannot resemble a wine from another country, nor can a typical cheese be that of another. This is why brotherhoods ardently defend our terroirs and our values, thus preserving our quality products.\n\nAdded to this is the importance of transmission, because in a context of standardization and globalization, brotherhoods have an obligation to go against the grain of what our world is heading towards: a uniform world where countries are becoming continents, where we must all be identical. The brotherhoods condemn this world.<\/span><\/pre><\/div><div id=\"tw-target-rmn-container\" class=\"tw-target-rmn tw-ta-container tw-nfl\" tabindex=\"0\" role=\"text\"><div id=\"tw-target-text-container\" class=\"tw-ta-container tw-nfl\" tabindex=\"0\" role=\"text\"><pre id=\"tw-target-text\" class=\"tw-data-text tw-text-large tw-ta\" dir=\"ltr\" data-placeholder=\"Traduction\" data-ved=\"2ahUKEwjKxsWg8-aNAxVUUqQEHeuTAVQQ3ewLegQICRAU\" aria-label=\"Texte traduit\u00a0: Each brotherhood is different, but that doesn't prevent them from meeting, appreciating and respecting each other, and maintaining their identity while sharing each other's ideas and the crusades they lead.\n\nThe role of brotherhoods is to safeguard all our products and traditions.\n\nWe, the Brotherhood of Saint Bacchus of French Guiana, are but one link in a great, united and necessary chain.\n\nFrance must represent gastronomy, regions, local products, and, finally, localities, the rarity of exceptional products.\n\nThe powerful message the Grand Commander wished to convey is this: let us preserve our identities and together contribute to the well-being of our future generations.\"><span class=\"Y2IQFc\" lang=\"en\">Each brotherhood is different, but that doesn't prevent them from meeting, appreciating and respecting each other, and maintaining their identity while sharing each other's ideas and the crusades they lead.\n\nThe role of brotherhoods is to safeguard all our products and traditions.\n\nWe, the Brotherhood of Saint Bacchus of French Guiana, are but one link in a great, united and necessary chain.\n\nFrance must represent gastronomy, regions, local products, and, finally, localities, the rarity of exceptional products.\n\nThe powerful message the Grand Commander wished to convey is this: let us preserve our identities and together contribute to the well-being of our future generations.<\/span><\/pre><\/div><div id=\"tw-target-rmn-container\" class=\"tw-target-rmn tw-ta-container tw-nfl\" tabindex=\"0\" role=\"text\"><pre id=\"tw-target-text\" class=\"tw-data-text tw-text-large tw-ta\" dir=\"ltr\" data-placeholder=\"Traduction\" data-ved=\"2ahUKEwjKxsWg8-aNAxVUUqQEHeuTAVQQ3ewLegQICRAU\" aria-label=\"Texte traduit\u00a0: The strong message the Grand Commander wished to convey was this: let us preserve our identities and contribute together to the well-being of our future generations.\n\nThrough this evening dedicated to wine and cheese pairings, the brotherhood gave full meaning to the idea that there are still terroirs and unique characteristics that France, like other countries, can boast.\n\nThe Saint Bacchus Brotherhood of French Guiana Drops Anchor in Martinique\n\nFor the second time in three years, the Saint Bacchus Brotherhood of French Guiana set sail to celebrate an exceptional chapter in Martinique, in the refined setting of La Suite Villa. This edition of the 183rd chapter was distinguished by its openness to a wider audience, with the stated ambition of inspiring vocations and, perhaps, encouraging the creation of a sister brotherhood on the sister island.\"><span class=\"Y2IQFc\" lang=\"en\">The strong message the Grand Commander wished to convey was this: let us preserve our identities and contribute together to the well-being of our future generations.\n\nThrough this evening dedicated to wine and cheese pairings, the brotherhood gave full meaning to the idea that there are still terroirs and unique characteristics that France, like other countries, can boast.\n\nThe Saint Bacchus Brotherhood of French Guiana Drops Anchor in Martinique\n\nFor the second time in three years, the Saint Bacchus Brotherhood of French Guiana set sail to celebrate an exceptional chapter in Martinique, in the refined setting of La Suite Villa. This edition of the 183rd chapter was distinguished by its openness to a wider audience, with the stated ambition of inspiring vocations and, perhaps, encouraging the creation of a sister brotherhood on the sister island.<\/span><\/pre><\/div><\/div><\/div>\t\t\t\t\t\t\t\t<\/div>\n\t\t\t\t<\/div>\n\t\t\t\t<div class=\"elementor-element elementor-element-96d8398 elementor-widget elementor-widget-image\" data-id=\"96d8398\" data-element_type=\"widget\" data-widget_type=\"image.default\">\n\t\t\t\t<div class=\"elementor-widget-container\">\n\t\t\t\t\t\t\t\t\t\t\t\t<figure class=\"wp-caption\">\n\t\t\t\t\t\t\t\t\t\t<img decoding=\"async\" width=\"1024\" height=\"768\" src=\"https:\/\/winebrotherhoods.org\/wp-content\/uploads\/2023\/04\/photo-soiree-prestige.jpg\" class=\"attachment-full size-full wp-image-5821\" alt=\"\" srcset=\"https:\/\/winebrotherhoods.org\/wp-content\/uploads\/2023\/04\/photo-soiree-prestige.jpg 1024w, https:\/\/winebrotherhoods.org\/wp-content\/uploads\/2023\/04\/photo-soiree-prestige-300x225.jpg 300w, https:\/\/winebrotherhoods.org\/wp-content\/uploads\/2023\/04\/photo-soiree-prestige-768x576.jpg 768w\" sizes=\"(max-width: 1024px) 100vw, 1024px\" \/>\t\t\t\t\t\t\t\t\t\t\t<figcaption class=\"widget-image-caption wp-caption-text\"> soir\u00e9e prestige septembre 2022<\/figcaption>\n\t\t\t\t\t\t\t\t\t\t<\/figure>\n\t\t\t\t\t\t\t\t\t<\/div>\n\t\t\t\t<\/div>\n\t\t\t\t\t<\/div>\n\t\t<\/div>\n\t\t\t\t<div class=\"elementor-column elementor-col-50 elementor-top-column elementor-element elementor-element-f5847ea sticky-column\" data-id=\"f5847ea\" data-element_type=\"column\">\n\t\t\t<div class=\"elementor-widget-wrap elementor-element-populated\">\n\t\t\t\t\t\t<section class=\"elementor-section elementor-inner-section elementor-element elementor-element-b1d0c25 sticky-parent elementor-section-boxed elementor-section-height-default elementor-section-height-default\" data-id=\"b1d0c25\" data-element_type=\"section\">\n\t\t\t\t\t\t<div class=\"elementor-container elementor-column-gap-default\">\n\t\t\t\t\t<div class=\"elementor-column elementor-col-100 elementor-inner-column elementor-element elementor-element-3aa9316\" data-id=\"3aa9316\" data-element_type=\"column\" data-settings=\"{&quot;background_background&quot;:&quot;classic&quot;}\">\n\t\t\t<div class=\"elementor-widget-wrap elementor-element-populated\">\n\t\t\t\t\t\t<div class=\"elementor-element elementor-element-381dcc7 elementor-widget elementor-widget-text-editor\" data-id=\"381dcc7\" data-element_type=\"widget\" data-widget_type=\"text-editor.default\">\n\t\t\t\t<div class=\"elementor-widget-container\">\n\t\t\t\t\t\t\t\t\t<p>CONFRERIE DE ST BACCHUS DE GUYANE<\/p><p>19 Chemin Just Auguste<\/p><p>97354\u00a0REMIRE MONTJOLY<\/p><p>Pr\u00e9sidente (grand commandeur)\u00a0Jocelyne Barth\u00e9l\u00e9my<\/p><p>Vice-pr\u00e9sident (grand intendant) Guy Polet<\/p><p>Tr\u00e9sorier (grand argentier) Chantal Polet<\/p><p>Sommelier (Grand Bacchus) Charlotte Achard<\/p><p>C\u00e9r\u00e9monie et Discours (Grand Ecuyer) : Gael Atton<\/p><p>Ev\u00e8nementiel (Grand Festoyeur) Martial Bartolini<\/p><p>Intronisation (Grand S\u00e9n\u00e9chal) Alex Dejean<\/p><p>Mat\u00e9riel (Grand Roy d\u2019armes) Geoffrey Chapelin<\/p><p>Charge des enqu\u00eates (Grand Magistrat)\u00a0Arnaud Kuczina\u00a0<\/p><p>Communication (Grande Communiquante) Lalaina Belmell<\/p><p>Antenne M\u00e9tropole Philippe Matheus<\/p><p>Contact :<\/p><p>06 94 20 22 18 Grand Commandeur Martial Bartolini<\/p><p>barthelemy.jocelyne@orange.fr Pr\u00e9sidente<\/p><p>0617315546 repr\u00e9sentant m\u00e9tropole Philippe Matheus<\/p><p><a href=\"mailto:Ph.matheus46@outlook.fr\">Ph.matheus46@outlook.fr<\/a> contact sur la m\u00e9tropole<\/p><p>0694233141 Grand Intendant Guy Polet<\/p><p><a href=\"mailto:Polet.g@orange.fr\">Polet.g@orange.fr<\/a>\u00a0 vice pr\u00e9sident<\/p><p>\u00a0<\/p>\t\t\t\t\t\t\t\t<\/div>\n\t\t\t\t<\/div>\n\t\t\t\t\t<\/div>\n\t\t<\/div>\n\t\t\t\t\t<\/div>\n\t\t<\/section>\n\t\t\t\t\t<\/div>\n\t\t<\/div>\n\t\t\t\t\t<\/div>\n\t\t<\/section>\n\t\t\t\t<\/div>\n\t\t","protected":false},"excerpt":{"rendered":"<p>CONFRERIE DE ST BACCHUS DE GUYANE The brotherhood was founded in 2009 by a group of wine-loving friends. The brotherhood meets every last Friday of each month. We hold one [&hellip;]<\/p>\n","protected":false},"author":2,"featured_media":0,"parent":4647,"menu_order":0,"comment_status":"closed","ping_status":"closed","template":"elementor_header_footer","meta":{"footnotes":""},"class_list":["post-5833","page","type-page","status-publish","hentry"],"jetpack_sharing_enabled":true,"post_mailing_queue_ids":[],"_links":{"self":[{"href":"https:\/\/winebrotherhoods.org\/en\/wp-json\/wp\/v2\/pages\/5833","targetHints":{"allow":["GET"]}}],"collection":[{"href":"https:\/\/winebrotherhoods.org\/en\/wp-json\/wp\/v2\/pages"}],"about":[{"href":"https:\/\/winebrotherhoods.org\/en\/wp-json\/wp\/v2\/types\/page"}],"author":[{"embeddable":true,"href":"https:\/\/winebrotherhoods.org\/en\/wp-json\/wp\/v2\/users\/2"}],"replies":[{"embeddable":true,"href":"https:\/\/winebrotherhoods.org\/en\/wp-json\/wp\/v2\/comments?post=5833"}],"version-history":[{"count":10,"href":"https:\/\/winebrotherhoods.org\/en\/wp-json\/wp\/v2\/pages\/5833\/revisions"}],"predecessor-version":[{"id":8356,"href":"https:\/\/winebrotherhoods.org\/en\/wp-json\/wp\/v2\/pages\/5833\/revisions\/8356"}],"up":[{"embeddable":true,"href":"https:\/\/winebrotherhoods.org\/en\/wp-json\/wp\/v2\/pages\/4647"}],"wp:attachment":[{"href":"https:\/\/winebrotherhoods.org\/en\/wp-json\/wp\/v2\/media?parent=5833"}],"curies":[{"name":"wp","href":"https:\/\/api.w.org\/{rel}","templated":true}]}}