{"id":5105,"date":"2022-11-22T02:20:38","date_gmt":"2022-11-22T01:20:38","guid":{"rendered":"https:\/\/winebrotherhoods.org\/legal-notice\/"},"modified":"2023-01-26T02:12:01","modified_gmt":"2023-01-26T01:12:01","slug":"legal-notice","status":"publish","type":"page","link":"https:\/\/winebrotherhoods.org\/en\/legal-notice\/","title":{"rendered":"Legal notice"},"content":{"rendered":"\t\t<div data-elementor-type=\"wp-page\" data-elementor-id=\"5105\" class=\"elementor elementor-5105 elementor-2056\" data-elementor-post-type=\"page\">\n\t\t\t\t\t\t<section class=\"elementor-section elementor-top-section elementor-element elementor-element-ee64093 elementor-section-height-min-height elementor-section-items-top elementor-section-boxed elementor-section-height-default\" data-id=\"ee64093\" data-element_type=\"section\" data-settings=\"{&quot;background_background&quot;:&quot;classic&quot;}\">\n\t\t\t\t\t\t<div class=\"elementor-container elementor-column-gap-default\">\n\t\t\t\t\t<div class=\"elementor-column elementor-col-50 elementor-top-column elementor-element elementor-element-e736100\" data-id=\"e736100\" data-element_type=\"column\" data-settings=\"{&quot;background_background&quot;:&quot;classic&quot;}\">\n\t\t\t<div class=\"elementor-widget-wrap elementor-element-populated\">\n\t\t\t\t\t\t<div class=\"elementor-element elementor-element-7adc0dd elementor-widget elementor-widget-heading\" data-id=\"7adc0dd\" data-element_type=\"widget\" data-widget_type=\"heading.default\">\n\t\t\t\t<div class=\"elementor-widget-container\">\n\t\t\t\t\t<h1 class=\"elementor-heading-title elementor-size-default\">Legal notice<\/h1>\t\t\t\t<\/div>\n\t\t\t\t<\/div>\n\t\t\t\t<div class=\"elementor-element elementor-element-6fb8b84 elementor-widget elementor-widget-text-editor\" data-id=\"6fb8b84\" data-element_type=\"widget\" data-widget_type=\"text-editor.default\">\n\t\t\t\t<div class=\"elementor-widget-container\">\n\t\t\t\t\t\t\t\t\t<p>1\u00ba) SOCI\u00c9T\u00c9 \u00c9DITRICE DU SITE<\/p>\n\t\t\t\t\t\t\t\t<\/div>\n\t\t\t\t<\/div>\n\t\t\t\t<div class=\"elementor-element elementor-element-0526d8f elementor-widget elementor-widget-text-editor\" data-id=\"0526d8f\" data-element_type=\"widget\" data-widget_type=\"text-editor.default\">\n\t\t\t\t<div class=\"elementor-widget-container\">\n\t\t\t\t\t\t\t\t\t<ul>\n<li>Nom : FICB<\/li>\n<li>Forme juridique : Association loi de 1901<\/li>\n<li>Adresse du si\u00e8ge social : 5 Square Charles Dickens-Rue des Eaux, 75016 Paris<\/li>\n<li>T\u00e9l. : 33 1 45 25 63 26<\/li>\n<li>Directeurs de la publication : Alan Bryden<\/li>\n<\/ul>\n\t\t\t\t\t\t\t\t<\/div>\n\t\t\t\t<\/div>\n\t\t\t\t<div class=\"elementor-element elementor-element-3958cfd elementor-widget elementor-widget-text-editor\" data-id=\"3958cfd\" data-element_type=\"widget\" data-widget_type=\"text-editor.default\">\n\t\t\t\t<div class=\"elementor-widget-container\">\n\t\t\t\t\t\t\t\t\t<p>2\u00b0) GESTION<\/p>\n\t\t\t\t\t\t\t\t<\/div>\n\t\t\t\t<\/div>\n\t\t\t\t<div class=\"elementor-element elementor-element-1e73946 elementor-widget elementor-widget-text-editor\" data-id=\"1e73946\" data-element_type=\"widget\" data-widget_type=\"text-editor.default\">\n\t\t\t\t<div class=\"elementor-widget-container\">\n\t\t\t\t\t\t\t\t\t<p><strong>Conception et r\u00e9alisation du site :<\/strong><\/p>\n<p>St\u00e9phane BULLIER<\/p>\n<p><strong>H\u00e9bergement :<\/strong><\/p>\n<p>Le site www.winebrotherhoods.org est h\u00e9berg\u00e9 par Novatim dont le si\u00e8ge social est situ\u00e9 au 20 Rue de la Villette, 69003 Lyon.<\/p>\n\t\t\t\t\t\t\t\t<\/div>\n\t\t\t\t<\/div>\n\t\t\t\t<div class=\"elementor-element elementor-element-f06caa8 elementor-widget elementor-widget-text-editor\" data-id=\"f06caa8\" data-element_type=\"widget\" data-widget_type=\"text-editor.default\">\n\t\t\t\t<div class=\"elementor-widget-container\">\n\t\t\t\t\t\t\t\t\t<p>3\u00b0) LOI INFORMATIQUE, FICHIERS ET LIBERT\u00c9S<\/p>\n\t\t\t\t\t\t\t\t<\/div>\n\t\t\t\t<\/div>\n\t\t\t\t<div class=\"elementor-element elementor-element-e071411 elementor-widget elementor-widget-text-editor\" data-id=\"e071411\" data-element_type=\"widget\" data-widget_type=\"text-editor.default\">\n\t\t\t\t<div class=\"elementor-widget-container\">\n\t\t\t\t\t\t\t\t\t<p>Les informations \u00e9ventuellement recueillies via le site www.winebrotherhoods.org ne sont destin\u00e9es qu&#8217;\u00e0 l&#8217;usage interne.<\/p>\n\t\t\t\t\t\t\t\t<\/div>\n\t\t\t\t<\/div>\n\t\t\t\t<div class=\"elementor-element elementor-element-3c09b5d elementor-widget elementor-widget-text-editor\" data-id=\"3c09b5d\" data-element_type=\"widget\" data-widget_type=\"text-editor.default\">\n\t\t\t\t<div class=\"elementor-widget-container\">\n\t\t\t\t\t\t\t\t\t<p>4\u00b0) AUTORISATIONS DE REPRODUCTION DE CONTENUS<\/p>\n\t\t\t\t\t\t\t\t<\/div>\n\t\t\t\t<\/div>\n\t\t\t\t<div class=\"elementor-element elementor-element-eef64b7 elementor-widget elementor-widget-text-editor\" data-id=\"eef64b7\" data-element_type=\"widget\" data-widget_type=\"text-editor.default\">\n\t\t\t\t<div class=\"elementor-widget-container\">\n\t\t\t\t\t\t\t\t\t<p><strong>L\u2019acc\u00e8s \u00e0 notre site vous conf\u00e8re un droit d\u2019usage priv\u00e9 et non exclusif \u00e0 ce site.<\/strong><\/p>\n<p>Le site, les textes, les images, les sons, les photographies, les logos, les graphiques, les fichiers t\u00e9l\u00e9chargeables et plus g\u00e9n\u00e9ralement tous les objets contenus sur le site sont la propri\u00e9t\u00e9 exclusive de l&#8217;association FICB et des auteurs mentionn\u00e9s. Ce site et les \u00e9l\u00e9ments qui le composent constituent des \u0153uvres prot\u00e9g\u00e9es par la l\u00e9gislation fran\u00e7aise et les conventions internationales relatives au droit d&#8217;auteur et \u00e0 la propri\u00e9t\u00e9 intellectuelle.<\/p>\n<p>La reproduction du site ou des \u00e9l\u00e9ments qui le composent pris individuellement est interdite sauf autorisation expresse pr\u00e9alable de la soci\u00e9t\u00e9 \u00e9ditrice. Pour toute reproduction autoris\u00e9e ou toute courte citation, devra \u00eatre mentionn\u00e9 le nom de l&#8217;auteur et de la source.<\/p>\n\t\t\t\t\t\t\t\t<\/div>\n\t\t\t\t<\/div>\n\t\t\t\t<div class=\"elementor-element elementor-element-079ec26 elementor-widget elementor-widget-text-editor\" data-id=\"079ec26\" data-element_type=\"widget\" data-widget_type=\"text-editor.default\">\n\t\t\t\t<div class=\"elementor-widget-container\">\n\t\t\t\t\t\t\t\t\t<p>5\u00b0) MISE \u00c0 JOUR DE LA NOTICE L\u00c9GALE DU SITE<\/p>\n\t\t\t\t\t\t\t\t<\/div>\n\t\t\t\t<\/div>\n\t\t\t\t<div class=\"elementor-element elementor-element-dbb0615 elementor-widget elementor-widget-text-editor\" data-id=\"dbb0615\" data-element_type=\"widget\" data-widget_type=\"text-editor.default\">\n\t\t\t\t<div class=\"elementor-widget-container\">\n\t\t\t\t\t\t\t\t\t<p>L&#8217;association FICB se r\u00e9serve le droit de mettre \u00e0 jour la pr\u00e9sente notice l\u00e9gale \u00e0 tout moment, en fonction de l&#8217;\u00e9volution du contenu du site et des contraintes suppl\u00e9mentaires de protection n\u00e9cessaires. L&#8217;assocation FICB invite donc tout utilisateur \u00e0 visiter cette page lors de chaque consultation du site afin d&#8217;en prendre connaissance.<\/p>\n\t\t\t\t\t\t\t\t<\/div>\n\t\t\t\t<\/div>\n\t\t\t\t\t<\/div>\n\t\t<\/div>\n\t\t\t\t<div class=\"elementor-column elementor-col-50 elementor-top-column elementor-element elementor-element-f5847ea sticky-column\" data-id=\"f5847ea\" data-element_type=\"column\">\n\t\t\t<div class=\"elementor-widget-wrap elementor-element-populated\">\n\t\t\t\t\t\t<section class=\"elementor-section elementor-inner-section elementor-element elementor-element-b1d0c25 sticky-parent elementor-section-boxed elementor-section-height-default elementor-section-height-default\" data-id=\"b1d0c25\" data-element_type=\"section\">\n\t\t\t\t\t\t<div class=\"elementor-container elementor-column-gap-default\">\n\t\t\t\t\t<div class=\"elementor-column elementor-col-100 elementor-inner-column elementor-element elementor-element-a4aacac\" data-id=\"a4aacac\" data-element_type=\"column\">\n\t\t\t<div class=\"elementor-widget-wrap elementor-element-populated\">\n\t\t\t\t\t\t<div class=\"elementor-element elementor-element-f1504df elementor-widget elementor-widget-template\" data-id=\"f1504df\" data-element_type=\"widget\" data-widget_type=\"template.default\">\n\t\t\t\t<div class=\"elementor-widget-container\">\n\t\t\t\t\t\t\t<div class=\"elementor-template\">\n\t\t\t\t\t<div data-elementor-type=\"page\" data-elementor-id=\"4914\" class=\"elementor elementor-4914 elementor-1584\" data-elementor-post-type=\"elementor_library\">\n\t\t\t\t\t\t<section class=\"elementor-section elementor-top-section elementor-element elementor-element-464c0c6 elementor-section-full_width elementor-section-height-default elementor-section-height-default\" data-id=\"464c0c6\" data-element_type=\"section\">\n\t\t\t\t\t\t<div class=\"elementor-container elementor-column-gap-default\">\n\t\t\t\t\t<div class=\"elementor-column elementor-col-100 elementor-top-column elementor-element elementor-element-f570b26\" data-id=\"f570b26\" data-element_type=\"column\" data-settings=\"{&quot;background_background&quot;:&quot;classic&quot;}\">\n\t\t\t<div class=\"elementor-widget-wrap elementor-element-populated\">\n\t\t\t\t\t\t<div class=\"elementor-element elementor-element-dbfb198 elementor-widget elementor-widget-theme-site-logo elementor-widget-image\" data-id=\"dbfb198\" data-element_type=\"widget\" data-widget_type=\"theme-site-logo.default\">\n\t\t\t\t<div class=\"elementor-widget-container\">\n\t\t\t\t\t\t\t\t\t\t\t<a href=\"https:\/\/winebrotherhoods.org\/en\/\">\n\t\t\t<img fetchpriority=\"high\" decoding=\"async\" width=\"300\" height=\"300\" src=\"https:\/\/winebrotherhoods.org\/wp-content\/uploads\/2022\/07\/cropped-FICB_Logo_Huet_AJB_bk_alpha_300px.png\" class=\"attachment-full size-full wp-image-102\" alt=\"cropped FICB Logo Huet AJB bk alpha 300px\" srcset=\"https:\/\/winebrotherhoods.org\/wp-content\/uploads\/2022\/07\/cropped-FICB_Logo_Huet_AJB_bk_alpha_300px.png 300w, https:\/\/winebrotherhoods.org\/wp-content\/uploads\/2022\/07\/cropped-FICB_Logo_Huet_AJB_bk_alpha_300px-150x150.png 150w\" sizes=\"(max-width: 300px) 100vw, 300px\" \/>\t\t\t\t<\/a>\n\t\t\t\t\t\t\t\t\t\t\t<\/div>\n\t\t\t\t<\/div>\n\t\t\t\t<div class=\"elementor-element elementor-element-c10775d elementor-widget elementor-widget-heading\" data-id=\"c10775d\" data-element_type=\"widget\" data-widget_type=\"heading.default\">\n\t\t\t\t<div class=\"elementor-widget-container\">\n\t\t\t\t\t<h1 class=\"elementor-heading-title elementor-size-default\">INTERNATIONAL FEDERATION OF WINE BROTHERHOODS<\/h1>\t\t\t\t<\/div>\n\t\t\t\t<\/div>\n\t\t\t\t<div class=\"elementor-element elementor-element-c2f2abb elementor-widget elementor-widget-text-editor\" data-id=\"c2f2abb\" data-element_type=\"widget\" data-widget_type=\"text-editor.default\">\n\t\t\t\t<div class=\"elementor-widget-container\">\n\t\t\t\t\t\t\t\t\t<p>(FICB)<\/p>\n\t\t\t\t\t\t\t\t<\/div>\n\t\t\t\t<\/div>\n\t\t\t\t<div class=\"elementor-element elementor-element-336ea06 elementor-widget elementor-widget-text-editor\" data-id=\"336ea06\" data-element_type=\"widget\" data-widget_type=\"text-editor.default\">\n\t\t\t\t<div class=\"elementor-widget-container\">\n\t\t\t\t\t\t\t\t\t<p>5 Square Charles Dickens &#8211; Rue des Eaux<br \/>75016 Paris France<br \/>Contact : <a href=\"mailto:%69%6e%66%6f@%77%69%6e%65%62%72%6f%74%68%65%72%68%6f%6f%64%73.%6f%72%67\">info@winebrotherhoods.org<\/a><\/p>\n\t\t\t\t\t\t\t\t<\/div>\n\t\t\t\t<\/div>\n\t\t\t\t<div class=\"elementor-element elementor-element-b081568 elementor-widget elementor-widget-text-editor\" data-id=\"b081568\" data-element_type=\"widget\" data-widget_type=\"text-editor.default\">\n\t\t\t\t<div class=\"elementor-widget-container\">\n\t\t\t\t\t\t\t\t\t<p>President:Marc LESK<\/p><p>1st Vice President &amp; Secretary General: Vincent CARRIERE<\/p><p>Treasurer: G\u00e9rard MAURICE<\/p><p>Deputy Secretary general:Marie Lise CARABEUF<\/p><p>\u00a0<\/p>\t\t\t\t\t\t\t\t<\/div>\n\t\t\t\t<\/div>\n\t\t\t\t<div class=\"elementor-element elementor-element-4391498 elementor-align-center elementor-widget elementor-widget-button\" data-id=\"4391498\" data-element_type=\"widget\" data-widget_type=\"button.default\">\n\t\t\t\t<div class=\"elementor-widget-container\">\n\t\t\t\t\t\t\t\t\t<div class=\"elementor-button-wrapper\">\n\t\t\t\t\t<a class=\"elementor-button elementor-button-link elementor-size-sm\" href=\"https:\/\/winebrotherhoods.org\/wp-content\/uploads\/2026\/02\/CA-FICB-fevrier2026.pdf\">\n\t\t\t\t\t\t<span class=\"elementor-button-content-wrapper\">\n\t\t\t\t\t\t\t\t\t<span class=\"elementor-button-text\">composition of the board of administration at February 8,  2026<\/span>\n\t\t\t\t\t<\/span>\n\t\t\t\t\t<\/a>\n\t\t\t\t<\/div>\n\t\t\t\t\t\t\t\t<\/div>\n\t\t\t\t<\/div>\n\t\t\t\t<div class=\"elementor-element elementor-element-f0fe320 elementor-widget elementor-widget-text-editor\" data-id=\"f0fe320\" data-element_type=\"widget\" data-widget_type=\"text-editor.default\">\n\t\t\t\t<div class=\"elementor-widget-container\">\n\t\t\t\t\t\t\t\t\t<p>Pr\u00e9sidents d&#8217;Honneur :<\/p><p>Claude JOSSE (Conseil des Echansons de France)<\/p><p>Alan BRYDEN (Conseil des Echansons de France)<\/p>\t\t\t\t\t\t\t\t<\/div>\n\t\t\t\t<\/div>\n\t\t\t\t\t<\/div>\n\t\t<\/div>\n\t\t\t\t\t<\/div>\n\t\t<\/section>\n\t\t\t\t<\/div>\n\t\t\t\t<\/div>\n\t\t\t\t\t\t<\/div>\n\t\t\t\t<\/div>\n\t\t\t\t\t<\/div>\n\t\t<\/div>\n\t\t\t\t\t<\/div>\n\t\t<\/section>\n\t\t\t\t\t<\/div>\n\t\t<\/div>\n\t\t\t\t\t<\/div>\n\t\t<\/section>\n\t\t\t\t<\/div>\n\t\t","protected":false},"excerpt":{"rendered":"<p>Legal notice 1\u00ba) SOCI\u00c9T\u00c9 \u00c9DITRICE DU SITE Nom : FICB Forme juridique : Association loi de 1901 Adresse du si\u00e8ge social : 5 Square Charles Dickens-Rue des Eaux, 75016 Paris [&hellip;]<\/p>\n","protected":false},"author":2,"featured_media":1886,"parent":0,"menu_order":0,"comment_status":"closed","ping_status":"closed","template":"elementor_header_footer","meta":{"footnotes":""},"class_list":["post-5105","page","type-page","status-publish","has-post-thumbnail","hentry"],"jetpack_sharing_enabled":true,"post_mailing_queue_ids":[],"_links":{"self":[{"href":"https:\/\/winebrotherhoods.org\/en\/wp-json\/wp\/v2\/pages\/5105","targetHints":{"allow":["GET"]}}],"collection":[{"href":"https:\/\/winebrotherhoods.org\/en\/wp-json\/wp\/v2\/pages"}],"about":[{"href":"https:\/\/winebrotherhoods.org\/en\/wp-json\/wp\/v2\/types\/page"}],"author":[{"embeddable":true,"href":"https:\/\/winebrotherhoods.org\/en\/wp-json\/wp\/v2\/users\/2"}],"replies":[{"embeddable":true,"href":"https:\/\/winebrotherhoods.org\/en\/wp-json\/wp\/v2\/comments?post=5105"}],"version-history":[{"count":1,"href":"https:\/\/winebrotherhoods.org\/en\/wp-json\/wp\/v2\/pages\/5105\/revisions"}],"predecessor-version":[{"id":5106,"href":"https:\/\/winebrotherhoods.org\/en\/wp-json\/wp\/v2\/pages\/5105\/revisions\/5106"}],"wp:featuredmedia":[{"embeddable":true,"href":"https:\/\/winebrotherhoods.org\/en\/wp-json\/wp\/v2\/media\/1886"}],"wp:attachment":[{"href":"https:\/\/winebrotherhoods.org\/en\/wp-json\/wp\/v2\/media?parent=5105"}],"curies":[{"name":"wp","href":"https:\/\/api.w.org\/{rel}","templated":true}]}}