{"id":5099,"date":"2022-08-03T02:37:43","date_gmt":"2022-08-03T00:37:43","guid":{"rendered":"https:\/\/winebrotherhoods.org\/events\/"},"modified":"2023-01-30T03:44:10","modified_gmt":"2023-01-30T02:44:10","slug":"events","status":"publish","type":"page","link":"https:\/\/winebrotherhoods.org\/en\/events\/","title":{"rendered":"Events"},"content":{"rendered":"\t\t<div data-elementor-type=\"wp-page\" data-elementor-id=\"5099\" class=\"elementor elementor-5099 elementor-193\" data-elementor-post-type=\"page\">\n\t\t\t\t\t\t<section class=\"elementor-section elementor-top-section elementor-element elementor-element-39fed12 elementor-section-boxed elementor-section-height-default elementor-section-height-default\" data-id=\"39fed12\" data-element_type=\"section\" data-settings=\"{&quot;background_background&quot;:&quot;classic&quot;}\">\n\t\t\t\t\t\t<div class=\"elementor-container elementor-column-gap-default\">\n\t\t\t\t\t<div class=\"elementor-column elementor-col-100 elementor-top-column elementor-element elementor-element-dce634a\" data-id=\"dce634a\" data-element_type=\"column\">\n\t\t\t<div class=\"elementor-widget-wrap elementor-element-populated\">\n\t\t\t\t\t\t<section class=\"elementor-section elementor-inner-section elementor-element elementor-element-c6dd233 elementor-hidden-desktop elementor-hidden-tablet elementor-hidden-mobile elementor-section-boxed elementor-section-height-default elementor-section-height-default\" data-id=\"c6dd233\" data-element_type=\"section\" data-settings=\"{&quot;background_background&quot;:&quot;classic&quot;,&quot;sticky&quot;:&quot;top&quot;,&quot;sticky_offset&quot;:81,&quot;sticky_on&quot;:[&quot;desktop&quot;,&quot;tablet&quot;,&quot;mobile&quot;],&quot;sticky_effects_offset&quot;:0,&quot;sticky_anchor_link_offset&quot;:0}\">\n\t\t\t\t\t\t<div class=\"elementor-container elementor-column-gap-default\">\n\t\t\t\t\t<div class=\"elementor-column elementor-col-20 elementor-inner-column elementor-element elementor-element-843d930\" data-id=\"843d930\" data-element_type=\"column\">\n\t\t\t<div class=\"elementor-widget-wrap elementor-element-populated\">\n\t\t\t\t\t\t<div class=\"elementor-element elementor-element-9682448 elementor-icon-list--layout-traditional elementor-list-item-link-full_width elementor-widget elementor-widget-icon-list\" data-id=\"9682448\" data-element_type=\"widget\" data-widget_type=\"icon-list.default\">\n\t\t\t\t<div class=\"elementor-widget-container\">\n\t\t\t\t\t\t\t<ul class=\"elementor-icon-list-items\">\n\t\t\t\t\t\t\t<li class=\"elementor-icon-list-item\">\n\t\t\t\t\t\t\t\t\t\t\t<span class=\"elementor-icon-list-icon\">\n\t\t\t\t\t\t\t<i aria-hidden=\"true\" class=\"fas fa-square-full\"><\/i>\t\t\t\t\t\t<\/span>\n\t\t\t\t\t\t\t\t\t\t<span class=\"elementor-icon-list-text\">General Assembly<\/span>\n\t\t\t\t\t\t\t\t\t<\/li>\n\t\t\t\t\t\t<\/ul>\n\t\t\t\t\t\t<\/div>\n\t\t\t\t<\/div>\n\t\t\t\t\t<\/div>\n\t\t<\/div>\n\t\t\t\t<div class=\"elementor-column elementor-col-20 elementor-inner-column elementor-element elementor-element-98141c6\" data-id=\"98141c6\" data-element_type=\"column\">\n\t\t\t<div class=\"elementor-widget-wrap elementor-element-populated\">\n\t\t\t\t\t\t<div class=\"elementor-element elementor-element-1a029f0 elementor-icon-list--layout-traditional elementor-list-item-link-full_width elementor-widget elementor-widget-icon-list\" data-id=\"1a029f0\" data-element_type=\"widget\" data-widget_type=\"icon-list.default\">\n\t\t\t\t<div class=\"elementor-widget-container\">\n\t\t\t\t\t\t\t<ul class=\"elementor-icon-list-items\">\n\t\t\t\t\t\t\t<li class=\"elementor-icon-list-item\">\n\t\t\t\t\t\t\t\t\t\t\t<span class=\"elementor-icon-list-icon\">\n\t\t\t\t\t\t\t<i aria-hidden=\"true\" class=\"fas fa-square-full\"><\/i>\t\t\t\t\t\t<\/span>\n\t\t\t\t\t\t\t\t\t\t<span class=\"elementor-icon-list-text\">Challenges<\/span>\n\t\t\t\t\t\t\t\t\t<\/li>\n\t\t\t\t\t\t<\/ul>\n\t\t\t\t\t\t<\/div>\n\t\t\t\t<\/div>\n\t\t\t\t\t<\/div>\n\t\t<\/div>\n\t\t\t\t<div class=\"elementor-column elementor-col-20 elementor-inner-column elementor-element elementor-element-ee078c9\" data-id=\"ee078c9\" data-element_type=\"column\">\n\t\t\t<div class=\"elementor-widget-wrap elementor-element-populated\">\n\t\t\t\t\t\t<div class=\"elementor-element elementor-element-7cfa56e elementor-icon-list--layout-traditional elementor-list-item-link-full_width elementor-widget elementor-widget-icon-list\" data-id=\"7cfa56e\" data-element_type=\"widget\" data-widget_type=\"icon-list.default\">\n\t\t\t\t<div class=\"elementor-widget-container\">\n\t\t\t\t\t\t\t<ul class=\"elementor-icon-list-items\">\n\t\t\t\t\t\t\t<li class=\"elementor-icon-list-item\">\n\t\t\t\t\t\t\t\t\t\t\t<span class=\"elementor-icon-list-icon\">\n\t\t\t\t\t\t\t<i aria-hidden=\"true\" class=\"fas fa-square-full\"><\/i>\t\t\t\t\t\t<\/span>\n\t\t\t\t\t\t\t\t\t\t<span class=\"elementor-icon-list-text\">Congress<\/span>\n\t\t\t\t\t\t\t\t\t<\/li>\n\t\t\t\t\t\t<\/ul>\n\t\t\t\t\t\t<\/div>\n\t\t\t\t<\/div>\n\t\t\t\t\t<\/div>\n\t\t<\/div>\n\t\t\t\t<div class=\"elementor-column elementor-col-20 elementor-inner-column elementor-element elementor-element-9fb9de7\" data-id=\"9fb9de7\" data-element_type=\"column\">\n\t\t\t<div class=\"elementor-widget-wrap elementor-element-populated\">\n\t\t\t\t\t\t<div class=\"elementor-element elementor-element-f4445ce elementor-icon-list--layout-traditional elementor-list-item-link-full_width elementor-widget elementor-widget-icon-list\" data-id=\"f4445ce\" data-element_type=\"widget\" data-widget_type=\"icon-list.default\">\n\t\t\t\t<div class=\"elementor-widget-container\">\n\t\t\t\t\t\t\t<ul class=\"elementor-icon-list-items\">\n\t\t\t\t\t\t\t<li class=\"elementor-icon-list-item\">\n\t\t\t\t\t\t\t\t\t\t\t<span class=\"elementor-icon-list-icon\">\n\t\t\t\t\t\t\t<i aria-hidden=\"true\" class=\"fas fa-square-full\"><\/i>\t\t\t\t\t\t<\/span>\n\t\t\t\t\t\t\t\t\t\t<span class=\"elementor-icon-list-text\">Discovery tour<\/span>\n\t\t\t\t\t\t\t\t\t<\/li>\n\t\t\t\t\t\t<\/ul>\n\t\t\t\t\t\t<\/div>\n\t\t\t\t<\/div>\n\t\t\t\t\t<\/div>\n\t\t<\/div>\n\t\t\t\t<div class=\"elementor-column elementor-col-20 elementor-inner-column elementor-element elementor-element-5720093\" data-id=\"5720093\" data-element_type=\"column\">\n\t\t\t<div class=\"elementor-widget-wrap elementor-element-populated\">\n\t\t\t\t\t\t<div class=\"elementor-element elementor-element-2d314aa elementor-icon-list--layout-traditional elementor-list-item-link-full_width elementor-widget elementor-widget-icon-list\" data-id=\"2d314aa\" data-element_type=\"widget\" data-widget_type=\"icon-list.default\">\n\t\t\t\t<div class=\"elementor-widget-container\">\n\t\t\t\t\t\t\t<ul class=\"elementor-icon-list-items\">\n\t\t\t\t\t\t\t<li class=\"elementor-icon-list-item\">\n\t\t\t\t\t\t\t\t\t\t\t<span class=\"elementor-icon-list-icon\">\n\t\t\t\t\t\t\t<i aria-hidden=\"true\" class=\"fas fa-square-full\"><\/i>\t\t\t\t\t\t<\/span>\n\t\t\t\t\t\t\t\t\t\t<span class=\"elementor-icon-list-text\">Brotherhoods<\/span>\n\t\t\t\t\t\t\t\t\t<\/li>\n\t\t\t\t\t\t<\/ul>\n\t\t\t\t\t\t<\/div>\n\t\t\t\t<\/div>\n\t\t\t\t\t<\/div>\n\t\t<\/div>\n\t\t\t\t\t<\/div>\n\t\t<\/section>\n\t\t\t\t<div class=\"elementor-element elementor-element-e1a3d53 elementor-widget elementor-widget-shortcode\" data-id=\"e1a3d53\" data-element_type=\"widget\" id=\"agenda-ficb\" data-widget_type=\"shortcode.default\">\n\t\t\t\t<div class=\"elementor-widget-container\">\n\t\t\t\t\t\t\t<div class=\"elementor-shortcode\"><ul class=\"ecs-event-list\"><li class=\"ecs-event brotherhoods_ecs_category\"><h4 class=\"entry-title summary\"><a href=\"https:\/\/winebrotherhoods.org\/en\/event\/anjou-wine-festival\/\" rel=\"bookmark\">Anjou wine festival<\/a><\/h4><p class=\"ecs-excerpt\">65th f\u00eate des vins d&#8217;Anjou May 16 &#8211; 17 in Chalonnes sur Loire. &#8212; Chapter of la Confr\u00e9rie des Fins Gousiers d&#8217;Anjou. &#8212; Many activities. &#8212; Pour more&#8217;information, click here<\/p><span class=\"duration time\"><span class=\"tribe-event-date-start\">16 May<\/span> - <span class=\"tribe-event-date-end\">17 May<\/span><\/span><span class=\"duration venue\"><em> at <\/em>Chalonnes sur Loire<\/span><\/li><li class=\"ecs-event wine-discovery-tour_ecs_category\"><h4 class=\"entry-title summary\"><a href=\"https:\/\/winebrotherhoods.org\/en\/event\/wine-discovery-tour-sponsored-by-f-i-c-b-in-japan-may-18-24-2025\/\" rel=\"bookmark\">WINE-DISCOVERY TOUR SPONSORED BY F.I.C.B. IN JAPAN : MAY 18-24, 2026<\/a><\/h4><p class=\"ecs-excerpt\">Click here for the details of this wine-discovery tour<\/p><span class=\"duration time\"><span class=\"tribe-event-date-start\">18 May<\/span> - <span class=\"tribe-event-date-end\">24 May<\/span><\/span><\/li><li class=\"ecs-event brotherhoods_ecs_category\"><h4 class=\"entry-title summary\"><a href=\"https:\/\/winebrotherhoods.org\/en\/event\/romanian-wine-harvest-festival\/\" rel=\"bookmark\">Romanian Wine Harvest Festival<\/a><\/h4><p class=\"ecs-excerpt\">As in every autumn, the Romanian Wine Harvest Festival marked the first weekend of October. It was an absolutely impressive event, in which approximately 300 participants from Austria, Hungary, Moldawia,<\/p><span class=\"duration time\"><span class=\"tribe-event-date-start\">2 October<\/span> - <span class=\"tribe-event-date-end\">3 October<\/span><\/span><span class=\"duration venue\"><em> at <\/em>Bucarest<\/span><\/li><li class=\"ecs-event wine-discovery-tour_ecs_category\"><h4 class=\"entry-title summary\"><a href=\"https:\/\/winebrotherhoods.org\/en\/event\/wine-discovery-trip-in-alsace-16-18-october-2026\/\" rel=\"bookmark\">WINE DISCOVERY TRIP IN ALSACE 16\/18 OCTOBER 2026<\/a><\/h4><p class=\"ecs-excerpt\">To know more about this\u00a0 wonderful trip in Alsace , click here<\/p><span class=\"duration time\"><span class=\"tribe-event-date-start\">16 October @ 8h00<\/span> - <span class=\"tribe-event-date-end\">19 October @ 10h00<\/span><\/span><\/li><li class=\"ecs-event congress_ecs_category\"><h4 class=\"entry-title summary\"><a href=\"https:\/\/winebrotherhoods.org\/en\/event\/ficb-congress-2027\/\" rel=\"bookmark\">FICB CONGRESS 2027<\/a><\/h4><p class=\"ecs-excerpt\">The next FICB Congress will be organised by the F\u00e9d\u00e9ration Suisse des Confr\u00e9ries Bachiques et Gastronomiques (FSBG) which will take place from 6 to 13 May 2027 Click here to<\/p><span class=\"duration time\"><span class=\"tribe-event-date-start\">6 May 2027 @ 8h00<\/span> - <span class=\"tribe-event-date-end\">13 May 2027 @ 17h00<\/span><\/span><\/li><\/ul><script type=\"application\/ld+json\">\r\n[{\"@context\":\"http:\/\/schema.org\",\"@type\":\"Event\",\"name\":\"Anjou wine festival\",\"description\":\"&lt;p&gt;65th f\\u00eate des vins d\\\\'Anjou May 16 - 17 in Chalonnes sur Loire. -- Chapter of la Confr\\u00e9rie des Fins Gousiers d\\\\'Anjou. -- Many activities. -- Pour more\\\\'information, click here [&hellip;]&lt;\/p&gt;\\\\n\",\"url\":\"https:\/\/winebrotherhoods.org\/en\/event\/anjou-wine-festival\/\",\"eventAttendanceMode\":\"https:\/\/schema.org\/OfflineEventAttendanceMode\",\"eventStatus\":\"https:\/\/schema.org\/EventScheduled\",\"startDate\":\"2026-05-16T00:00:00+02:00\",\"endDate\":\"2026-05-17T23:59:59+02:00\",\"location\":{\"@type\":\"Place\",\"name\":\"Chalonnes sur Loire\",\"description\":\"\",\"url\":\"\",\"address\":{\"@type\":\"PostalAddress\",\"addressCountry\":\"France\"},\"telephone\":\"\",\"sameAs\":\"\"},\"organizer\":{\"@type\":\"Person\",\"name\":\"Confr\\u00e9rie des fins Gouseirs d&#8217;Anjou\",\"description\":\"\",\"url\":\"\",\"telephone\":\"\",\"email\":\"\",\"sameAs\":\"\"},\"performer\":\"Organization\"},{\"@context\":\"http:\/\/schema.org\",\"@type\":\"Event\",\"name\":\"WINE-DISCOVERY TOUR SPONSORED BY F.I.C.B. IN JAPAN : MAY 18-24, 2026\",\"description\":\"&lt;p&gt;Click here for the details of this wine-discovery tour&lt;\/p&gt;\\\\n\",\"url\":\"https:\/\/winebrotherhoods.org\/en\/event\/wine-discovery-tour-sponsored-by-f-i-c-b-in-japan-may-18-24-2025\/\",\"eventAttendanceMode\":\"https:\/\/schema.org\/OfflineEventAttendanceMode\",\"eventStatus\":\"https:\/\/schema.org\/EventScheduled\",\"startDate\":\"2026-05-18T00:00:00+02:00\",\"endDate\":\"2026-05-24T23:59:59+02:00\",\"performer\":\"Organization\"},{\"@context\":\"http:\/\/schema.org\",\"@type\":\"Event\",\"name\":\"Romanian Wine Harvest Festival\",\"description\":\"&lt;p&gt;As in every autumn, the Romanian Wine Harvest Festival marked the first weekend of October. It was an absolutely impressive event, in which approximately 300 participants from Austria, Hungary, Moldawia, [&hellip;]&lt;\/p&gt;\\\\n\",\"image\":\"https:\/\/winebrotherhoods.org\/wp-content\/uploads\/2025\/10\/46-scaled.jpg\",\"url\":\"https:\/\/winebrotherhoods.org\/en\/event\/romanian-wine-harvest-festival\/\",\"eventAttendanceMode\":\"https:\/\/schema.org\/OfflineEventAttendanceMode\",\"eventStatus\":\"https:\/\/schema.org\/EventScheduled\",\"startDate\":\"2026-10-02T00:00:00+02:00\",\"endDate\":\"2026-10-03T23:59:59+02:00\",\"location\":{\"@type\":\"Place\",\"name\":\"Bucarest\",\"description\":\"\",\"url\":\"\",\"address\":{\"@type\":\"PostalAddress\"},\"telephone\":\"\",\"sameAs\":\"\"},\"organizer\":{\"@type\":\"Person\",\"name\":\"O.E.V.E. Consulat de Roumanie\/Romanian Consulate\",\"description\":\"\",\"url\":\"\",\"telephone\":\"\",\"email\":\"\",\"sameAs\":\"\"},\"performer\":\"Organization\"},{\"@context\":\"http:\/\/schema.org\",\"@type\":\"Event\",\"name\":\"WINE DISCOVERY TRIP IN ALSACE 16\/18 OCTOBER 2026\",\"description\":\"&lt;p&gt;To know more about this\\u00a0 wonderful trip in Alsace , click here&lt;\/p&gt;\\\\n\",\"url\":\"https:\/\/winebrotherhoods.org\/en\/event\/wine-discovery-trip-in-alsace-16-18-october-2026\/\",\"eventAttendanceMode\":\"https:\/\/schema.org\/OfflineEventAttendanceMode\",\"eventStatus\":\"https:\/\/schema.org\/EventScheduled\",\"startDate\":\"2026-10-16T08:00:00+02:00\",\"endDate\":\"2026-10-19T10:00:00+02:00\",\"performer\":\"Organization\"},{\"@context\":\"http:\/\/schema.org\",\"@type\":\"Event\",\"name\":\"FICB CONGRESS 2027\",\"description\":\"&lt;p&gt;The next FICB Congress will be organised by the F\\u00e9d\\u00e9ration Suisse des Confr\\u00e9ries Bachiques et Gastronomiques (FSBG) which will take place from 6 to 13 May 2027 Click here to [&hellip;]&lt;\/p&gt;\\\\n\",\"url\":\"https:\/\/winebrotherhoods.org\/en\/event\/ficb-congress-2027\/\",\"eventAttendanceMode\":\"https:\/\/schema.org\/OfflineEventAttendanceMode\",\"eventStatus\":\"https:\/\/schema.org\/EventScheduled\",\"startDate\":\"2027-05-06T08:00:00+02:00\",\"endDate\":\"2027-05-13T17:00:00+02:00\",\"performer\":\"Organization\"}]\r\n<\/script><!--\n Event listing powered by The Events Calendar Shortcode\n https:\/\/eventcalendarnewsletter.com\/the-events-calendar-shortcode\/ \n--><\/div>\n\t\t\t\t\t\t<\/div>\n\t\t\t\t<\/div>\n\t\t\t\t\t<\/div>\n\t\t<\/div>\n\t\t\t\t\t<\/div>\n\t\t<\/section>\n\t\t\t\t<\/div>\n\t\t","protected":false},"excerpt":{"rendered":"<p>General Assembly Challenges Congress Discovery tour Brotherhoods<\/p>\n","protected":false},"author":2,"featured_media":0,"parent":0,"menu_order":0,"comment_status":"closed","ping_status":"closed","template":"elementor_header_footer","meta":{"footnotes":""},"class_list":["post-5099","page","type-page","status-publish","hentry","cat_congress"],"jetpack_sharing_enabled":true,"post_mailing_queue_ids":[],"_links":{"self":[{"href":"https:\/\/winebrotherhoods.org\/en\/wp-json\/wp\/v2\/pages\/5099","targetHints":{"allow":["GET"]}}],"collection":[{"href":"https:\/\/winebrotherhoods.org\/en\/wp-json\/wp\/v2\/pages"}],"about":[{"href":"https:\/\/winebrotherhoods.org\/en\/wp-json\/wp\/v2\/types\/page"}],"author":[{"embeddable":true,"href":"https:\/\/winebrotherhoods.org\/en\/wp-json\/wp\/v2\/users\/2"}],"replies":[{"embeddable":true,"href":"https:\/\/winebrotherhoods.org\/en\/wp-json\/wp\/v2\/comments?post=5099"}],"version-history":[{"count":3,"href":"https:\/\/winebrotherhoods.org\/en\/wp-json\/wp\/v2\/pages\/5099\/revisions"}],"predecessor-version":[{"id":5260,"href":"https:\/\/winebrotherhoods.org\/en\/wp-json\/wp\/v2\/pages\/5099\/revisions\/5260"}],"wp:attachment":[{"href":"https:\/\/winebrotherhoods.org\/en\/wp-json\/wp\/v2\/media?parent=5099"}],"curies":[{"name":"wp","href":"https:\/\/api.w.org\/{rel}","templated":true}]}}