{"id":5069,"date":"2022-11-22T11:40:51","date_gmt":"2022-11-22T10:40:51","guid":{"rendered":"https:\/\/winebrotherhoods.org\/useful-links\/"},"modified":"2025-03-13T19:18:32","modified_gmt":"2025-03-13T18:18:32","slug":"useful-links","status":"publish","type":"page","link":"https:\/\/winebrotherhoods.org\/en\/useful-links\/","title":{"rendered":"Useful links"},"content":{"rendered":"\t\t<div data-elementor-type=\"wp-page\" data-elementor-id=\"5069\" class=\"elementor elementor-5069 elementor-2093\" data-elementor-post-type=\"page\">\n\t\t\t\t\t\t<section class=\"elementor-section elementor-top-section elementor-element elementor-element-ee64093 elementor-section-height-min-height elementor-section-items-top elementor-section-boxed elementor-section-height-default\" data-id=\"ee64093\" data-element_type=\"section\" data-settings=\"{&quot;background_background&quot;:&quot;classic&quot;}\">\n\t\t\t\t\t\t<div class=\"elementor-container elementor-column-gap-default\">\n\t\t\t\t\t<div class=\"elementor-column elementor-col-100 elementor-top-column elementor-element elementor-element-e736100\" data-id=\"e736100\" data-element_type=\"column\" data-settings=\"{&quot;background_background&quot;:&quot;classic&quot;}\">\n\t\t\t<div class=\"elementor-widget-wrap elementor-element-populated\">\n\t\t\t\t\t\t<div class=\"elementor-element elementor-element-7adc0dd elementor-widget elementor-widget-heading\" data-id=\"7adc0dd\" data-element_type=\"widget\" data-widget_type=\"heading.default\">\n\t\t\t\t<div class=\"elementor-widget-container\">\n\t\t\t\t\t<h1 class=\"elementor-heading-title elementor-size-default\">Useful links<\/h1>\t\t\t\t<\/div>\n\t\t\t\t<\/div>\n\t\t\t\t<div class=\"elementor-element elementor-element-add8311 elementor-widget elementor-widget-text-editor\" data-id=\"add8311\" data-element_type=\"widget\" data-widget_type=\"text-editor.default\">\n\t\t\t\t<div class=\"elementor-widget-container\">\n\t\t\t\t\t\t\t\t\t<section id=\"main-content\">\n<div>Wine has accompanied spiritually humanity since high antiquity, in the religious, philosophical, artistic and technological fields&#8230;<\/div>\n<div> <\/div>\n<div>This site is not intended to present an anthology of works devoted to wine, but rather to offer reference works and links to specialized sites.<\/div>\n<div> <\/div>\n<div>Cette rubrique a donc pour vocation de partager des informations culturelles relatives \u00e0 la vigne et au vin. Nos lecteurs sont invit\u00e9s \u00e0 faire des propositions en utilisant le <i>formulaire de contact<\/i>. <\/div>\n<div> <\/div>\n<div>We have selected the following themes: fine arts, music (including songs), literature (including poetry and comics), cinema; history-geography, science and techniques.<\/div>\n<\/section>\n\t\t\t\t\t\t\t\t<\/div>\n\t\t\t\t<\/div>\n\t\t\t\t<div class=\"elementor-element elementor-element-9065fa8 elementor-widget elementor-widget-text-editor\" data-id=\"9065fa8\" data-element_type=\"widget\" data-widget_type=\"text-editor.default\">\n\t\t\t\t<div class=\"elementor-widget-container\">\n\t\t\t\t\t\t\t\t\t<section id=\"main-content\">\n<p><strong>Some emblematic pictorial and plastic works<\/strong><\/p>\n<\/section>\n\t\t\t\t\t\t\t\t<\/div>\n\t\t\t\t<\/div>\n\t\t\t\t<div class=\"elementor-element elementor-element-a05afc8 elementor-widget elementor-widget-gallery\" data-id=\"a05afc8\" data-element_type=\"widget\" data-settings=\"{&quot;gallery_layout&quot;:&quot;justified&quot;,&quot;overlay_title&quot;:&quot;description&quot;,&quot;overlay_description&quot;:&quot;title&quot;,&quot;lazyload&quot;:&quot;yes&quot;,&quot;ideal_row_height&quot;:{&quot;unit&quot;:&quot;px&quot;,&quot;size&quot;:200,&quot;sizes&quot;:[]},&quot;ideal_row_height_tablet&quot;:{&quot;unit&quot;:&quot;px&quot;,&quot;size&quot;:150,&quot;sizes&quot;:[]},&quot;ideal_row_height_mobile&quot;:{&quot;unit&quot;:&quot;px&quot;,&quot;size&quot;:150,&quot;sizes&quot;:[]},&quot;gap&quot;:{&quot;unit&quot;:&quot;px&quot;,&quot;size&quot;:10,&quot;sizes&quot;:[]},&quot;gap_tablet&quot;:{&quot;unit&quot;:&quot;px&quot;,&quot;size&quot;:10,&quot;sizes&quot;:[]},&quot;gap_mobile&quot;:{&quot;unit&quot;:&quot;px&quot;,&quot;size&quot;:10,&quot;sizes&quot;:[]},&quot;link_to&quot;:&quot;file&quot;,&quot;overlay_background&quot;:&quot;yes&quot;,&quot;content_hover_animation&quot;:&quot;fade-in&quot;}\" data-widget_type=\"gallery.default\">\n\t\t\t\t<div class=\"elementor-widget-container\">\n\t\t\t\t\t\t\t<div class=\"elementor-gallery__container\">\n\t\t\t\t\t\t\t<a class=\"e-gallery-item elementor-gallery-item elementor-animated-content\" href=\"https:\/\/winebrotherhoods.org\/wp-content\/uploads\/2022\/11\/jesen-v-brdih-kojsko-final.jpeg\" data-elementor-open-lightbox=\"yes\" data-elementor-lightbox-slideshow=\"a05afc8\" data-elementor-lightbox-title=\"jesen v brdih kojsko final\" data-elementor-lightbox-description=\"jesen v brdih kojsko final\" data-e-action-hash=\"#elementor-action%3Aaction%3Dlightbox%26settings%3DeyJpZCI6MjEwMSwidXJsIjoiaHR0cHM6XC9cL3dpbmVicm90aGVyaG9vZHMub3JnXC93cC1jb250ZW50XC91cGxvYWRzXC8yMDIyXC8xMVwvamVzZW4tdi1icmRpaC1rb2pza28tZmluYWwuanBlZyIsInNsaWRlc2hvdyI6ImEwNWFmYzgifQ%3D%3D\">\n\t\t\t\t\t<div class=\"e-gallery-image elementor-gallery-item__image\" data-thumbnail=\"https:\/\/winebrotherhoods.org\/wp-content\/uploads\/2022\/11\/jesen-v-brdih-kojsko-final-300x215.jpeg\" data-width=\"300\" data-height=\"215\" aria-label=\"jesen v brdih kojsko final\" role=\"img\" ><\/div>\n\t\t\t\t\t\t\t\t\t\t\t<div class=\"elementor-gallery-item__overlay\"><\/div>\n\t\t\t\t\t\t\t\t\t\t\t\t\t\t\t<div class=\"elementor-gallery-item__content\">\n\t\t\t\t\t\t\t\t\t\t\t\t\t\t<div class=\"elementor-gallery-item__title\">\n\t\t\t\t\t\t\t\t\t\t\t\t\t\t\t\t\t\tjesen v brdih kojsko final\t\t\t\t\t\t\t\t<\/div>\n\t\t\t\t\t\t\t\t\t\t\t\t\t\t\t<div class=\"elementor-gallery-item__description\">\n\t\t\t\t\t\t\t\t\t\t\t\t\t\t\t\t\t\tjesen v brdih kojsko final\t\t\t\t\t\t\t\t<\/div>\n\t\t\t\t\t\t\t\t\t\t\t\t<\/div>\n\t\t\t\t\t\t\t\t\t<\/a>\n\t\t\t\t\t\t\t<a class=\"e-gallery-item elementor-gallery-item elementor-animated-content\" href=\"https:\/\/winebrotherhoods.org\/wp-content\/uploads\/2022\/11\/unnamed.jpg\" data-elementor-open-lightbox=\"yes\" data-elementor-lightbox-slideshow=\"a05afc8\" data-elementor-lightbox-title=\"unnamed\" data-elementor-lightbox-description=\"unnamed\" data-e-action-hash=\"#elementor-action%3Aaction%3Dlightbox%26settings%3DeyJpZCI6MjA5OSwidXJsIjoiaHR0cHM6XC9cL3dpbmVicm90aGVyaG9vZHMub3JnXC93cC1jb250ZW50XC91cGxvYWRzXC8yMDIyXC8xMVwvdW5uYW1lZC5qcGciLCJzbGlkZXNob3ciOiJhMDVhZmM4In0%3D\">\n\t\t\t\t\t<div class=\"e-gallery-image elementor-gallery-item__image\" data-thumbnail=\"https:\/\/winebrotherhoods.org\/wp-content\/uploads\/2022\/11\/unnamed-255x300.jpg\" data-width=\"255\" data-height=\"300\" aria-label=\"unnamed\" role=\"img\" ><\/div>\n\t\t\t\t\t\t\t\t\t\t\t<div class=\"elementor-gallery-item__overlay\"><\/div>\n\t\t\t\t\t\t\t\t\t\t\t\t\t\t\t<div class=\"elementor-gallery-item__content\">\n\t\t\t\t\t\t\t\t\t\t\t\t\t\t<div class=\"elementor-gallery-item__title\">\n\t\t\t\t\t\t\t\t\t\t\t\t\t\t\t\t\t\tunnamed\t\t\t\t\t\t\t\t<\/div>\n\t\t\t\t\t\t\t\t\t\t\t\t\t\t\t<div class=\"elementor-gallery-item__description\">\n\t\t\t\t\t\t\t\t\t\t\t\t\t\t\t\t\t\tunnamed\t\t\t\t\t\t\t\t<\/div>\n\t\t\t\t\t\t\t\t\t\t\t\t<\/div>\n\t\t\t\t\t\t\t\t\t<\/a>\n\t\t\t\t\t\t\t<a class=\"e-gallery-item elementor-gallery-item elementor-animated-content\" href=\"https:\/\/winebrotherhoods.org\/wp-content\/uploads\/2022\/11\/lejeunedegustateurdephilippemercier.jpg\" data-elementor-open-lightbox=\"yes\" data-elementor-lightbox-slideshow=\"a05afc8\" data-elementor-lightbox-title=\"lejeunedegustateurdephilippemercier\" data-elementor-lightbox-description=\"lejeunedegustateurdephilippemercier\" data-e-action-hash=\"#elementor-action%3Aaction%3Dlightbox%26settings%3DeyJpZCI6MjA5NSwidXJsIjoiaHR0cHM6XC9cL3dpbmVicm90aGVyaG9vZHMub3JnXC93cC1jb250ZW50XC91cGxvYWRzXC8yMDIyXC8xMVwvbGVqZXVuZWRlZ3VzdGF0ZXVyZGVwaGlsaXBwZW1lcmNpZXIuanBnIiwic2xpZGVzaG93IjoiYTA1YWZjOCJ9\">\n\t\t\t\t\t<div class=\"e-gallery-image elementor-gallery-item__image\" data-thumbnail=\"https:\/\/winebrotherhoods.org\/wp-content\/uploads\/2022\/11\/lejeunedegustateurdephilippemercier-300x215.jpg\" data-width=\"300\" data-height=\"215\" aria-label=\"lejeunedegustateurdephilippemercier\" role=\"img\" ><\/div>\n\t\t\t\t\t\t\t\t\t\t\t<div class=\"elementor-gallery-item__overlay\"><\/div>\n\t\t\t\t\t\t\t\t\t\t\t\t\t\t\t<div class=\"elementor-gallery-item__content\">\n\t\t\t\t\t\t\t\t\t\t\t\t\t\t<div class=\"elementor-gallery-item__title\">\n\t\t\t\t\t\t\t\t\t\t\t\t\t\t\t\t\t\tlejeunedegustateurdephilippemercier\t\t\t\t\t\t\t\t<\/div>\n\t\t\t\t\t\t\t\t\t\t\t\t\t\t\t<div class=\"elementor-gallery-item__description\">\n\t\t\t\t\t\t\t\t\t\t\t\t\t\t\t\t\t\tlejeunedegustateurdephilippemercier\t\t\t\t\t\t\t\t<\/div>\n\t\t\t\t\t\t\t\t\t\t\t\t<\/div>\n\t\t\t\t\t\t\t\t\t<\/a>\n\t\t\t\t\t<\/div>\n\t\t\t\t\t<\/div>\n\t\t\t\t<\/div>\n\t\t\t\t<div class=\"elementor-element elementor-element-b565e46 elementor-widget elementor-widget-text-editor\" data-id=\"b565e46\" data-element_type=\"widget\" data-widget_type=\"text-editor.default\">\n\t\t\t\t<div class=\"elementor-widget-container\">\n\t\t\t\t\t\t\t\t\t<section id=\"main-content\">\n<div>The virtual wine museum site presents an extraordinary collection of works of all kinds (more than 1000), classified according to various themes <a href=\"https:\/\/www.musee-virtuel-vin.fr\/accueil\" target=\"_blank\" rel=\"noopener\" data-saferedirecturl=\"https:\/\/www.google.com\/url?q=https:\/\/www.musee-virtuel-vin.fr\/accueil&amp;source=gmail&amp;ust=1669199740530000&amp;usg=AOvVaw2q0EnwIZxfjh1WngAXJZJd\">https:\/\/museevirtuelduvin<wbr><\/wbr>.wixsite.com\/website-3\/accueil?lang=en<\/a> (The virtual wine museum)<\/div>\n<div>Marc Lesk&#8217;s blog <a href=\"https:\/\/aubonclos.blog\">Au Bon Clos<\/a> presents a collection of art works, poetry, vocal pieces and songs dedicated to wine and grapes culture. <\/div>\n<div> <\/div>\n<div>The &#8220;Franco-French&#8221; site <a href=\"http:\/\/www.vignobletiquette.com\/\" target=\"_blank\" rel=\"noopener\" data-saferedirecturl=\"https:\/\/www.google.com\/url?q=http:\/\/www.vignobletiquette.com&amp;source=gmail&amp;ust=1669199740530000&amp;usg=AOvVaw03L8sx4HB3Nsm7jPcrRhfn\">http:\/\/www.vignobletiquette.<wbr><\/wbr>com<\/a> , generalist, is interesting with a section on brotherhoods, anthology of poems, songs etc.<\/div>\n<div> <\/div>\n<div>More drinking songs can be found on this specialized site: <a href=\"http:\/\/www.chansonsaboire.com\/\" target=\"_blank\" rel=\"noopener\" data-saferedirecturl=\"https:\/\/www.google.com\/url?q=http:\/\/www.chansonsaboire.com&amp;source=gmail&amp;ust=1669199740530000&amp;usg=AOvVaw0N73s6h1hU9YTCH3oAEUsj\">http:\/\/www.chansonsaboire.com<\/a><\/div>\n<div> <\/div>\n<div>And lyrical tunes from operas here : <a href=\"https:\/\/www.levoyagelyrique.com\/les-chansons-a-boire-de-l-opera\" target=\"_blank\" rel=\"noopener\" data-saferedirecturl=\"https:\/\/www.google.com\/url?q=https:\/\/www.levoyagelyrique.com\/les-chansons-a-boire-de-l-opera&amp;source=gmail&amp;ust=1669199740530000&amp;usg=AOvVaw08_2yy8b5tRDFoa_1sKfSW\">https:\/\/www.levoyagelyrique.<wbr><\/wbr>com\/les-chansons-a-boire-de-l-<wbr><\/wbr>opera<\/a><\/div>\n<div> <\/div>\n<div>This site gives a list and extracts of films &#8220;wine in the cinema&#8221; <a href=\"https:\/\/www.cinetrafic.fr\/liste-film\/4685\/1\/le-vin-au-cinema\" target=\"_blank\" rel=\"noopener\" data-saferedirecturl=\"https:\/\/www.google.com\/url?q=https:\/\/www.cinetrafic.fr\/liste-film\/4685\/1\/le-vin-au-cinema&amp;source=gmail&amp;ust=1669199740530000&amp;usg=AOvVaw3W8QSKU-03DTuiDeJXoURR\">https:\/\/www.cinetrafic.fr\/<wbr><\/wbr>liste-film\/4685\/1\/le-vin-au-<wbr><\/wbr>cinema<\/a><\/div>\n<\/section>\n\t\t\t\t\t\t\t\t<\/div>\n\t\t\t\t<\/div>\n\t\t\t\t\t<\/div>\n\t\t<\/div>\n\t\t\t\t\t<\/div>\n\t\t<\/section>\n\t\t\t\t<\/div>\n\t\t","protected":false},"excerpt":{"rendered":"<p>Useful links Wine has accompanied spiritually humanity since high antiquity, in the religious, philosophical, artistic and technological fields&#8230; This site is not intended to present an anthology of works devoted [&hellip;]<\/p>\n","protected":false},"author":2,"featured_media":2095,"parent":0,"menu_order":0,"comment_status":"closed","ping_status":"closed","template":"elementor_header_footer","meta":{"footnotes":""},"class_list":["post-5069","page","type-page","status-publish","has-post-thumbnail","hentry"],"jetpack_sharing_enabled":true,"post_mailing_queue_ids":[],"_links":{"self":[{"href":"https:\/\/winebrotherhoods.org\/en\/wp-json\/wp\/v2\/pages\/5069","targetHints":{"allow":["GET"]}}],"collection":[{"href":"https:\/\/winebrotherhoods.org\/en\/wp-json\/wp\/v2\/pages"}],"about":[{"href":"https:\/\/winebrotherhoods.org\/en\/wp-json\/wp\/v2\/types\/page"}],"author":[{"embeddable":true,"href":"https:\/\/winebrotherhoods.org\/en\/wp-json\/wp\/v2\/users\/2"}],"replies":[{"embeddable":true,"href":"https:\/\/winebrotherhoods.org\/en\/wp-json\/wp\/v2\/comments?post=5069"}],"version-history":[{"count":4,"href":"https:\/\/winebrotherhoods.org\/en\/wp-json\/wp\/v2\/pages\/5069\/revisions"}],"predecessor-version":[{"id":8008,"href":"https:\/\/winebrotherhoods.org\/en\/wp-json\/wp\/v2\/pages\/5069\/revisions\/8008"}],"wp:featuredmedia":[{"embeddable":true,"href":"https:\/\/winebrotherhoods.org\/en\/wp-json\/wp\/v2\/media\/2095"}],"wp:attachment":[{"href":"https:\/\/winebrotherhoods.org\/en\/wp-json\/wp\/v2\/media?parent=5069"}],"curies":[{"name":"wp","href":"https:\/\/api.w.org\/{rel}","templated":true}]}}