{"id":4773,"date":"2022-10-03T01:38:42","date_gmt":"2022-10-02T23:38:42","guid":{"rendered":"https:\/\/winebrotherhoods.org\/brotherhoods\/switzerland-brotherhood\/switzerland-brotherhood-noble-confrerie-des-olifants-du-bas-lac-en-pays-de-neuchatel\/"},"modified":"2025-01-11T14:56:32","modified_gmt":"2025-01-11T13:56:32","slug":"switzerland-brotherhood-noble-confrerie-des-olifants-du-bas-lac-en-pays-de-neuchatel","status":"publish","type":"page","link":"https:\/\/winebrotherhoods.org\/en\/brotherhoods\/switzerland-brotherhood\/switzerland-brotherhood-noble-confrerie-des-olifants-du-bas-lac-en-pays-de-neuchatel\/","title":{"rendered":"Confr\u00e9rie SUISSE &#8211; Noble Confr\u00e9rie des Olifants en Pays de Neuch\u00e2tel"},"content":{"rendered":"\t\t<div data-elementor-type=\"wp-page\" data-elementor-id=\"4773\" class=\"elementor elementor-4773 elementor-1479\" data-elementor-post-type=\"page\">\n\t\t\t\t\t\t<section class=\"elementor-section elementor-top-section elementor-element elementor-element-ee64093 elementor-section-height-min-height elementor-section-items-top elementor-section-boxed elementor-section-height-default\" data-id=\"ee64093\" data-element_type=\"section\" data-settings=\"{&quot;background_background&quot;:&quot;classic&quot;}\">\n\t\t\t\t\t\t<div class=\"elementor-container elementor-column-gap-default\">\n\t\t\t\t\t<div class=\"elementor-column elementor-col-50 elementor-top-column elementor-element elementor-element-e736100\" data-id=\"e736100\" data-element_type=\"column\" data-settings=\"{&quot;background_background&quot;:&quot;classic&quot;}\">\n\t\t\t<div class=\"elementor-widget-wrap elementor-element-populated\">\n\t\t\t\t\t\t<div class=\"elementor-element elementor-element-7adc0dd elementor-widget elementor-widget-heading\" data-id=\"7adc0dd\" data-element_type=\"widget\" data-widget_type=\"heading.default\">\n\t\t\t\t<div class=\"elementor-widget-container\">\n\t\t\t\t\t<h1 class=\"elementor-heading-title elementor-size-default\">Noble Brotherhood of the Olifants from the Land of Neuch\u00e2tel<\/h1>\t\t\t\t<\/div>\n\t\t\t\t<\/div>\n\t\t\t\t\t<\/div>\n\t\t<\/div>\n\t\t\t\t<div class=\"elementor-column elementor-col-50 elementor-top-column elementor-element elementor-element-f5847ea sticky-column\" data-id=\"f5847ea\" data-element_type=\"column\">\n\t\t\t<div class=\"elementor-widget-wrap elementor-element-populated\">\n\t\t\t\t\t\t<section class=\"elementor-section elementor-inner-section elementor-element elementor-element-b1d0c25 sticky-parent elementor-section-boxed elementor-section-height-default elementor-section-height-default\" data-id=\"b1d0c25\" data-element_type=\"section\">\n\t\t\t\t\t\t<div class=\"elementor-container elementor-column-gap-default\">\n\t\t\t\t\t<div class=\"elementor-column elementor-col-100 elementor-inner-column elementor-element elementor-element-3aa9316\" data-id=\"3aa9316\" data-element_type=\"column\" data-settings=\"{&quot;background_background&quot;:&quot;classic&quot;}\">\n\t\t\t<div class=\"elementor-widget-wrap elementor-element-populated\">\n\t\t\t\t\t\t<div class=\"elementor-element elementor-element-381dcc7 elementor-widget elementor-widget-text-editor\" data-id=\"381dcc7\" data-element_type=\"widget\" data-widget_type=\"text-editor.default\">\n\t\t\t\t<div class=\"elementor-widget-container\">\n\t\t\t\t\t\t\t\t\t<p>Case Postale 2765<\/p>\n<p>CH-2001- Neuch\u00e2tel<\/p>\n<p>Suisse<\/p>\n<p><strong>Gouverneur<\/strong><\/p>\n<p>Pierre-Alain Sumi<\/p>\n<p><strong>Vice Gouverneur<\/strong><\/p>\n<p>R\u00e9my Pheulpin<\/p>\n<p>Contact:<a href=\"mailto:infos@olifants.ch\"> infos@olifants.ch<\/a><\/p>\n<p>Site: <a href=\"https:\/\/olifants.ch\">https:\/\/olifants.ch\/<\/a><\/p><\/p>\n\t\t\t\t\t\t\t\t<\/div>\n\t\t\t\t<\/div>\n\t\t\t\t\t<\/div>\n\t\t<\/div>\n\t\t\t\t\t<\/div>\n\t\t<\/section>\n\t\t\t\t\t<\/div>\n\t\t<\/div>\n\t\t\t\t\t<\/div>\n\t\t<\/section>\n\t\t\t\t<section class=\"elementor-section elementor-top-section elementor-element elementor-element-5c572c3 elementor-section-boxed elementor-section-height-default elementor-section-height-default\" data-id=\"5c572c3\" data-element_type=\"section\">\n\t\t\t\t\t\t<div class=\"elementor-container elementor-column-gap-default\">\n\t\t\t\t\t<div class=\"elementor-column elementor-col-100 elementor-top-column elementor-element elementor-element-b548651\" data-id=\"b548651\" data-element_type=\"column\">\n\t\t\t<div class=\"elementor-widget-wrap elementor-element-populated\">\n\t\t\t\t\t\t<div class=\"elementor-element elementor-element-0e13f21 elementor-widget__width-initial elementor-widget elementor-widget-text-editor\" data-id=\"0e13f21\" data-element_type=\"widget\" data-widget_type=\"text-editor.default\">\n\t\t\t\t<div class=\"elementor-widget-container\">\n\t\t\t\t\t\t\t\t\t<p><b style=\"font-family: var( --e-global-typography-text-font-family ), Sans-serif; font-size: var( --e-global-typography-text-font-size );\">   <\/b><\/p>\n<p><b>Noble Brotherhood of the Olifants from the Land of Neuch\u00e2tel<\/b><\/p>\n<p>Founded in 1964 by eleven defenders of the Neuch\u00e2tel vineyard, the Brotherhood aims at promoting and appreciating the quality of the wines from the Neuch\u00e2tel region, the pleasures associated to its hunting and fishing products, and the delights of its gastronomy. The term \u201colifant\u201d refers to a small hunting horn made of ivory and used by knights. It is also a symbol associated to the cornucopia.  <\/p>\n<p>The Brotherhood is led by a Chapter of twelve Fellow Members and has over a hundred Companions &#8211; men and women &#8211; and as many Honorary Members.<\/p>\n<p><b><img fetchpriority=\"high\" decoding=\"async\" class=\" wp-image-7837 aligncenter\" src=\"https:\/\/winebrotherhoods.org\/wp-content\/uploads\/2025\/01\/lechapitre-300x274.jpg\" alt=\"\" width=\"383\" height=\"350\" srcset=\"https:\/\/winebrotherhoods.org\/wp-content\/uploads\/2025\/01\/lechapitre-300x274.jpg 300w, https:\/\/winebrotherhoods.org\/wp-content\/uploads\/2025\/01\/lechapitre-768x702.jpg 768w, https:\/\/winebrotherhoods.org\/wp-content\/uploads\/2025\/01\/lechapitre.jpg 866w\" sizes=\"(max-width: 383px) 100vw, 383px\" \/><\/b><\/p>\n<p style=\"text-align: center;\"><i>The Chapter wearing the Ceremonial dress.<\/i><\/p>\n<p>Futures Companions (then known as \u201cApplicants\u201d) must pass the Wine Challenge, held before the annual Spring Gathering in March. Following the instructions of the Master of Wines, Applicants are asked to describe a selection of wines from Neuch\u00e2tel while demonstrating their tasting skills.  <span class=\"Apple-converted-space\"> <\/span><\/p>\n<p>Only then do they become Companions and officially join the Brotherhood. Following this intense and difficult Challenge, they receive a medal and enjoy a hearty Banquet.  <span class=\"Apple-converted-space\"> <\/span><\/p>\n<p>Companions can then participate in the other activities of the Brotherhood, such as the Annual Meeting of the High Council, the Summer Picnic (or Poussenion), or the excellent venison themed Dinner served during the Automn Gathering in November.<\/p>\n<p><img decoding=\"async\" class=\"wp-image-7839 aligncenter\" src=\"https:\/\/winebrotherhoods.org\/wp-content\/uploads\/2025\/01\/LOlifantsymbole.heic\" alt=\"\" width=\"422\" height=\"281\"><\/p>\n<p style=\"text-align: center;\"><i>The Olifant, the main of symbol of the Brotherhood.<\/i><\/p>\n<p>A few Members might have the possibility to join one of the Brotherhood\u2019s Colleges. They are groups of a dozen Members who meet regularly to share knowledge and experiences around a specific theme (such as wine tasting or the art of cooking). <\/p>\n\t\t\t\t\t\t\t\t<\/div>\n\t\t\t\t<\/div>\n\t\t\t\t\t<\/div>\n\t\t<\/div>\n\t\t\t\t\t<\/div>\n\t\t<\/section>\n\t\t\t\t<\/div>\n\t\t","protected":false},"excerpt":{"rendered":"<p>Noble Brotherhood of the Olifants from the Land of Neuch\u00e2tel Case Postale 2765 CH-2001- Neuch\u00e2tel Suisse Gouverneur Pierre-Alain Sumi Vice Gouverneur R\u00e9my Pheulpin Contact: infos@olifants.ch Site: https:\/\/olifants.ch\/ Noble Brotherhood of [&hellip;]<\/p>\n","protected":false},"author":2,"featured_media":1440,"parent":4759,"menu_order":0,"comment_status":"closed","ping_status":"closed","template":"elementor_header_footer","meta":{"footnotes":""},"class_list":["post-4773","page","type-page","status-publish","has-post-thumbnail","hentry"],"jetpack_sharing_enabled":true,"post_mailing_queue_ids":[],"_links":{"self":[{"href":"https:\/\/winebrotherhoods.org\/en\/wp-json\/wp\/v2\/pages\/4773","targetHints":{"allow":["GET"]}}],"collection":[{"href":"https:\/\/winebrotherhoods.org\/en\/wp-json\/wp\/v2\/pages"}],"about":[{"href":"https:\/\/winebrotherhoods.org\/en\/wp-json\/wp\/v2\/types\/page"}],"author":[{"embeddable":true,"href":"https:\/\/winebrotherhoods.org\/en\/wp-json\/wp\/v2\/users\/2"}],"replies":[{"embeddable":true,"href":"https:\/\/winebrotherhoods.org\/en\/wp-json\/wp\/v2\/comments?post=4773"}],"version-history":[{"count":6,"href":"https:\/\/winebrotherhoods.org\/en\/wp-json\/wp\/v2\/pages\/4773\/revisions"}],"predecessor-version":[{"id":7847,"href":"https:\/\/winebrotherhoods.org\/en\/wp-json\/wp\/v2\/pages\/4773\/revisions\/7847"}],"up":[{"embeddable":true,"href":"https:\/\/winebrotherhoods.org\/en\/wp-json\/wp\/v2\/pages\/4759"}],"wp:featuredmedia":[{"embeddable":true,"href":"https:\/\/winebrotherhoods.org\/en\/wp-json\/wp\/v2\/media\/1440"}],"wp:attachment":[{"href":"https:\/\/winebrotherhoods.org\/en\/wp-json\/wp\/v2\/media?parent=4773"}],"curies":[{"name":"wp","href":"https:\/\/api.w.org\/{rel}","templated":true}]}}