{"id":4769,"date":"2022-10-03T01:42:04","date_gmt":"2022-10-02T23:42:04","guid":{"rendered":"https:\/\/winebrotherhoods.org\/brotherhoods\/switzerland-brotherhood\/switzerland-brotherhood-confrerie-du-guillon\/"},"modified":"2023-08-09T12:25:45","modified_gmt":"2023-08-09T10:25:45","slug":"switzerland-brotherhood-confrerie-du-guillon","status":"publish","type":"page","link":"https:\/\/winebrotherhoods.org\/en\/brotherhoods\/switzerland-brotherhood\/switzerland-brotherhood-confrerie-du-guillon\/","title":{"rendered":"SWITZERLAND Brotherhood &#8211; Confr\u00e9rie du Guillon"},"content":{"rendered":"\t\t<div data-elementor-type=\"wp-page\" data-elementor-id=\"4769\" class=\"elementor elementor-4769 elementor-1484\" data-elementor-post-type=\"page\">\n\t\t\t\t\t\t<section class=\"elementor-section elementor-top-section elementor-element elementor-element-ee64093 elementor-section-height-min-height elementor-section-items-top elementor-section-boxed elementor-section-height-default\" data-id=\"ee64093\" data-element_type=\"section\" data-settings=\"{&quot;background_background&quot;:&quot;classic&quot;}\">\n\t\t\t\t\t\t<div class=\"elementor-container elementor-column-gap-default\">\n\t\t\t\t\t<div class=\"elementor-column elementor-col-50 elementor-top-column elementor-element elementor-element-e736100\" data-id=\"e736100\" data-element_type=\"column\" data-settings=\"{&quot;background_background&quot;:&quot;classic&quot;}\">\n\t\t\t<div class=\"elementor-widget-wrap elementor-element-populated\">\n\t\t\t\t\t\t<div class=\"elementor-element elementor-element-7adc0dd elementor-widget elementor-widget-heading\" data-id=\"7adc0dd\" data-element_type=\"widget\" data-widget_type=\"heading.default\">\n\t\t\t\t<div class=\"elementor-widget-container\">\n\t\t\t\t\t<h1 class=\"elementor-heading-title elementor-size-default\">Confr\u00e9rie du Guillon<\/h1>\t\t\t\t<\/div>\n\t\t\t\t<\/div>\n\t\t\t\t<div class=\"elementor-element elementor-element-732f61e elementor-widget__width-initial elementor-widget elementor-widget-text-editor\" data-id=\"732f61e\" data-element_type=\"widget\" data-widget_type=\"text-editor.default\">\n\t\t\t\t<div class=\"elementor-widget-container\">\n\t\t\t\t\t\t\t\t\t<p>Ressat des Investitures du 25 mars 2023 <img fetchpriority=\"high\" decoding=\"async\" src=\"https:\/\/winebrotherhoods.org\/wp-content\/uploads\/2023\/08\/212-300x200.jpeg\" alt=\"\" width=\"300\" height=\"200\"><\/p>\n<p><img decoding=\"async\" src=\"https:\/\/winebrotherhoods.org\/wp-content\/uploads\/2023\/08\/295-300x200.jpeg\" alt=\"\" width=\"300\" height=\"200\"><span style=\"color: var( --e-global-color-accent );\"> <\/span><\/p>\n<\/p>\n<p>History<\/p>\n\t\t\t\t\t\t\t\t<\/div>\n\t\t\t\t<\/div>\n\t\t\t\t<div class=\"elementor-element elementor-element-dacf2ef elementor-widget elementor-widget-text-editor\" data-id=\"dacf2ef\" data-element_type=\"widget\" data-widget_type=\"text-editor.default\">\n\t\t\t\t<div class=\"elementor-widget-container\">\n\t\t\t\t\t\t\t\t\t<div>Created in 1954, the Brotherhood of Guillon aims at illustrating and at promoting vineyards and vaudois wines. <\/div>\n<div>A Governor and about forty Councillors are playing the role of executive.  <\/div>\n<div>The Brotherhood of Guillon organizes fourteen annual ressats in the great Castle of Chillon, by the Lake Geneva.<\/div>\n<div>Ressats pass on the tradition of the meals that farmers and winegrowers share with their helpers <\/div>\n<div>in thankfulness and exaltation after the harvest.<\/div>\t\t\t\t\t\t\t\t<\/div>\n\t\t\t\t<\/div>\n\t\t\t\t<div class=\"elementor-element elementor-element-d312f9a elementor-widget elementor-widget-text-editor\" data-id=\"d312f9a\" data-element_type=\"widget\" data-widget_type=\"text-editor.default\">\n\t\t\t\t<div class=\"elementor-widget-container\">\n\t\t\t\t\t\t\t\t\t<p>Grades<\/p>\n\t\t\t\t\t\t\t\t<\/div>\n\t\t\t\t<\/div>\n\t\t\t\t<div class=\"elementor-element elementor-element-a1030e6 elementor-widget elementor-widget-text-editor\" data-id=\"a1030e6\" data-element_type=\"widget\" data-widget_type=\"text-editor.default\">\n\t\t\t\t<div class=\"elementor-widget-container\">\n\t\t\t\t\t\t\t\t\t<div>The various grades of the Confr\u00e9rie du Guillon are the following:<\/div>\n<div>\u2022 Gouverneur<\/div>\n<div>\u2022 Conseiller : Conseiller actif<\/div>\n<div>\u2022 Conseiller honoraire : Conseiller Em\u00e9rite<\/div>\n<div>\u2022 Pr\u00e9fet : Conseiller repr\u00e9sentant la Confr\u00e9rie dans les Cotterds (stamms)<\/div>\n<div>\u2022 Compagnon d\u2019honneur: Hauts dignitaires du monde des arts, du sport, de la magistrature et de l&#8217;\u00e9conomie<\/div>\n<div>\u2022 Compagnon Jur\u00e9 : Professionnel de la vigne et du vin occupant une fonction clef dans le milieu viti-vinicole suisse et \u00e9tranger<\/div>\n<div>\u2022 Compagnon Majoral: Personnalit\u00e9 clef du monde des arts, du sport, de la magistrature et de l&#8217;\u00e9conomie<\/div>\n<div>\u2022 Ch\u00e2telain d\u2019un soir: Personnalit\u00e9 honor\u00e9e un soir uniquement<\/div>\n<div>\u2022 Compagnons<\/div>\n<div>\u2022 Compagnons minist\u00e9riaux: Collaborateurs directs<\/div>\n<div>\u2022 Commune combourgeoise: Commune amie, propri\u00e9taire de vignes en terre vaudoise<\/div>\n\t\t\t\t\t\t\t\t<\/div>\n\t\t\t\t<\/div>\n\t\t\t\t<div class=\"elementor-element elementor-element-862fd67 elementor-widget elementor-widget-text-editor\" data-id=\"862fd67\" data-element_type=\"widget\" data-widget_type=\"text-editor.default\">\n\t\t\t\t<div class=\"elementor-widget-container\">\n\t\t\t\t\t\t\t\t\t<div><strong>Associate members<\/strong><\/div>\n<div>\u2022 <a href=\"http:\/\/www.revueleguillon.ch\/\">www.revueleguillon.ch<\/a><\/div>\n<div>\u2022 <a href=\"http:\/\/www.museeduvin.ch\/\">www.museeduvin.ch<\/a><\/div>\n<div>\u2022 <a href=\"http:\/\/www.ovv.ch\/\">www.ovv.ch<\/a><\/div>\n<div>\u2022 <a href=\"http:\/\/www.swisswine.ch\/\">www.swisswine.ch<\/a><\/div>\n<div>\u2022 <a href=\"http:\/\/www.terravin.ch\/\">www.terravin.ch<\/a><\/div>\n<div>\u2022 <a href=\"http:\/\/www.mondialduchasselas.com\/\">www.mondialduchasselas.com<\/a><\/div>\n\t\t\t\t\t\t\t\t<\/div>\n\t\t\t\t<\/div>\n\t\t\t\t<div class=\"elementor-element elementor-element-0d42385 elementor-widget elementor-widget-text-editor\" data-id=\"0d42385\" data-element_type=\"widget\" data-widget_type=\"text-editor.default\">\n\t\t\t\t<div class=\"elementor-widget-container\">\n\t\t\t\t\t\t\t\t\t<p>NEWS<\/p>\n\t\t\t\t\t\t\t\t<\/div>\n\t\t\t\t<\/div>\n\t\t\t\t<div class=\"elementor-element elementor-element-3f43639 elementor-widget elementor-widget-image\" data-id=\"3f43639\" data-element_type=\"widget\" data-widget_type=\"image.default\">\n\t\t\t\t<div class=\"elementor-widget-container\">\n\t\t\t\t\t\t\t\t\t\t\t\t\t\t\t<img decoding=\"async\" width=\"300\" height=\"221\" src=\"https:\/\/winebrotherhoods.org\/wp-content\/uploads\/2022\/10\/Guillon_Chateau_Chillon.jpg\" class=\"attachment-medium size-medium wp-image-1493\" alt=\"Guillon Chateau Chillon\" \/>\t\t\t\t\t\t\t\t\t\t\t\t\t\t\t<\/div>\n\t\t\t\t<\/div>\n\t\t\t\t<div class=\"elementor-element elementor-element-131e5b6 elementor-widget elementor-widget-text-editor\" data-id=\"131e5b6\" data-element_type=\"widget\" data-widget_type=\"text-editor.default\">\n\t\t\t\t<div class=\"elementor-widget-container\">\n\t\t\t\t\t\t\t\t\t<p>All events available at <a href=\"http:\/\/www.guillon.ch\/\">www.guillon.ch<\/a> &#8211; Activit\u00e9s &#8211; Agenda<\/p>\n\t\t\t\t\t\t\t\t<\/div>\n\t\t\t\t<\/div>\n\t\t\t\t\t<\/div>\n\t\t<\/div>\n\t\t\t\t<div class=\"elementor-column elementor-col-50 elementor-top-column elementor-element elementor-element-f5847ea sticky-column\" data-id=\"f5847ea\" data-element_type=\"column\">\n\t\t\t<div class=\"elementor-widget-wrap elementor-element-populated\">\n\t\t\t\t\t\t<section class=\"elementor-section elementor-inner-section elementor-element elementor-element-b1d0c25 sticky-parent elementor-section-boxed elementor-section-height-default elementor-section-height-default\" data-id=\"b1d0c25\" data-element_type=\"section\">\n\t\t\t\t\t\t<div class=\"elementor-container elementor-column-gap-default\">\n\t\t\t\t\t<div class=\"elementor-column elementor-col-100 elementor-inner-column elementor-element elementor-element-3aa9316\" data-id=\"3aa9316\" data-element_type=\"column\" data-settings=\"{&quot;background_background&quot;:&quot;classic&quot;}\">\n\t\t\t<div class=\"elementor-widget-wrap elementor-element-populated\">\n\t\t\t\t\t\t<div class=\"elementor-element elementor-element-308817d elementor-widget elementor-widget-image\" data-id=\"308817d\" data-element_type=\"widget\" data-widget_type=\"image.default\">\n\t\t\t\t<div class=\"elementor-widget-container\">\n\t\t\t\t\t\t\t\t\t\t\t\t\t\t\t<img loading=\"lazy\" decoding=\"async\" width=\"300\" height=\"144\" src=\"https:\/\/winebrotherhoods.org\/wp-content\/uploads\/2022\/10\/Guillon09.jpg\" class=\"attachment-medium size-medium wp-image-1486\" alt=\"Guillon09\" \/>\t\t\t\t\t\t\t\t\t\t\t\t\t\t\t<\/div>\n\t\t\t\t<\/div>\n\t\t\t\t<div class=\"elementor-element elementor-element-381dcc7 elementor-widget elementor-widget-text-editor\" data-id=\"381dcc7\" data-element_type=\"widget\" data-widget_type=\"text-editor.default\">\n\t\t\t\t<div class=\"elementor-widget-container\">\n\t\t\t\t\t\t\t\t\t<p>Chemin de la C\u00f4te-\u00e0-deux-Sous 6<br \/>CH- 1052 Le Mont-sur-Lausanne<br \/>T\u00e9l. : +41 21 729 41 54<br \/><a href=\"mailto:info@guillon.ch\">info@guillon.ch<\/a><br \/><a href=\"http:\/\/www.guillon.ch\/\">www.guillon.ch<\/a>          <\/p>\n<p><strong>Contact<\/strong> : Eric Loup &amp; Claude Piubellini<\/p>\n<p><strong>Secr\u00e9tariat<\/strong> : Sylvie Niklaus &amp; S\u00e9verine Maire<\/p>\n<p><strong>Gouvernance<\/strong><br \/>Gouverneur : Eric Loup<\/p>\n<p>Conn\u00e9table &amp; Lieutenant-Gouvernal : Christian Roussy<\/p>\n<p>Lieutenant-Gouvernal :Claude Piubellini<\/p>\n<p>Chancelier : Edouard Chollet<\/p>\n<p>Pr\u00e9vots : Pascal Besnard &amp; Raoul Cruchon<\/p>\n<p>L\u00e9gat : Claude-Alain Mayor<\/p>\n<p>Conseiller au Tr\u00e9sor : Pascal Udry<\/p>\n<p>Tabellion : David Moginier<\/p>\n\t\t\t\t\t\t\t\t<\/div>\n\t\t\t\t<\/div>\n\t\t\t\t\t<\/div>\n\t\t<\/div>\n\t\t\t\t\t<\/div>\n\t\t<\/section>\n\t\t\t\t\t<\/div>\n\t\t<\/div>\n\t\t\t\t\t<\/div>\n\t\t<\/section>\n\t\t\t\t<\/div>\n\t\t","protected":false},"excerpt":{"rendered":"<p>Confr\u00e9rie du Guillon Ressat des Investitures du 25 mars 2023 History Created in 1954, the Brotherhood of Guillon aims at illustrating and at promoting vineyards and vaudois wines. A Governor [&hellip;]<\/p>\n","protected":false},"author":2,"featured_media":1486,"parent":4759,"menu_order":0,"comment_status":"closed","ping_status":"closed","template":"elementor_header_footer","meta":{"footnotes":""},"class_list":["post-4769","page","type-page","status-publish","has-post-thumbnail","hentry"],"jetpack_sharing_enabled":true,"post_mailing_queue_ids":[],"_links":{"self":[{"href":"https:\/\/winebrotherhoods.org\/en\/wp-json\/wp\/v2\/pages\/4769","targetHints":{"allow":["GET"]}}],"collection":[{"href":"https:\/\/winebrotherhoods.org\/en\/wp-json\/wp\/v2\/pages"}],"about":[{"href":"https:\/\/winebrotherhoods.org\/en\/wp-json\/wp\/v2\/types\/page"}],"author":[{"embeddable":true,"href":"https:\/\/winebrotherhoods.org\/en\/wp-json\/wp\/v2\/users\/2"}],"replies":[{"embeddable":true,"href":"https:\/\/winebrotherhoods.org\/en\/wp-json\/wp\/v2\/comments?post=4769"}],"version-history":[{"count":3,"href":"https:\/\/winebrotherhoods.org\/en\/wp-json\/wp\/v2\/pages\/4769\/revisions"}],"predecessor-version":[{"id":6338,"href":"https:\/\/winebrotherhoods.org\/en\/wp-json\/wp\/v2\/pages\/4769\/revisions\/6338"}],"up":[{"embeddable":true,"href":"https:\/\/winebrotherhoods.org\/en\/wp-json\/wp\/v2\/pages\/4759"}],"wp:featuredmedia":[{"embeddable":true,"href":"https:\/\/winebrotherhoods.org\/en\/wp-json\/wp\/v2\/media\/1486"}],"wp:attachment":[{"href":"https:\/\/winebrotherhoods.org\/en\/wp-json\/wp\/v2\/media?parent=4769"}],"curies":[{"name":"wp","href":"https:\/\/api.w.org\/{rel}","templated":true}]}}