{"id":4763,"date":"2022-10-03T01:27:13","date_gmt":"2022-10-02T23:27:13","guid":{"rendered":"https:\/\/winebrotherhoods.org\/brotherhoods\/switzerland-brotherhood\/switzerland-brotherhood-association-des-gourmettes\/"},"modified":"2023-04-07T13:52:53","modified_gmt":"2023-04-07T11:52:53","slug":"switzerland-brotherhood-association-des-gourmettes","status":"publish","type":"page","link":"https:\/\/winebrotherhoods.org\/en\/brotherhoods\/switzerland-brotherhood\/switzerland-brotherhood-association-des-gourmettes\/","title":{"rendered":"SWITZERLAND Brotherhood &#8211; Association des Gourmettes"},"content":{"rendered":"\t\t<div data-elementor-type=\"wp-page\" data-elementor-id=\"4763\" class=\"elementor elementor-4763 elementor-1447\" data-elementor-post-type=\"page\">\n\t\t\t\t\t\t<section class=\"elementor-section elementor-top-section elementor-element elementor-element-ee64093 elementor-section-height-min-height elementor-section-items-top elementor-section-boxed elementor-section-height-default\" data-id=\"ee64093\" data-element_type=\"section\" data-settings=\"{&quot;background_background&quot;:&quot;classic&quot;}\">\n\t\t\t\t\t\t<div class=\"elementor-container elementor-column-gap-default\">\n\t\t\t\t\t<div class=\"elementor-column elementor-col-50 elementor-top-column elementor-element elementor-element-e736100\" data-id=\"e736100\" data-element_type=\"column\" data-settings=\"{&quot;background_background&quot;:&quot;classic&quot;}\">\n\t\t\t<div class=\"elementor-widget-wrap elementor-element-populated\">\n\t\t\t\t\t\t<div class=\"elementor-element elementor-element-7adc0dd elementor-widget elementor-widget-heading\" data-id=\"7adc0dd\" data-element_type=\"widget\" data-widget_type=\"heading.default\">\n\t\t\t\t<div class=\"elementor-widget-container\">\n\t\t\t\t\t<h1 class=\"elementor-heading-title elementor-size-default\">Association des Gourmettes<\/h1>\t\t\t\t<\/div>\n\t\t\t\t<\/div>\n\t\t\t\t<div class=\"elementor-element elementor-element-5237ecd elementor-widget elementor-widget-image\" data-id=\"5237ecd\" data-element_type=\"widget\" data-widget_type=\"image.default\">\n\t\t\t\t<div class=\"elementor-widget-container\">\n\t\t\t\t\t\t\t\t\t\t\t\t\t\t\t<img fetchpriority=\"high\" decoding=\"async\" width=\"517\" height=\"428\" src=\"https:\/\/winebrotherhoods.org\/wp-content\/uploads\/2023\/04\/2023-Photo-du-Conseil-des-Gourmettes.jpg\" class=\"attachment-full size-full wp-image-5799\" alt=\"\" srcset=\"https:\/\/winebrotherhoods.org\/wp-content\/uploads\/2023\/04\/2023-Photo-du-Conseil-des-Gourmettes.jpg 517w, https:\/\/winebrotherhoods.org\/wp-content\/uploads\/2023\/04\/2023-Photo-du-Conseil-des-Gourmettes-300x248.jpg 300w\" sizes=\"(max-width: 517px) 100vw, 517px\" \/>\t\t\t\t\t\t\t\t\t\t\t\t\t\t\t<\/div>\n\t\t\t\t<\/div>\n\t\t\t\t<div class=\"elementor-element elementor-element-dacf2ef elementor-widget elementor-widget-text-editor\" data-id=\"dacf2ef\" data-element_type=\"widget\" data-widget_type=\"text-editor.default\">\n\t\t\t\t<div class=\"elementor-widget-container\">\n\t\t\t\t\t\t\t\t\t<section id=\"associated\">L&#8217;Association des Gourmettes est une confr\u00e9rie f\u00e9minine bachique, gastronomique et artistique, fond\u00e9e en 1978 regroupant 20 sections r\u00e9parties en Suisse romande et Tessin.<\/p>\n<p>Elles consid\u00e8rent la cuisine comme un art, un plaisir fait de partage et se retrouvent mensuellement par section, pour r\u00e9aliser un repas gastronomique.<\/p>\n<p>Le membre actif participe \u00e0 toutes les rencontres (en moyenne 8 par ann\u00e9e) et passe en cuisine selon un planning.<\/p>\n<p>Le membre \u00ab amie \u00bb participe occasionnellement aux rencontres.<\/p>\n<p><img decoding=\"async\" class=\"size-full wp-image-5807 aligncenter\" src=\"https:\/\/winebrotherhoods.org\/wp-content\/uploads\/2023\/04\/2023-Photo-Presidente-des-Gourmettes.jpg\" alt=\"\" width=\"222\" height=\"255\"><\/p>\n<p style=\"text-align: center;\">La pr\u00e9sidente Fran\u00e7oise Vautier<\/p>\n<\/section>\n\t\t\t\t\t\t\t\t<\/div>\n\t\t\t\t<\/div>\n\t\t\t\t<div class=\"elementor-element elementor-element-732f61e elementor-widget elementor-widget-text-editor\" data-id=\"732f61e\" data-element_type=\"widget\" data-widget_type=\"text-editor.default\">\n\t\t\t\t<div class=\"elementor-widget-container\">\n\t\t\t\t\t\t\t\t\t<p>NEWS<\/p>\n\t\t\t\t\t\t\t\t<\/div>\n\t\t\t\t<\/div>\n\t\t\t\t<div class=\"elementor-element elementor-element-862fd67 elementor-widget elementor-widget-text-editor\" data-id=\"862fd67\" data-element_type=\"widget\" data-widget_type=\"text-editor.default\">\n\t\t\t\t<div class=\"elementor-widget-container\">\n\t\t\t\t\t\t\t\t\t<blockquote>\n<div dir=\"ltr\">\n<div dir=\"ltr\">\n<div>\n<p align=\"left\"><em><span style=\"color: #242424;\">Ev\u00e8nement: 26 ao\u00fbt 2023: 1er concours de cuisine gastronomique en plein air, \u00e0 la cantine de Sauvabelin, \u00e0 Lausanne<\/span><\/em><\/p>\n<\/div>\n<\/div>\n<\/div>\n<\/blockquote>\n<p>.<\/p>\n\t\t\t\t\t\t\t\t<\/div>\n\t\t\t\t<\/div>\n\t\t\t\t\t<\/div>\n\t\t<\/div>\n\t\t\t\t<div class=\"elementor-column elementor-col-50 elementor-top-column elementor-element elementor-element-f5847ea sticky-column\" data-id=\"f5847ea\" data-element_type=\"column\">\n\t\t\t<div class=\"elementor-widget-wrap elementor-element-populated\">\n\t\t\t\t\t\t<section class=\"elementor-section elementor-inner-section elementor-element elementor-element-b1d0c25 sticky-parent elementor-section-boxed elementor-section-height-default elementor-section-height-default\" data-id=\"b1d0c25\" data-element_type=\"section\">\n\t\t\t\t\t\t<div class=\"elementor-container elementor-column-gap-default\">\n\t\t\t\t\t<div class=\"elementor-column elementor-col-100 elementor-inner-column elementor-element elementor-element-3aa9316\" data-id=\"3aa9316\" data-element_type=\"column\" data-settings=\"{&quot;background_background&quot;:&quot;classic&quot;}\">\n\t\t\t<div class=\"elementor-widget-wrap elementor-element-populated\">\n\t\t\t\t\t\t<div class=\"elementor-element elementor-element-381dcc7 elementor-widget elementor-widget-text-editor\" data-id=\"381dcc7\" data-element_type=\"widget\" data-widget_type=\"text-editor.default\">\n\t\t\t\t<div class=\"elementor-widget-container\">\n\t\t\t\t\t\t\t\t\t<p>Case postale 5174<\/p>\n<p>CH-1000 Lausanne<\/p>\n<p>T\u00e9l.: +41\/79 <em style=\"color: #000000;\">449 71 39<\/em><\/p>\n<p><strong>Pr\u00e9sidente du Conseil<\/strong><\/p>\n<blockquote>\n<div dir=\"ltr\">\n<div dir=\"ltr\">\n<div>\n<p align=\"left\"><span style=\"color: #000000;\"><em>Fran\u00e7oise Vautier<\/em><\/span><\/p>\n<\/div>\n<\/div>\n<\/div>\n<\/blockquote>\n<p><strong>Secr\u00e9taire du Conseil<\/strong><\/p>\n<blockquote>\n<div dir=\"ltr\">\n<div dir=\"ltr\">\n<div>\n<p align=\"left\"><span style=\"color: #000000;\"><em>Martine Cretegny<\/em><\/span><\/p>\n<\/div>\n<\/div>\n<\/div>\n<\/blockquote>\n<p><strong>Contact<\/strong> : <em><span style=\"color: #000000;\"><a href=\"mailto:francoise.vautier@bluewin.ch\">francoise.vautier@bluewin.ch<\/a><\/span><\/em><\/p>\n<p><strong>Site<\/strong> : <a href=\"http:\/\/www.gourmettes.ch\/\">www.gourmettes.ch<\/a><\/p>\n\t\t\t\t\t\t\t\t<\/div>\n\t\t\t\t<\/div>\n\t\t\t\t\t<\/div>\n\t\t<\/div>\n\t\t\t\t\t<\/div>\n\t\t<\/section>\n\t\t\t\t\t<\/div>\n\t\t<\/div>\n\t\t\t\t\t<\/div>\n\t\t<\/section>\n\t\t\t\t<\/div>\n\t\t","protected":false},"excerpt":{"rendered":"<p>Association des Gourmettes L&#8217;Association des Gourmettes est une confr\u00e9rie f\u00e9minine bachique, gastronomique et artistique, fond\u00e9e en 1978 regroupant 20 sections r\u00e9parties en Suisse romande et Tessin. Elles consid\u00e8rent la cuisine [&hellip;]<\/p>\n","protected":false},"author":2,"featured_media":1449,"parent":4759,"menu_order":0,"comment_status":"closed","ping_status":"closed","template":"elementor_header_footer","meta":{"footnotes":""},"class_list":["post-4763","page","type-page","status-publish","has-post-thumbnail","hentry"],"jetpack_sharing_enabled":true,"post_mailing_queue_ids":[],"_links":{"self":[{"href":"https:\/\/winebrotherhoods.org\/en\/wp-json\/wp\/v2\/pages\/4763","targetHints":{"allow":["GET"]}}],"collection":[{"href":"https:\/\/winebrotherhoods.org\/en\/wp-json\/wp\/v2\/pages"}],"about":[{"href":"https:\/\/winebrotherhoods.org\/en\/wp-json\/wp\/v2\/types\/page"}],"author":[{"embeddable":true,"href":"https:\/\/winebrotherhoods.org\/en\/wp-json\/wp\/v2\/users\/2"}],"replies":[{"embeddable":true,"href":"https:\/\/winebrotherhoods.org\/en\/wp-json\/wp\/v2\/comments?post=4763"}],"version-history":[{"count":4,"href":"https:\/\/winebrotherhoods.org\/en\/wp-json\/wp\/v2\/pages\/4763\/revisions"}],"predecessor-version":[{"id":5816,"href":"https:\/\/winebrotherhoods.org\/en\/wp-json\/wp\/v2\/pages\/4763\/revisions\/5816"}],"up":[{"embeddable":true,"href":"https:\/\/winebrotherhoods.org\/en\/wp-json\/wp\/v2\/pages\/4759"}],"wp:featuredmedia":[{"embeddable":true,"href":"https:\/\/winebrotherhoods.org\/en\/wp-json\/wp\/v2\/media\/1449"}],"wp:attachment":[{"href":"https:\/\/winebrotherhoods.org\/en\/wp-json\/wp\/v2\/media?parent=4763"}],"curies":[{"name":"wp","href":"https:\/\/api.w.org\/{rel}","templated":true}]}}