{"id":4761,"date":"2022-10-03T01:46:53","date_gmt":"2022-10-02T23:46:53","guid":{"rendered":"https:\/\/winebrotherhoods.org\/brotherhoods\/switzerland-brotherhood\/switzerland-brotherhood-academie-du-cep\/"},"modified":"2025-08-23T11:47:29","modified_gmt":"2025-08-23T09:47:29","slug":"switzerland-brotherhood-academie-du-cep","status":"publish","type":"page","link":"https:\/\/winebrotherhoods.org\/en\/brotherhoods\/switzerland-brotherhood\/switzerland-brotherhood-academie-du-cep\/","title":{"rendered":"SWITZERLAND Brotherhood &#8211; Acad\u00e9mie du Cep"},"content":{"rendered":"\t\t<div data-elementor-type=\"wp-page\" data-elementor-id=\"4761\" class=\"elementor elementor-4761 elementor-1497\" data-elementor-post-type=\"page\">\n\t\t\t\t\t\t<section class=\"elementor-section elementor-top-section elementor-element elementor-element-ee64093 elementor-section-height-min-height elementor-section-items-top elementor-section-boxed elementor-section-height-default\" data-id=\"ee64093\" data-element_type=\"section\" data-settings=\"{&quot;background_background&quot;:&quot;classic&quot;}\">\n\t\t\t\t\t\t<div class=\"elementor-container elementor-column-gap-default\">\n\t\t\t\t\t<div class=\"elementor-column elementor-col-50 elementor-top-column elementor-element elementor-element-e736100\" data-id=\"e736100\" data-element_type=\"column\" data-settings=\"{&quot;background_background&quot;:&quot;classic&quot;}\">\n\t\t\t<div class=\"elementor-widget-wrap elementor-element-populated\">\n\t\t\t\t\t\t<div class=\"elementor-element elementor-element-7adc0dd elementor-widget elementor-widget-heading\" data-id=\"7adc0dd\" data-element_type=\"widget\" data-widget_type=\"heading.default\">\n\t\t\t\t<div class=\"elementor-widget-container\">\n\t\t\t\t\t<h1 class=\"elementor-heading-title elementor-size-default\">Acad\u00e9mie du Cep<\/h1>\t\t\t\t<\/div>\n\t\t\t\t<\/div>\n\t\t\t\t<div class=\"elementor-element elementor-element-5237ecd elementor-widget elementor-widget-image\" data-id=\"5237ecd\" data-element_type=\"widget\" data-widget_type=\"image.default\">\n\t\t\t\t<div class=\"elementor-widget-container\">\n\t\t\t\t\t\t\t\t\t\t\t\t\t\t\t<img fetchpriority=\"high\" decoding=\"async\" width=\"300\" height=\"200\" src=\"https:\/\/winebrotherhoods.org\/wp-content\/uploads\/2022\/10\/Acacep_Conseil_2018.jpg\" class=\"attachment-medium size-medium wp-image-1502\" alt=\"Acacep Conseil 2018\" \/>\t\t\t\t\t\t\t\t\t\t\t\t\t\t\t<\/div>\n\t\t\t\t<\/div>\n\t\t\t\t<div class=\"elementor-element elementor-element-5f39d24 elementor-widget elementor-widget-text-editor\" data-id=\"5f39d24\" data-element_type=\"widget\" data-widget_type=\"text-editor.default\">\n\t\t\t\t<div class=\"elementor-widget-container\">\n\t\t\t\t\t\t\t\t\t<p>L\u2019Acad\u00e9mie du Cep s\u2019est efforc\u00e9e de promouvoir l\u2019esprit bachique 60 ans durant, et plus sp\u00e9cialement \u00e0 l\u2019occasion d\u2019\u00e9v\u00e9nements riches et hauts en couleur.<\/p>\n\t\t\t\t\t\t\t\t<\/div>\n\t\t\t\t<\/div>\n\t\t\t\t<div class=\"elementor-element elementor-element-dacf2ef elementor-widget elementor-widget-text-editor\" data-id=\"dacf2ef\" data-element_type=\"widget\" data-widget_type=\"text-editor.default\">\n\t\t\t\t<div class=\"elementor-widget-container\">\n\t\t\t\t\t\t\t\t\t<section id=\"associated\">\n<div>Depuis qu\u2019elle a \u00e9t\u00e9 fond\u00e9e le 21 octobre 1953, par Gustave et Robert Desbaillet, l\u2019Acad\u00e9mie du Cep n\u2019a eu de cesse de faire d\u00e9couvrir \u00e0 ses membres actifs et d\u2019honneur de nouvelles techniques et de leur faire d\u00e9guster des vins et des mets vari\u00e9s, tant\u00f4t au cours d\u2019excursions, tant\u00f4t le temps d\u2019une soir\u00e9e gastronomique et amicale. La premi\u00e8re ann\u00e9e, au printemps 1954, 113 membres se rendent ainsi au Ch\u00e2teau de Dardagny pour prendre part au chapitre de l\u2019amiti\u00e9 franco-suisse. A la fin octobre1965, ils se retrouvent \u00e0 la salle des f\u00eates d\u2019Onex pour le chapitre rhodanien \u2212 comme en rappel de cette amiti\u00e9 c\u00e9l\u00e9br\u00e9e nagu\u00e8re, des Fran\u00e7ais de l\u2019acad\u00e9mie proven\u00e7ale font le d\u00e9placement. Fastueuses ann\u00e9es soixante, elles marquent un tournant dans l\u2019histoire de l\u2019Acad\u00e9mie. La r\u00e9union de Cologny, avec l\u2019American club, en novembre 1967, est ambitieuse et tourne autour du chapitre transatlantique; le mois suivant, l\u2019Acad\u00e9mie se retrouve \u00e0 nouveau pour s\u2019entretenir du coteau de Champagne, \u00e0 l\u2019H\u00f4tel Intercontinental.<\/div>\n<div> <\/div>\n<div>Devan\u00e7ant les agitations europ\u00e9ennes de l\u2019ann\u00e9e 1968, l\u2019assembl\u00e9e g\u00e9n\u00e9rale de fin janvier d\u00e9cide \u00e0 l\u2019\u00e9crasante majorit\u00e9 (52 oui, 6 non) de devenir ind\u00e9pendante de l\u2019Association nationale des amis du vin, cr\u00e9\u00e9e en 1950, qui n\u2019a d\u00e8s lors plus de sections dans le canton de Gen\u00e8ve. En cette ann\u00e9e de 15e anniversaire, l\u2019Acad\u00e9mie tient son vingti\u00e8me chapitre, le mois de novembre de 1968 est donc doublement festif. La d\u00e9cennie s\u2019ach\u00e8ve sur un voyage printanier de trois jours en Champagne. Les ann\u00e9es septante accentuent l\u2019ouverture sur le monde et sur la Suisse. Les excursions se font tant en Bourgogne et dans le Beaujolais (1974) qu\u2019\u00e0 Gstaad (1976). La F\u00eate des vignerons de Vevey, qui a lieu la premi\u00e8re quinzaine d\u2019ao\u00fbt 1977, est un incontournable auquel prend part l\u2019Acad\u00e9mie, bien entendu. Presque trente ans apr\u00e8s, en octobre 2005, c\u2019est pour la journ\u00e9e genevoise de la foire de Saint- Gall que la confr\u00e9rie se d\u00e9place, avec la soci\u00e9t\u00e9 des Vieux-Grenadiers.<\/div>\n<div> <\/div>\n<div>En 2008, l\u2019Acad\u00e9mie du Cep participe \u00e0 18 manifestations, au nombre desquelles la Saint-Vincent d\u2019Angers (en janvier), la confr\u00e9rie des Gourmettes \u00e0 Monthey (en mars) et la F\u00e9d\u00e9ration suisse des confr\u00e9ries bachiques et gastronomiques \u00e0 Neuch\u00e2tel en avril. La F\u00eate des vendanges \u00e0 Russin est marqu\u00e9e par l\u2019intronisation de l\u2019ancien pr\u00e9sident de la conf\u00e9d\u00e9ration, Adolf Ogi. Deux ans plus tard, durant le m\u00eame \u00e9v\u00e9nement, l\u2019Acad\u00e9mie intronise 16 nouveaux membres et proc\u00e8de \u00e0 13 \u00e9l\u00e9vations de grade. Le lendemain, le Conseil de l\u2019Ordre, en grande tenue, fait une haie d\u2019honneur aux ambassadeurs \u00e9trangers aupr\u00e8s de l\u2019ONU, \u00e0 la ferme Pittet et l\u2019Acad\u00e9mie s\u2019honore d\u2019introniser l\u2019ancien pr\u00e9sident de la Conf\u00e9d\u00e9ration, Pascal Couchepin, au grade de Chevalier d\u2019Honneur. En 60 ans, plusieurs invit\u00e9s de marque se sont ainsi associ\u00e9s \u00e0 l\u2019Acad\u00e9mie et lui ont fait l\u2019honneur de leur pr\u00e9sence, notamment Paul Chaudet, ancien pr\u00e9sident de la Conf\u00e9d\u00e9ration (1976), mais aussi les nombreuses confr\u00e9ries affili\u00e9es \u00e0 la f\u00e9d\u00e9ration: le Guillon (1974), l\u2019Ordre de la Channe (1976) ou encore, \u00e0 l\u2019\u00e9tranger, la Commanderie des gastronomes des ch\u00e2teaux desVal de Loire (1990).<\/div>\n<div> <\/div>\n<div>Le jour anniversaire des 60 ans, le 21 octobre, est la plus grande des \u00abpierres blanches\u00bb de cette ann\u00e9e 2013.<\/div>\n<\/section>\n\t\t\t\t\t\t\t\t<\/div>\n\t\t\t\t<\/div>\n\t\t\t\t<div class=\"elementor-element elementor-element-732f61e elementor-widget elementor-widget-text-editor\" data-id=\"732f61e\" data-element_type=\"widget\" data-widget_type=\"text-editor.default\">\n\t\t\t\t<div class=\"elementor-widget-container\">\n\t\t\t\t\t\t\t\t\t<p>NEWS<\/p>\n\t\t\t\t\t\t\t\t<\/div>\n\t\t\t\t<\/div>\n\t\t\t\t<div class=\"elementor-element elementor-element-862fd67 elementor-widget elementor-widget-text-editor\" data-id=\"862fd67\" data-element_type=\"widget\" data-widget_type=\"text-editor.default\">\n\t\t\t\t<div class=\"elementor-widget-container\">\n\t\t\t\t\t\t\t\t\t<p><strong>Jacques JEANNERAT takes over from Francis MOTTAZ as Grand Ma\u00eetre of the Acad\u00e9mie du Cep<\/strong><\/p>\n\t\t\t\t\t\t\t\t<\/div>\n\t\t\t\t<\/div>\n\t\t\t\t<div class=\"elementor-element elementor-element-5ed9492 elementor-widget elementor-widget-text-editor\" data-id=\"5ed9492\" data-element_type=\"widget\" data-widget_type=\"text-editor.default\">\n\t\t\t\t<div class=\"elementor-widget-container\">\n\t\t\t\t\t\t\t\t\t<p>At its 62nd General Assembly held on 15 April 2015, Jacques JEANNERAT was elected as Grand Ma\u00eetre of the Acad\u00e9mie du Cep. He succeeds Francis MOTTAZ who, having been for ten years at the head of the Brotherhood, wished to hand over. <\/p>\n<p>Jacques JEANNERAT , who was the Grand Argentier (=Treasurer), was elected unanimously. He is Director of the Chamber of Commerce, Industry and Services of the Canton of Geneva (CCIG) and a former member of Parliament from this canton. In his acceptance speech, he thanked wholeheartedly his predecessor for his engagement over the decade, and then expressed his gratitude to the members of the Acad\u00e9mie who entrusted him. Member of the Acad\u00e9mie du Cep since 2004, Jacques JEANNERAT is committed to follow on Francis MOTTAZ&#8217;s action and, like him, defend and promote the Geneva wine area.  <\/p>\n\t\t\t\t\t\t\t\t<\/div>\n\t\t\t\t<\/div>\n\t\t\t\t<div class=\"elementor-element elementor-element-3cb3b14 elementor-widget elementor-widget-image\" data-id=\"3cb3b14\" data-element_type=\"widget\" data-widget_type=\"image.default\">\n\t\t\t\t<div class=\"elementor-widget-container\">\n\t\t\t\t\t\t\t\t\t\t\t\t<figure class=\"wp-caption\">\n\t\t\t\t\t\t\t\t\t\t<img decoding=\"async\" width=\"300\" height=\"225\" src=\"https:\/\/winebrotherhoods.org\/wp-content\/uploads\/2022\/10\/AcaCep_Macon1bis.jpg\" class=\"attachment-medium size-medium wp-image-1504\" alt=\"AcaCep Macon1bis\" \/>\t\t\t\t\t\t\t\t\t\t\t<figcaption class=\"widget-image-caption wp-caption-text\">Jacques JEANNERAT and Francis MOTTAZ<\/figcaption>\n\t\t\t\t\t\t\t\t\t\t<\/figure>\n\t\t\t\t\t\t\t\t\t<\/div>\n\t\t\t\t<\/div>\n\t\t\t\t<div class=\"elementor-element elementor-element-9bbc35f elementor-widget elementor-widget-text-editor\" data-id=\"9bbc35f\" data-element_type=\"widget\" data-widget_type=\"text-editor.default\">\n\t\t\t\t<div class=\"elementor-widget-container\">\n\t\t\t\t\t\t\t\t\t<p><strong>D\u00e9gustation de vins de France<\/strong><\/p>\n\t\t\t\t\t\t\t\t<\/div>\n\t\t\t\t<\/div>\n\t\t\t\t<div class=\"elementor-element elementor-element-c34688e elementor-widget elementor-widget-text-editor\" data-id=\"c34688e\" data-element_type=\"widget\" data-widget_type=\"text-editor.default\">\n\t\t\t\t<div class=\"elementor-widget-container\">\n\t\t\t\t\t\t\t\t\t<div>Le Conseil de l&#8217;Ordre de l&#8217;Acad\u00e9mie du Cep vous propose une d\u00e9gustation gratuite, organis\u00e9e par le Pr\u00e9sident du Concours des vins de M\u00e2con, Mr Bernard DELAYE , Mme la Consule G\u00e9n\u00e9rale de France , Odile SOUPISON, en pr\u00e9sence de Mr Luc BARTHASSAT, Conseiller d &#8216;Etat<\/div>\n<div>La d\u00e9gustation se fera en regroupant diverses r\u00e9gions de France.<\/div>\n<div> <\/div>\n<div>Elle aura lieu :<\/div>\n<div> <\/div>\n<div><strong>Le mardi 22 mars 2016 de 18h30 \u00e0 20h<\/strong><\/div>\n<div>Au restaurant C\u00f4t\u00e9 Cour, C\u00f4t\u00e9 Jardin<\/div>\n\t\t\t\t\t\t\t\t<\/div>\n\t\t\t\t<\/div>\n\t\t\t\t<div class=\"elementor-element elementor-element-8d167c9 elementor-align-justify elementor-widget elementor-widget-button\" data-id=\"8d167c9\" data-element_type=\"widget\" data-widget_type=\"button.default\">\n\t\t\t\t<div class=\"elementor-widget-container\">\n\t\t\t\t\t\t\t\t\t<div class=\"elementor-button-wrapper\">\n\t\t\t\t\t<a class=\"elementor-button elementor-button-link elementor-size-sm\" href=\"https:\/\/winebrotherhoods.org\/wp-content\/uploads\/2022\/10\/invitation22.03.2016.pptx\">\n\t\t\t\t\t\t<span class=\"elementor-button-content-wrapper\">\n\t\t\t\t\t\t\t\t\t<span class=\"elementor-button-text\">Invitation<\/span>\n\t\t\t\t\t<\/span>\n\t\t\t\t\t<\/a>\n\t\t\t\t<\/div>\n\t\t\t\t\t\t\t\t<\/div>\n\t\t\t\t<\/div>\n\t\t\t\t\t<\/div>\n\t\t<\/div>\n\t\t\t\t<div class=\"elementor-column elementor-col-50 elementor-top-column elementor-element elementor-element-f5847ea sticky-column\" data-id=\"f5847ea\" data-element_type=\"column\">\n\t\t\t<div class=\"elementor-widget-wrap elementor-element-populated\">\n\t\t\t\t\t\t<section class=\"elementor-section elementor-inner-section elementor-element elementor-element-b1d0c25 sticky-parent elementor-section-boxed elementor-section-height-default elementor-section-height-default\" data-id=\"b1d0c25\" data-element_type=\"section\">\n\t\t\t\t\t\t<div class=\"elementor-container elementor-column-gap-default\">\n\t\t\t\t\t<div class=\"elementor-column elementor-col-100 elementor-inner-column elementor-element elementor-element-3aa9316\" data-id=\"3aa9316\" data-element_type=\"column\" data-settings=\"{&quot;background_background&quot;:&quot;classic&quot;}\">\n\t\t\t<div class=\"elementor-widget-wrap elementor-element-populated\">\n\t\t\t\t\t\t<div class=\"elementor-element elementor-element-6579fc2 elementor-widget elementor-widget-image\" data-id=\"6579fc2\" data-element_type=\"widget\" data-widget_type=\"image.default\">\n\t\t\t\t<div class=\"elementor-widget-container\">\n\t\t\t\t\t\t\t\t\t\t\t\t\t\t\t<img decoding=\"async\" width=\"80\" height=\"76\" src=\"https:\/\/winebrotherhoods.org\/wp-content\/uploads\/2022\/10\/logo-acaducep.png\" class=\"attachment-medium size-medium wp-image-1499\" alt=\"logo acaducep\" \/>\t\t\t\t\t\t\t\t\t\t\t\t\t\t\t<\/div>\n\t\t\t\t<\/div>\n\t\t\t\t<div class=\"elementor-element elementor-element-381dcc7 elementor-widget elementor-widget-text-editor\" data-id=\"381dcc7\" data-element_type=\"widget\" data-widget_type=\"text-editor.default\">\n\t\t\t\t<div class=\"elementor-widget-container\">\n\t\t\t\t\t\t\t\t\t<p><strong>Address:<\/strong><br \/>Case Postale 5002<br \/>CH- 1211 Gen\u00e8ve 3<br \/>Suisse<\/p><p><strong>T\u00e9l.<\/strong>: +41 76 316 45 30<\/p><p><strong>Grand Ma\u00eetre : <\/strong>Jacques JEANNERAT<\/p><p><strong>Grand Argentier<\/strong>: Eric BESSON<\/p><p><strong>Secr\u00e9taire g\u00e9n\u00e9rale:<\/strong> Nadine GUYONY ORSOR<\/p><p><strong>Contact<\/strong>: info@acaducep.ch<\/p><p><strong>Site:<\/strong> <a href=\"http:\/\/www.acaducep.ch\/\">www.acaducep.ch<\/a><\/p>\t\t\t\t\t\t\t\t<\/div>\n\t\t\t\t<\/div>\n\t\t\t\t\t<\/div>\n\t\t<\/div>\n\t\t\t\t\t<\/div>\n\t\t<\/section>\n\t\t\t\t\t<\/div>\n\t\t<\/div>\n\t\t\t\t\t<\/div>\n\t\t<\/section>\n\t\t\t\t<\/div>\n\t\t","protected":false},"excerpt":{"rendered":"<p>Acad\u00e9mie du Cep L\u2019Acad\u00e9mie du Cep s\u2019est efforc\u00e9e de promouvoir l\u2019esprit bachique 60 ans durant, et plus sp\u00e9cialement \u00e0 l\u2019occasion d\u2019\u00e9v\u00e9nements riches et hauts en couleur. Depuis qu\u2019elle a \u00e9t\u00e9 [&hellip;]<\/p>\n","protected":false},"author":2,"featured_media":1499,"parent":4759,"menu_order":0,"comment_status":"closed","ping_status":"closed","template":"elementor_header_footer","meta":{"footnotes":""},"class_list":["post-4761","page","type-page","status-publish","has-post-thumbnail","hentry"],"jetpack_sharing_enabled":true,"post_mailing_queue_ids":[],"_links":{"self":[{"href":"https:\/\/winebrotherhoods.org\/en\/wp-json\/wp\/v2\/pages\/4761","targetHints":{"allow":["GET"]}}],"collection":[{"href":"https:\/\/winebrotherhoods.org\/en\/wp-json\/wp\/v2\/pages"}],"about":[{"href":"https:\/\/winebrotherhoods.org\/en\/wp-json\/wp\/v2\/types\/page"}],"author":[{"embeddable":true,"href":"https:\/\/winebrotherhoods.org\/en\/wp-json\/wp\/v2\/users\/2"}],"replies":[{"embeddable":true,"href":"https:\/\/winebrotherhoods.org\/en\/wp-json\/wp\/v2\/comments?post=4761"}],"version-history":[{"count":14,"href":"https:\/\/winebrotherhoods.org\/en\/wp-json\/wp\/v2\/pages\/4761\/revisions"}],"predecessor-version":[{"id":8626,"href":"https:\/\/winebrotherhoods.org\/en\/wp-json\/wp\/v2\/pages\/4761\/revisions\/8626"}],"up":[{"embeddable":true,"href":"https:\/\/winebrotherhoods.org\/en\/wp-json\/wp\/v2\/pages\/4759"}],"wp:featuredmedia":[{"embeddable":true,"href":"https:\/\/winebrotherhoods.org\/en\/wp-json\/wp\/v2\/media\/1499"}],"wp:attachment":[{"href":"https:\/\/winebrotherhoods.org\/en\/wp-json\/wp\/v2\/media?parent=4761"}],"curies":[{"name":"wp","href":"https:\/\/api.w.org\/{rel}","templated":true}]}}