{"id":4751,"date":"2022-09-29T01:54:05","date_gmt":"2022-09-28T23:54:05","guid":{"rendered":"https:\/\/winebrotherhoods.org\/brotherhoods\/slovakia-brotherhood\/slovak-republic-brotherhood-wine-brotherhood-of-ohrady\/"},"modified":"2023-01-19T04:31:37","modified_gmt":"2023-01-19T03:31:37","slug":"slovak-republic-brotherhood-wine-brotherhood-of-ohrady","status":"publish","type":"page","link":"https:\/\/winebrotherhoods.org\/en\/brotherhoods\/slovakia-brotherhood\/slovak-republic-brotherhood-wine-brotherhood-of-ohrady\/","title":{"rendered":"Slovak Republic brotherhood &#8211; Wine Brotherhood of Ohrady"},"content":{"rendered":"\t\t<div data-elementor-type=\"wp-page\" data-elementor-id=\"4751\" class=\"elementor elementor-4751 elementor-1396\" data-elementor-post-type=\"page\">\n\t\t\t\t\t\t<section class=\"elementor-section elementor-top-section elementor-element elementor-element-ee64093 elementor-section-height-min-height elementor-section-items-top elementor-section-boxed elementor-section-height-default\" data-id=\"ee64093\" data-element_type=\"section\" data-settings=\"{&quot;background_background&quot;:&quot;classic&quot;}\">\n\t\t\t\t\t\t<div class=\"elementor-container elementor-column-gap-default\">\n\t\t\t\t\t<div class=\"elementor-column elementor-col-50 elementor-top-column elementor-element elementor-element-e736100\" data-id=\"e736100\" data-element_type=\"column\" data-settings=\"{&quot;background_background&quot;:&quot;classic&quot;}\">\n\t\t\t<div class=\"elementor-widget-wrap elementor-element-populated\">\n\t\t\t\t\t\t<div class=\"elementor-element elementor-element-7adc0dd elementor-widget elementor-widget-heading\" data-id=\"7adc0dd\" data-element_type=\"widget\" data-widget_type=\"heading.default\">\n\t\t\t\t<div class=\"elementor-widget-container\">\n\t\t\t\t\t<h1 class=\"elementor-heading-title elementor-size-default\">Wine Brotherhood of Ohrady<\/h1>\t\t\t\t<\/div>\n\t\t\t\t<\/div>\n\t\t\t\t<div class=\"elementor-element elementor-element-5237ecd elementor-widget elementor-widget-image\" data-id=\"5237ecd\" data-element_type=\"widget\" data-widget_type=\"image.default\">\n\t\t\t\t<div class=\"elementor-widget-container\">\n\t\t\t\t\t\t\t\t\t\t\t\t\t\t\t<img fetchpriority=\"high\" decoding=\"async\" width=\"225\" height=\"300\" src=\"https:\/\/winebrotherhoods.org\/wp-content\/uploads\/2022\/09\/Ohrady_grand_Master.jpeg\" class=\"attachment-medium size-medium wp-image-1401\" alt=\"Ohrady grand Master\" \/>\t\t\t\t\t\t\t\t\t\t\t\t\t\t\t<\/div>\n\t\t\t\t<\/div>\n\t\t\t\t<div class=\"elementor-element elementor-element-1af5d7a elementor-widget elementor-widget-image\" data-id=\"1af5d7a\" data-element_type=\"widget\" data-widget_type=\"image.default\">\n\t\t\t\t<div class=\"elementor-widget-container\">\n\t\t\t\t\t\t\t\t\t\t\t\t\t\t\t<img decoding=\"async\" width=\"300\" height=\"200\" src=\"https:\/\/winebrotherhoods.org\/wp-content\/uploads\/2022\/09\/Ohrady_group2.jpg\" class=\"attachment-medium size-medium wp-image-1403\" alt=\"Ohrady group2\" \/>\t\t\t\t\t\t\t\t\t\t\t\t\t\t\t<\/div>\n\t\t\t\t<\/div>\n\t\t\t\t\t<\/div>\n\t\t<\/div>\n\t\t\t\t<div class=\"elementor-column elementor-col-50 elementor-top-column elementor-element elementor-element-f5847ea sticky-column\" data-id=\"f5847ea\" data-element_type=\"column\">\n\t\t\t<div class=\"elementor-widget-wrap elementor-element-populated\">\n\t\t\t\t\t\t<section class=\"elementor-section elementor-inner-section elementor-element elementor-element-b1d0c25 sticky-parent elementor-section-boxed elementor-section-height-default elementor-section-height-default\" data-id=\"b1d0c25\" data-element_type=\"section\">\n\t\t\t\t\t\t<div class=\"elementor-container elementor-column-gap-default\">\n\t\t\t\t\t<div class=\"elementor-column elementor-col-100 elementor-inner-column elementor-element elementor-element-3aa9316\" data-id=\"3aa9316\" data-element_type=\"column\" data-settings=\"{&quot;background_background&quot;:&quot;classic&quot;}\">\n\t\t\t<div class=\"elementor-widget-wrap elementor-element-populated\">\n\t\t\t\t\t\t<div class=\"elementor-element elementor-element-3047db5 elementor-widget elementor-widget-image\" data-id=\"3047db5\" data-element_type=\"widget\" data-widget_type=\"image.default\">\n\t\t\t\t<div class=\"elementor-widget-container\">\n\t\t\t\t\t\t\t\t\t\t\t\t\t\t\t<img decoding=\"async\" width=\"220\" height=\"300\" src=\"https:\/\/winebrotherhoods.org\/wp-content\/uploads\/2022\/09\/Ohrady_logo.jpg\" class=\"attachment-medium size-medium wp-image-1398\" alt=\"Ohrady logo\" \/>\t\t\t\t\t\t\t\t\t\t\t\t\t\t\t<\/div>\n\t\t\t\t<\/div>\n\t\t\t\t<div class=\"elementor-element elementor-element-381dcc7 elementor-widget elementor-widget-text-editor\" data-id=\"381dcc7\" data-element_type=\"widget\" data-widget_type=\"text-editor.default\">\n\t\t\t\t<div class=\"elementor-widget-container\">\n\t\t\t\t\t\t\t\t\t<p><strong>Full name of the brotherhood<\/strong>: \u201eCsall\u00f3k\u00f6zk\u00fcrti Borbar\u00e1tok Asztalt\u00e1rsas\u00e1ga Borrend &#8211; R\u00e1d rytierov v\u00edn z Ohr\u00e1d\u201d<\/p>\n<p><strong>Address of seat<\/strong>: 930 12 OHRADY, Novy rad 321, Slovak Republic (SK)<\/p>\n<p><strong>Postal address<\/strong>: 930 12 OHRADY, Visnova 463\/23, Slovak Republic (SK)<\/p>\n<p><strong>Tel<\/strong>.: +421903255045<\/p>\n<p><strong>Fax<\/strong>.: +421315511446<\/p>\n<p><strong>Contact:<\/strong> <a href=\"mailto:info@borbaratok.sk\">info@borbaratok.sk<\/a>  <\/p>\n<p><strong>Website<\/strong>: <a href=\"http:\/\/www.borbaratok.sk\/\">www.borbaratok.sk<\/a><\/p>\n<p><strong>Grand Master: <\/strong>Stefan Bug\u00e1r<\/p>\n<p><strong>Treasurer<\/strong>: Ernest Szomolai <\/p>\n<p><strong>Chancellor: <\/strong>Roland Bug\u00e1r <\/p>\n<p><strong>Master of Ceremony: <\/strong>Julius Varga<\/p>\n\t\t\t\t\t\t\t\t<\/div>\n\t\t\t\t<\/div>\n\t\t\t\t\t<\/div>\n\t\t<\/div>\n\t\t\t\t\t<\/div>\n\t\t<\/section>\n\t\t\t\t\t<\/div>\n\t\t<\/div>\n\t\t\t\t\t<\/div>\n\t\t<\/section>\n\t\t\t\t<\/div>\n\t\t","protected":false},"excerpt":{"rendered":"<p>Wine Brotherhood of Ohrady Full name of the brotherhood: \u201eCsall\u00f3k\u00f6zk\u00fcrti Borbar\u00e1tok Asztalt\u00e1rsas\u00e1ga Borrend &#8211; R\u00e1d rytierov v\u00edn z Ohr\u00e1d\u201d Address of seat: 930 12 OHRADY, Novy rad 321, Slovak Republic [&hellip;]<\/p>\n","protected":false},"author":2,"featured_media":1398,"parent":4749,"menu_order":0,"comment_status":"closed","ping_status":"closed","template":"elementor_header_footer","meta":{"footnotes":""},"class_list":["post-4751","page","type-page","status-publish","has-post-thumbnail","hentry"],"jetpack_sharing_enabled":true,"post_mailing_queue_ids":[],"_links":{"self":[{"href":"https:\/\/winebrotherhoods.org\/en\/wp-json\/wp\/v2\/pages\/4751","targetHints":{"allow":["GET"]}}],"collection":[{"href":"https:\/\/winebrotherhoods.org\/en\/wp-json\/wp\/v2\/pages"}],"about":[{"href":"https:\/\/winebrotherhoods.org\/en\/wp-json\/wp\/v2\/types\/page"}],"author":[{"embeddable":true,"href":"https:\/\/winebrotherhoods.org\/en\/wp-json\/wp\/v2\/users\/2"}],"replies":[{"embeddable":true,"href":"https:\/\/winebrotherhoods.org\/en\/wp-json\/wp\/v2\/comments?post=4751"}],"version-history":[{"count":2,"href":"https:\/\/winebrotherhoods.org\/en\/wp-json\/wp\/v2\/pages\/4751\/revisions"}],"predecessor-version":[{"id":4845,"href":"https:\/\/winebrotherhoods.org\/en\/wp-json\/wp\/v2\/pages\/4751\/revisions\/4845"}],"up":[{"embeddable":true,"href":"https:\/\/winebrotherhoods.org\/en\/wp-json\/wp\/v2\/pages\/4749"}],"wp:featuredmedia":[{"embeddable":true,"href":"https:\/\/winebrotherhoods.org\/en\/wp-json\/wp\/v2\/media\/1398"}],"wp:attachment":[{"href":"https:\/\/winebrotherhoods.org\/en\/wp-json\/wp\/v2\/media?parent=4751"}],"curies":[{"name":"wp","href":"https:\/\/api.w.org\/{rel}","templated":true}]}}