{"id":4733,"date":"2022-09-28T02:28:04","date_gmt":"2022-09-28T00:28:04","guid":{"rendered":"https:\/\/winebrotherhoods.org\/brotherhoods\/romania-brotherhood\/"},"modified":"2023-01-19T06:13:39","modified_gmt":"2023-01-19T05:13:39","slug":"romania-brotherhood","status":"publish","type":"page","link":"https:\/\/winebrotherhoods.org\/en\/brotherhoods\/romania-brotherhood\/","title":{"rendered":"ROMANIA Brotherhood"},"content":{"rendered":"\t\t<div data-elementor-type=\"wp-page\" data-elementor-id=\"4733\" class=\"elementor elementor-4733 elementor-1314\" data-elementor-post-type=\"page\">\n\t\t\t\t\t\t<section class=\"elementor-section elementor-top-section elementor-element elementor-element-ee64093 elementor-section-height-min-height elementor-section-items-top elementor-section-boxed elementor-section-height-default\" data-id=\"ee64093\" data-element_type=\"section\" data-settings=\"{&quot;background_background&quot;:&quot;classic&quot;}\">\n\t\t\t\t\t\t<div class=\"elementor-container elementor-column-gap-default\">\n\t\t\t\t\t<div class=\"elementor-column elementor-col-50 elementor-top-column elementor-element elementor-element-e736100\" data-id=\"e736100\" data-element_type=\"column\" data-settings=\"{&quot;background_background&quot;:&quot;classic&quot;}\">\n\t\t\t<div class=\"elementor-widget-wrap elementor-element-populated\">\n\t\t\t\t\t\t<div class=\"elementor-element elementor-element-7adc0dd elementor-widget elementor-widget-heading\" data-id=\"7adc0dd\" data-element_type=\"widget\" data-widget_type=\"heading.default\">\n\t\t\t\t<div class=\"elementor-widget-container\">\n\t\t\t\t\t<h1 class=\"elementor-heading-title elementor-size-default\">ROMANIA<\/h1>\t\t\t\t<\/div>\n\t\t\t\t<\/div>\n\t\t\t\t<div class=\"elementor-element elementor-element-a3a918f elementor-widget elementor-widget-image\" data-id=\"a3a918f\" data-element_type=\"widget\" data-widget_type=\"image.default\">\n\t\t\t\t<div class=\"elementor-widget-container\">\n\t\t\t\t\t\t\t\t\t\t\t\t\t\t\t<img fetchpriority=\"high\" decoding=\"async\" width=\"300\" height=\"201\" src=\"https:\/\/winebrotherhoods.org\/wp-content\/uploads\/2022\/09\/map_wine_romania_3-1.jpg\" class=\"attachment-large size-large wp-image-1319\" alt=\"map wine romania 3 1\" \/>\t\t\t\t\t\t\t\t\t\t\t\t\t\t\t<\/div>\n\t\t\t\t<\/div>\n\t\t\t\t<div class=\"elementor-element elementor-element-ba5a644 elementor-widget elementor-widget-text-editor\" data-id=\"ba5a644\" data-element_type=\"widget\" data-widget_type=\"text-editor.default\">\n\t\t\t\t<div class=\"elementor-widget-container\">\n\t\t\t\t\t\t\t\t\t<div>In 2012, the total area planted with vines for wine in Romania was 181, 011 hectares , out of which approx. 95,000 ha were noble vine-bearing and 85.000 ha hybrid producing vine-bearing. There are also 60,000 ha in resting prior replanting, so the total area allocated to vines in Romania is approx. 240,000 ha. The total wine production was 4.05 million hectoliters, up by 23% compared to that of 2011. There are white grape varietals (84%) and red grape varietals (16%. 42% of total vineyards (as area) are located in the S-E of Romania. Each of the first five biggest Romanian wine producers has between 2,000 and 3,000 ha.       <\/div>\n<div>The bottled wine market in Romania is estimated at around 600 million Euros in 2012. Wine of fresh grapes, including fortified, were exported both in and outside the EU countries and totaled 7,000 tons. Annual average consumption of wine per capita is approx. 25 l.   <\/div>\n\t\t\t\t\t\t\t\t<\/div>\n\t\t\t\t<\/div>\n\t\t\t\t<div class=\"elementor-element elementor-element-9352281 elementor-widget elementor-widget-text-editor\" data-id=\"9352281\" data-element_type=\"widget\" data-widget_type=\"text-editor.default\">\n\t\t\t\t<div class=\"elementor-widget-container\">\n\t\t\t\t\t\t\t\t\t<p>WINE LAWS AND QUALITY CLASSIFICATIONS<\/p>\n\t\t\t\t\t\t\t\t<\/div>\n\t\t\t\t<\/div>\n\t\t\t\t<div class=\"elementor-element elementor-element-add8311 elementor-widget elementor-widget-text-editor\" data-id=\"add8311\" data-element_type=\"widget\" data-widget_type=\"text-editor.default\">\n\t\t\t\t<div class=\"elementor-widget-container\">\n\t\t\t\t\t\t\t\t\t<div><strong class=\"font-rouge\">1. The Romanian Quality Classification for wines<\/strong> consists in:<\/div>\n<div><strong>Table wines<\/strong>-are wines with minimum 8.5 % alcohol content, without a specified rule regarding the grapes or the region. This category represents 70 % from total national production. <\/div>\n<div><strong>Wines with geographical indication (IG)<\/strong>:The harvest should be done when grapes offer minimum 179 gr of sugar\/ liter; this wine is obtained from the grapes picked from the delimited area plantations. The alcohol level should be minimum 9,5% vol. for the wines obtained in the zone B and minimum 10,0% vol. for those in zone CI and CII. Alcohol should not be over 15% vol.<\/div>\n<div>These wines are made from grapes produced by the vines from &#8220;Vitis vinifera&#8221; or a cross between &#8220;Vitis vinifera&#8221; and some other &#8220;Vitis&#8221; species. They are labeled under a grape variety name or a zone name, only if minimum 85 % of that grape variety or zone.<\/div>\n<div><strong>Wines with controlled origin (DOC)-<\/strong>are the equivalent of French AOC or Italian DOC. They are produced from grapes grown and used in wine making in a delimited area DOC and represent 30 % of the total national production.<\/div>\n<div>According to the level of maturation of the grapes, these wines may be:<\/div>\n<div>a) DOC-CMD, obtained from the grapes picked at the complete maturity (minimum 187 gr sugar\/liter at harvest);<\/div>\n<div>b) DOC-CT, obtained from the late harvested grapes (minimum 220 gr. sugar \/liter);<\/div>\n<div>c) DOC-CIB, obtained from the grapes worked with &#8220;noble mold&#8221; or picked when raisined (minimum 240 gr. of sugar\/liter).<\/div>\n\t\t\t\t\t\t\t\t<\/div>\n\t\t\t\t<\/div>\n\t\t\t\t<div class=\"elementor-element elementor-element-e997294 elementor-widget elementor-widget-text-editor\" data-id=\"e997294\" data-element_type=\"widget\" data-widget_type=\"text-editor.default\">\n\t\t\t\t<div class=\"elementor-widget-container\">\n\t\t\t\t\t\t\t\t\t<div><strong><span class=\"font-rouge\">2. DOC and IG appelations<\/span><\/strong><\/div>\n<div>&#8211; 32 controlled denomination of origin (DOC) for still wines:T\u00e2rnave, Alba Iulia, Sebe\u015f-Apold, Aiud, Lechin\u0163a, Cotnari, Ia\u015fi, Bohotin, Hu\u015fi, Iana, Dealu Bujorului, Nicore\u015fti, Panciu, Odobe\u015fti, Cote\u015fti, Cern\u0103te\u015fti-Podgoria, Dealu Mare, Pietroasa, \u015etef\u0103ne\u015fti, S\u00e2mbure\u015fti, Dr\u0103g\u0103\u015fani, Banu M\u0103r\u0103cine, Segarcea, Mehedin\u0163i, Reca\u015f, Banat, Mini\u015f, Cri\u015fana, Murfatlar, Babadag, Sarica Niculi\u0163el, Oltina.<\/div>\n<div>&#8211; 10 controlled denomination of origin for sparkling wines: T\u00e2rnave, Alba Iulia, Sebe\u015f-Apold, Ia\u015fi, Bucium, Hu\u015fi, Panciu, Dealu Mare, \u015eimleul Silvaniei, Murfatlar.<\/div>\n<div>&#8211; 12 geographical indications (IG) for still wines: The Hills of Transilvania, The Hills of Moldova, The Hills of Vrancea, The Hills of Muntenia, The Hills of Oltenia, The vineyards of Cara\u015f, The Vineyards of Timi\u015f, The Hills of Zarand, The Hills of Cri\u015fana, The Hills of S\u0103tmar, Colinele Dobrogei, The Terrasses of the Danube<span class=\"font-rouge\">.<\/span><\/div>\n\t\t\t\t\t\t\t\t<\/div>\n\t\t\t\t<\/div>\n\t\t\t\t<div class=\"elementor-element elementor-element-3dd7d4b elementor-widget elementor-widget-text-editor\" data-id=\"3dd7d4b\" data-element_type=\"widget\" data-widget_type=\"text-editor.default\">\n\t\t\t\t<div class=\"elementor-widget-container\">\n\t\t\t\t\t\t\t\t\t<p>MAJOR GRAPE VARIETALS<\/p>\n\t\t\t\t\t\t\t\t<\/div>\n\t\t\t\t<\/div>\n\t\t\t\t<div class=\"elementor-element elementor-element-29d1980 elementor-widget elementor-widget-text-editor\" data-id=\"29d1980\" data-element_type=\"widget\" data-widget_type=\"text-editor.default\">\n\t\t\t\t<div class=\"elementor-widget-container\">\n\t\t\t\t\t\t\t\t\t<div>There are both local and international varietals in Romania. Over the years, cepages or assemblages produced have gained international recognition in major wine events. Most popular whites are White and Royal Feteasca, both reaching together about 20% of the white varietals. Merlot represents approx. 40% of the reds. Varietals (Romanian grapes) currently used in Romania for wine production are listed below:<\/div>\n<div> <\/div>\n<div><strong>WHITE<\/strong>: FETEASCA ALBA, FETEASCA REGALA, GRASA, TAMAIOASA ROMANEASCA, FRANCUSA, SARBA, ZGHIHARA, CRAMPOSIE, MUSTOASA, GALBENA, BABEASCA GRI.<\/div>\n<div> <\/div>\n<div><strong>ROS\u00c9<\/strong>: BUSUOACA DE BOHOTIN<\/div>\n<div> <\/div>\n<div><strong>RED<\/strong>: FETEASCA NEAGRA, BABEASCA NEAGRA, NOVAC, NEGRU DE DRAGASANI<\/div>\n\t\t\t\t\t\t\t\t<\/div>\n\t\t\t\t<\/div>\n\t\t\t\t\t<\/div>\n\t\t<\/div>\n\t\t\t\t<div class=\"elementor-column elementor-col-50 elementor-top-column elementor-element elementor-element-f5847ea sticky-column\" data-id=\"f5847ea\" data-element_type=\"column\">\n\t\t\t<div class=\"elementor-widget-wrap elementor-element-populated\">\n\t\t\t\t\t\t<section class=\"elementor-section elementor-inner-section elementor-element elementor-element-b1d0c25 sticky-parent elementor-section-boxed elementor-section-height-default elementor-section-height-default\" data-id=\"b1d0c25\" data-element_type=\"section\">\n\t\t\t\t\t\t<div class=\"elementor-container elementor-column-gap-default\">\n\t\t\t\t\t<div class=\"elementor-column elementor-col-100 elementor-inner-column elementor-element elementor-element-3aa9316\" data-id=\"3aa9316\" data-element_type=\"column\" data-settings=\"{&quot;background_background&quot;:&quot;classic&quot;}\">\n\t\t\t<div class=\"elementor-widget-wrap elementor-element-populated\">\n\t\t\t\t\t\t<div class=\"elementor-element elementor-element-2ae1e03 elementor-widget elementor-widget-image\" data-id=\"2ae1e03\" data-element_type=\"widget\" data-widget_type=\"image.default\">\n\t\t\t\t<div class=\"elementor-widget-container\">\n\t\t\t\t\t\t\t\t\t\t\t\t\t\t\t<img decoding=\"async\" width=\"225\" height=\"150\" src=\"https:\/\/winebrotherhoods.org\/wp-content\/uploads\/2022\/09\/Flag_of_Romania.svg_.png\" class=\"attachment-large size-large wp-image-1316\" alt=\"Flag of Romania.svg\" \/>\t\t\t\t\t\t\t\t\t\t\t\t\t\t\t<\/div>\n\t\t\t\t<\/div>\n\t\t\t\t<div class=\"elementor-element elementor-element-bb97fc0 elementor-align-center elementor-widget elementor-widget-button\" data-id=\"bb97fc0\" data-element_type=\"widget\" data-widget_type=\"button.default\">\n\t\t\t\t<div class=\"elementor-widget-container\">\n\t\t\t\t\t\t\t\t\t<div class=\"elementor-button-wrapper\">\n\t\t\t\t\t<a class=\"elementor-button elementor-button-link elementor-size-sm\" href=\"https:\/\/winebrotherhoods.org\/en\/brotherhoods\/romania-brotherhood\/romania-brotherhood-o-e-v-e-consulat-romania\/\">\n\t\t\t\t\t\t<span class=\"elementor-button-content-wrapper\">\n\t\t\t\t\t\t\t\t\t<span class=\"elementor-button-text\">O.E.V.E. Consulat Romania<\/span>\n\t\t\t\t\t<\/span>\n\t\t\t\t\t<\/a>\n\t\t\t\t<\/div>\n\t\t\t\t\t\t\t\t<\/div>\n\t\t\t\t<\/div>\n\t\t\t\t\t<\/div>\n\t\t<\/div>\n\t\t\t\t\t<\/div>\n\t\t<\/section>\n\t\t\t\t\t<\/div>\n\t\t<\/div>\n\t\t\t\t\t<\/div>\n\t\t<\/section>\n\t\t\t\t<\/div>\n\t\t","protected":false},"excerpt":{"rendered":"<p>ROMANIA In 2012, the total area planted with vines for wine in Romania was 181, 011 hectares , out of which approx. 95,000 ha were noble vine-bearing and 85.000 ha [&hellip;]<\/p>\n","protected":false},"author":2,"featured_media":1316,"parent":4540,"menu_order":0,"comment_status":"closed","ping_status":"closed","template":"elementor_header_footer","meta":{"footnotes":""},"class_list":["post-4733","page","type-page","status-publish","has-post-thumbnail","hentry"],"jetpack_sharing_enabled":true,"post_mailing_queue_ids":[],"_links":{"self":[{"href":"https:\/\/winebrotherhoods.org\/en\/wp-json\/wp\/v2\/pages\/4733","targetHints":{"allow":["GET"]}}],"collection":[{"href":"https:\/\/winebrotherhoods.org\/en\/wp-json\/wp\/v2\/pages"}],"about":[{"href":"https:\/\/winebrotherhoods.org\/en\/wp-json\/wp\/v2\/types\/page"}],"author":[{"embeddable":true,"href":"https:\/\/winebrotherhoods.org\/en\/wp-json\/wp\/v2\/users\/2"}],"replies":[{"embeddable":true,"href":"https:\/\/winebrotherhoods.org\/en\/wp-json\/wp\/v2\/comments?post=4733"}],"version-history":[{"count":3,"href":"https:\/\/winebrotherhoods.org\/en\/wp-json\/wp\/v2\/pages\/4733\/revisions"}],"predecessor-version":[{"id":5019,"href":"https:\/\/winebrotherhoods.org\/en\/wp-json\/wp\/v2\/pages\/4733\/revisions\/5019"}],"up":[{"embeddable":true,"href":"https:\/\/winebrotherhoods.org\/en\/wp-json\/wp\/v2\/pages\/4540"}],"wp:featuredmedia":[{"embeddable":true,"href":"https:\/\/winebrotherhoods.org\/en\/wp-json\/wp\/v2\/media\/1316"}],"wp:attachment":[{"href":"https:\/\/winebrotherhoods.org\/en\/wp-json\/wp\/v2\/media?parent=4733"}],"curies":[{"name":"wp","href":"https:\/\/api.w.org\/{rel}","templated":true}]}}