{"id":4727,"date":"2022-09-28T02:12:09","date_gmt":"2022-09-28T00:12:09","guid":{"rendered":"https:\/\/winebrotherhoods.org\/brotherhoods\/portugal-brotherhood\/portugal-brotherhood-confraria-do-vinho-do-porto\/"},"modified":"2023-01-19T04:31:35","modified_gmt":"2023-01-19T03:31:35","slug":"portugal-brotherhood-confraria-do-vinho-do-porto","status":"publish","type":"page","link":"https:\/\/winebrotherhoods.org\/en\/brotherhoods\/portugal-brotherhood\/portugal-brotherhood-confraria-do-vinho-do-porto\/","title":{"rendered":"PORTUGAL Brotherhood &#8211; CONFRARIA DO VINHO DO PORTO"},"content":{"rendered":"\t\t<div data-elementor-type=\"wp-page\" data-elementor-id=\"4727\" class=\"elementor elementor-4727 elementor-1283\" data-elementor-post-type=\"page\">\n\t\t\t\t\t\t<section class=\"elementor-section elementor-top-section elementor-element elementor-element-ee64093 elementor-section-height-min-height elementor-section-items-top elementor-section-boxed elementor-section-height-default\" data-id=\"ee64093\" data-element_type=\"section\" data-settings=\"{&quot;background_background&quot;:&quot;classic&quot;}\">\n\t\t\t\t\t\t<div class=\"elementor-container elementor-column-gap-default\">\n\t\t\t\t\t<div class=\"elementor-column elementor-col-50 elementor-top-column elementor-element elementor-element-e736100\" data-id=\"e736100\" data-element_type=\"column\" data-settings=\"{&quot;background_background&quot;:&quot;classic&quot;}\">\n\t\t\t<div class=\"elementor-widget-wrap elementor-element-populated\">\n\t\t\t\t\t\t<div class=\"elementor-element elementor-element-7adc0dd elementor-widget elementor-widget-heading\" data-id=\"7adc0dd\" data-element_type=\"widget\" data-widget_type=\"heading.default\">\n\t\t\t\t<div class=\"elementor-widget-container\">\n\t\t\t\t\t<h1 class=\"elementor-heading-title elementor-size-default\">CONFRARIA DO VINHO DO PORTO<\/h1>\t\t\t\t<\/div>\n\t\t\t\t<\/div>\n\t\t\t\t<div class=\"elementor-element elementor-element-5237ecd elementor-widget elementor-widget-image\" data-id=\"5237ecd\" data-element_type=\"widget\" data-widget_type=\"image.default\">\n\t\t\t\t<div class=\"elementor-widget-container\">\n\t\t\t\t\t\t\t\t\t\t\t\t\t\t\t<img fetchpriority=\"high\" decoding=\"async\" width=\"300\" height=\"201\" src=\"https:\/\/winebrotherhoods.org\/wp-content\/uploads\/2022\/09\/Site_Photo_Porto_2-300x201.jpg\" class=\"attachment-medium size-medium wp-image-1288\" alt=\"Site Photo Porto 2\" srcset=\"https:\/\/winebrotherhoods.org\/wp-content\/uploads\/2022\/09\/Site_Photo_Porto_2-300x201.jpg 300w, https:\/\/winebrotherhoods.org\/wp-content\/uploads\/2022\/09\/Site_Photo_Porto_2.jpg 400w\" sizes=\"(max-width: 300px) 100vw, 300px\" \/>\t\t\t\t\t\t\t\t\t\t\t\t\t\t\t<\/div>\n\t\t\t\t<\/div>\n\t\t\t\t<div class=\"elementor-element elementor-element-dacf2ef elementor-widget elementor-widget-text-editor\" data-id=\"dacf2ef\" data-element_type=\"widget\" data-widget_type=\"text-editor.default\">\n\t\t\t\t<div class=\"elementor-widget-container\">\n\t\t\t\t\t\t\t\t\t<section id=\"associated\">\n<section id=\"associated\">\n<p>The Confraria of Port Wine was established in 1982 to promote, disseminate and consolidate the world wide reputation of Port Wine.<\/p>\n<p>The Confraria consists of professionals involved in the commerce and export of Port Wine, be they individual merchants directors, or managers of companies.<\/p>\n<p>The Confraria of Port Wine has as emblematic patron the Infante D. Henrique, as it considers that the prominent position of this Prince is in conformity with the universal spirit of Port Wine.<\/p>\n<p>The rank of Mestre (Master) is granted to the Confrades (Confreres) who are directors or managers of companies and the rank of Experto (Expert) to the top employees of the Port Wine companies. The Mestres and Expertos are the effective Confrades who elect amongst themselves the Chancelaria (Chancellery) \u2013 which manages and represents the Confraria do Vinho doPorto. <\/p>\n<p>The Chancelaria consists of The Chanceler (Chancellor) &#8211; the highest representative in the Confraria do Vinho do Porto \u2013 The Almoxarife (Administrator), The Coperio-Mor (Head-Cupbearer), The Almotac\u00e9 (Treasurer) and the Fiel das Usan\u00e7as (Warden of Usages).<\/p>\n<p>There are three ranks of Confrades Honor\u00e1rios: Cancel\u00e1rio (Rector), Infan\u00e7\u00e3o (Nobleman) and Cavaleiro (Knight).<\/p>\n<p>Cancel\u00e1rios are eminent personalities who through their exposure give notoriety to the Confraria do Vinho do Porto. The Confraria do Vinho do Porto has 44 Cancel\u00e1rios, including the President of Portugal, the King of Spain and the King of Belgium, as well as many Presidents, Princes and leaders of the world who honour the brotherhood by their participation.<\/p>\n<p>Infan\u00e7\u00f5es are all relevant personalities or institutions who made a significant contribution to the promotion, prestige and dignity of Port Wine or who deserve to be distinguished with this rank due to their personal prestige or top ranking positions.<\/p>\n<p>Cavaleiros are all those who are not included in the previous ranks and deserve being distinguished for their dedication and service to the Port Wine.<\/p>\n<\/section>\n<section id=\"events\"><\/section>\n<\/section>\n<section id=\"events\"><\/section>\n\t\t\t\t\t\t\t\t<\/div>\n\t\t\t\t<\/div>\n\t\t\t\t<div class=\"elementor-element elementor-element-732f61e elementor-widget elementor-widget-text-editor\" data-id=\"732f61e\" data-element_type=\"widget\" data-widget_type=\"text-editor.default\">\n\t\t\t\t<div class=\"elementor-widget-container\">\n\t\t\t\t\t\t\t\t\t<p>NEWS<\/p>\n\t\t\t\t\t\t\t\t<\/div>\n\t\t\t\t<\/div>\n\t\t\t\t<div class=\"elementor-element elementor-element-dede357 elementor-widget elementor-widget-image\" data-id=\"dede357\" data-element_type=\"widget\" data-widget_type=\"image.default\">\n\t\t\t\t<div class=\"elementor-widget-container\">\n\t\t\t\t\t\t\t\t\t\t\t\t\t\t\t<img decoding=\"async\" width=\"280\" height=\"187\" src=\"https:\/\/winebrotherhoods.org\/wp-content\/uploads\/2022\/09\/actu_porto.jpeg\" class=\"attachment-medium size-medium wp-image-1290\" alt=\"actu porto\" \/>\t\t\t\t\t\t\t\t\t\t\t\t\t\t\t<\/div>\n\t\t\t\t<\/div>\n\t\t\t\t<div class=\"elementor-element elementor-element-862fd67 elementor-widget elementor-widget-text-editor\" data-id=\"862fd67\" data-element_type=\"widget\" data-widget_type=\"text-editor.default\">\n\t\t\t\t<div class=\"elementor-widget-container\">\n\t\t\t\t\t\t\t\t\t<p>The Confraria of Port Wine organizes every year the Ceremony of Enthronement and the Rabelo Boat Race.<\/p>\n<p>These events coincide with the festivities of the city of Oporto- 24<sup>th<\/sup> June \u2013 and add notoriety, high spirit and joy to the City and to our product: the Port Wine.<\/p>\n\t\t\t\t\t\t\t\t<\/div>\n\t\t\t\t<\/div>\n\t\t\t\t\t<\/div>\n\t\t<\/div>\n\t\t\t\t<div class=\"elementor-column elementor-col-50 elementor-top-column elementor-element elementor-element-f5847ea sticky-column\" data-id=\"f5847ea\" data-element_type=\"column\">\n\t\t\t<div class=\"elementor-widget-wrap elementor-element-populated\">\n\t\t\t\t\t\t<section class=\"elementor-section elementor-inner-section elementor-element elementor-element-b1d0c25 sticky-parent elementor-section-boxed elementor-section-height-default elementor-section-height-default\" data-id=\"b1d0c25\" data-element_type=\"section\">\n\t\t\t\t\t\t<div class=\"elementor-container elementor-column-gap-default\">\n\t\t\t\t\t<div class=\"elementor-column elementor-col-100 elementor-inner-column elementor-element elementor-element-3aa9316\" data-id=\"3aa9316\" data-element_type=\"column\" data-settings=\"{&quot;background_background&quot;:&quot;classic&quot;}\">\n\t\t\t<div class=\"elementor-widget-wrap elementor-element-populated\">\n\t\t\t\t\t\t<div class=\"elementor-element elementor-element-3047db5 elementor-widget elementor-widget-image\" data-id=\"3047db5\" data-element_type=\"widget\" data-widget_type=\"image.default\">\n\t\t\t\t<div class=\"elementor-widget-container\">\n\t\t\t\t\t\t\t\t\t\t\t\t\t\t\t<img decoding=\"async\" width=\"300\" height=\"254\" src=\"https:\/\/winebrotherhoods.org\/wp-content\/uploads\/2022\/09\/Logotipo_CVP1.jpg\" class=\"attachment-medium size-medium wp-image-1285\" alt=\"Logotipo CVP1\" \/>\t\t\t\t\t\t\t\t\t\t\t\t\t\t\t<\/div>\n\t\t\t\t<\/div>\n\t\t\t\t<div class=\"elementor-element elementor-element-381dcc7 elementor-widget elementor-widget-text-editor\" data-id=\"381dcc7\" data-element_type=\"widget\" data-widget_type=\"text-editor.default\">\n\t\t\t\t<div class=\"elementor-widget-container\">\n\t\t\t\t\t\t\t\t\t<ul>\n<li>Rua Dr. Ant\u00f3nio Granjo, 207<\/li>\n<li>4400-124 Vila Nova de Gaia<\/li>\n<li>Portugal<\/li>\n<li><strong>tel.<\/strong>  : +35 1 223 745 525<\/li>\n<li><strong>fax.<\/strong>  : +35 1 223 705 400<\/li>\n<li><strong>Chanceler (Chancelier)<\/strong> : George Thomas David Sandeman<\/li>\n<li><strong>Almoxarife (Surintendant)<\/strong> : Ant\u00f3nio Manuel de Macedo Pinto e Vasconcelos, David Bruce Fonseca Guimaraens<\/li>\n<li><strong>Copeiro-Mor (Grande-\u00c9chanson)<\/strong> : Jorge Chamis Rosas \u2013 Almotac\u00e9 ( Officier)<\/li>\n<li><strong>Secr\u00e9taire<\/strong> : Ana Maria Borges <a href=\"mailto:anaborges@aevp.pt\">anaborges@aevp.pt<\/a><\/li>\n<li><strong>Contact<\/strong> : <a href=\"mailto:confrariadovinhoverde@iol.pt\">confraria@confrariavinhodoporto.com<\/a><\/li>\n<li><strong>Site<\/strong> : <a href=\"http:\/\/www.confrariadovinhoverde.com\/\">http:\/\/www.confrariadovinhodoporto.com<\/a><\/li>\n<\/ul>\n\t\t\t\t\t\t\t\t<\/div>\n\t\t\t\t<\/div>\n\t\t\t\t\t<\/div>\n\t\t<\/div>\n\t\t\t\t\t<\/div>\n\t\t<\/section>\n\t\t\t\t\t<\/div>\n\t\t<\/div>\n\t\t\t\t\t<\/div>\n\t\t<\/section>\n\t\t\t\t<\/div>\n\t\t","protected":false},"excerpt":{"rendered":"<p>CONFRARIA DO VINHO DO PORTO The Confraria of Port Wine was established in 1982 to promote, disseminate and consolidate the world wide reputation of Port Wine. The Confraria consists of [&hellip;]<\/p>\n","protected":false},"author":2,"featured_media":1285,"parent":4723,"menu_order":0,"comment_status":"closed","ping_status":"closed","template":"elementor_header_footer","meta":{"footnotes":""},"class_list":["post-4727","page","type-page","status-publish","has-post-thumbnail","hentry"],"jetpack_sharing_enabled":true,"post_mailing_queue_ids":[],"_links":{"self":[{"href":"https:\/\/winebrotherhoods.org\/en\/wp-json\/wp\/v2\/pages\/4727","targetHints":{"allow":["GET"]}}],"collection":[{"href":"https:\/\/winebrotherhoods.org\/en\/wp-json\/wp\/v2\/pages"}],"about":[{"href":"https:\/\/winebrotherhoods.org\/en\/wp-json\/wp\/v2\/types\/page"}],"author":[{"embeddable":true,"href":"https:\/\/winebrotherhoods.org\/en\/wp-json\/wp\/v2\/users\/2"}],"replies":[{"embeddable":true,"href":"https:\/\/winebrotherhoods.org\/en\/wp-json\/wp\/v2\/comments?post=4727"}],"version-history":[{"count":2,"href":"https:\/\/winebrotherhoods.org\/en\/wp-json\/wp\/v2\/pages\/4727\/revisions"}],"predecessor-version":[{"id":4832,"href":"https:\/\/winebrotherhoods.org\/en\/wp-json\/wp\/v2\/pages\/4727\/revisions\/4832"}],"up":[{"embeddable":true,"href":"https:\/\/winebrotherhoods.org\/en\/wp-json\/wp\/v2\/pages\/4723"}],"wp:featuredmedia":[{"embeddable":true,"href":"https:\/\/winebrotherhoods.org\/en\/wp-json\/wp\/v2\/media\/1285"}],"wp:attachment":[{"href":"https:\/\/winebrotherhoods.org\/en\/wp-json\/wp\/v2\/media?parent=4727"}],"curies":[{"name":"wp","href":"https:\/\/api.w.org\/{rel}","templated":true}]}}