{"id":4703,"date":"2022-09-29T01:35:52","date_gmt":"2022-09-28T23:35:52","guid":{"rendered":"https:\/\/winebrotherhoods.org\/brotherhoods\/la-reunion-brotherhood\/"},"modified":"2023-01-19T04:31:36","modified_gmt":"2023-01-19T03:31:36","slug":"la-reunion-brotherhood","status":"publish","type":"page","link":"https:\/\/winebrotherhoods.org\/en\/brotherhoods\/la-reunion-brotherhood\/","title":{"rendered":"LA R\u00c9UNION Brotherhood"},"content":{"rendered":"\t\t<div data-elementor-type=\"wp-page\" data-elementor-id=\"4703\" class=\"elementor elementor-4703 elementor-1352\" data-elementor-post-type=\"page\">\n\t\t\t\t\t\t<section class=\"elementor-section elementor-top-section elementor-element elementor-element-ee64093 elementor-section-height-min-height elementor-section-items-top elementor-section-boxed elementor-section-height-default\" data-id=\"ee64093\" data-element_type=\"section\" data-settings=\"{&quot;background_background&quot;:&quot;classic&quot;}\">\n\t\t\t\t\t\t<div class=\"elementor-container elementor-column-gap-default\">\n\t\t\t\t\t<div class=\"elementor-column elementor-col-50 elementor-top-column elementor-element elementor-element-e736100\" data-id=\"e736100\" data-element_type=\"column\" data-settings=\"{&quot;background_background&quot;:&quot;classic&quot;}\">\n\t\t\t<div class=\"elementor-widget-wrap elementor-element-populated\">\n\t\t\t\t\t\t<div class=\"elementor-element elementor-element-7adc0dd elementor-widget elementor-widget-heading\" data-id=\"7adc0dd\" data-element_type=\"widget\" data-widget_type=\"heading.default\">\n\t\t\t\t<div class=\"elementor-widget-container\">\n\t\t\t\t\t<h1 class=\"elementor-heading-title elementor-size-default\">LA R\u00c9UNION<\/h1>\t\t\t\t<\/div>\n\t\t\t\t<\/div>\n\t\t\t\t\t<\/div>\n\t\t<\/div>\n\t\t\t\t<div class=\"elementor-column elementor-col-50 elementor-top-column elementor-element elementor-element-f5847ea sticky-column\" data-id=\"f5847ea\" data-element_type=\"column\">\n\t\t\t<div class=\"elementor-widget-wrap elementor-element-populated\">\n\t\t\t\t\t\t<section class=\"elementor-section elementor-inner-section elementor-element elementor-element-b1d0c25 sticky-parent elementor-section-boxed elementor-section-height-default elementor-section-height-default\" data-id=\"b1d0c25\" data-element_type=\"section\">\n\t\t\t\t\t\t<div class=\"elementor-container elementor-column-gap-default\">\n\t\t\t\t\t<div class=\"elementor-column elementor-col-100 elementor-inner-column elementor-element elementor-element-3aa9316\" data-id=\"3aa9316\" data-element_type=\"column\" data-settings=\"{&quot;background_background&quot;:&quot;classic&quot;}\">\n\t\t\t<div class=\"elementor-widget-wrap elementor-element-populated\">\n\t\t\t\t\t\t<div class=\"elementor-element elementor-element-2ae1e03 elementor-widget elementor-widget-image\" data-id=\"2ae1e03\" data-element_type=\"widget\" data-widget_type=\"image.default\">\n\t\t\t\t<div class=\"elementor-widget-container\">\n\t\t\t\t\t\t\t\t\t\t\t\t\t\t\t<img fetchpriority=\"high\" decoding=\"async\" width=\"300\" height=\"330\" src=\"https:\/\/winebrotherhoods.org\/wp-content\/uploads\/2022\/09\/reunion.png\" class=\"attachment-large size-large wp-image-1354\" alt=\"reunion\" srcset=\"https:\/\/winebrotherhoods.org\/wp-content\/uploads\/2022\/09\/reunion.png 300w, https:\/\/winebrotherhoods.org\/wp-content\/uploads\/2022\/09\/reunion-273x300.png 273w\" sizes=\"(max-width: 300px) 100vw, 300px\" \/>\t\t\t\t\t\t\t\t\t\t\t\t\t\t\t<\/div>\n\t\t\t\t<\/div>\n\t\t\t\t<div class=\"elementor-element elementor-element-26e4eb7 elementor-widget elementor-widget-text-editor\" data-id=\"26e4eb7\" data-element_type=\"widget\" data-widget_type=\"text-editor.default\">\n\t\t\t\t<div class=\"elementor-widget-container\">\n\t\t\t\t\t\t\t\t\t<ul>\n<li>Pr\u00e9vost\u00e9 de La R\u00e9union du Conseil des Echansons de France<\/li>\n<\/ul>\n\t\t\t\t\t\t\t\t<\/div>\n\t\t\t\t<\/div>\n\t\t\t\t\t<\/div>\n\t\t<\/div>\n\t\t\t\t\t<\/div>\n\t\t<\/section>\n\t\t\t\t\t<\/div>\n\t\t<\/div>\n\t\t\t\t\t<\/div>\n\t\t<\/section>\n\t\t\t\t<\/div>\n\t\t","protected":false},"excerpt":{"rendered":"<p>LA R\u00c9UNION Pr\u00e9vost\u00e9 de La R\u00e9union du Conseil des Echansons de France<\/p>\n","protected":false},"author":2,"featured_media":1354,"parent":4540,"menu_order":0,"comment_status":"closed","ping_status":"closed","template":"elementor_header_footer","meta":{"footnotes":""},"class_list":["post-4703","page","type-page","status-publish","has-post-thumbnail","hentry"],"jetpack_sharing_enabled":true,"post_mailing_queue_ids":[],"_links":{"self":[{"href":"https:\/\/winebrotherhoods.org\/en\/wp-json\/wp\/v2\/pages\/4703","targetHints":{"allow":["GET"]}}],"collection":[{"href":"https:\/\/winebrotherhoods.org\/en\/wp-json\/wp\/v2\/pages"}],"about":[{"href":"https:\/\/winebrotherhoods.org\/en\/wp-json\/wp\/v2\/types\/page"}],"author":[{"embeddable":true,"href":"https:\/\/winebrotherhoods.org\/en\/wp-json\/wp\/v2\/users\/2"}],"replies":[{"embeddable":true,"href":"https:\/\/winebrotherhoods.org\/en\/wp-json\/wp\/v2\/comments?post=4703"}],"version-history":[{"count":2,"href":"https:\/\/winebrotherhoods.org\/en\/wp-json\/wp\/v2\/pages\/4703\/revisions"}],"predecessor-version":[{"id":4840,"href":"https:\/\/winebrotherhoods.org\/en\/wp-json\/wp\/v2\/pages\/4703\/revisions\/4840"}],"up":[{"embeddable":true,"href":"https:\/\/winebrotherhoods.org\/en\/wp-json\/wp\/v2\/pages\/4540"}],"wp:featuredmedia":[{"embeddable":true,"href":"https:\/\/winebrotherhoods.org\/en\/wp-json\/wp\/v2\/media\/1354"}],"wp:attachment":[{"href":"https:\/\/winebrotherhoods.org\/en\/wp-json\/wp\/v2\/media?parent=4703"}],"curies":[{"name":"wp","href":"https:\/\/api.w.org\/{rel}","templated":true}]}}