{"id":4695,"date":"2022-09-27T23:49:49","date_gmt":"2022-09-27T21:49:49","guid":{"rendered":"https:\/\/winebrotherhoods.org\/brotherhoods\/italy-brotherhood\/italy-brotherhood-lega-del-chianti\/"},"modified":"2023-01-19T04:31:31","modified_gmt":"2023-01-19T03:31:31","slug":"italy-brotherhood-lega-del-chianti","status":"publish","type":"page","link":"https:\/\/winebrotherhoods.org\/en\/brotherhoods\/italy-brotherhood\/italy-brotherhood-lega-del-chianti\/","title":{"rendered":"ITALY Brotherhood &#8211; LEGA DEL CHIANTI"},"content":{"rendered":"\t\t<div data-elementor-type=\"wp-page\" data-elementor-id=\"4695\" class=\"elementor elementor-4695 elementor-1141\" data-elementor-post-type=\"page\">\n\t\t\t\t\t\t<section class=\"elementor-section elementor-top-section elementor-element elementor-element-ee64093 elementor-section-height-min-height elementor-section-items-top elementor-section-boxed elementor-section-height-default\" data-id=\"ee64093\" data-element_type=\"section\" data-settings=\"{&quot;background_background&quot;:&quot;classic&quot;}\">\n\t\t\t\t\t\t<div class=\"elementor-container elementor-column-gap-default\">\n\t\t\t\t\t<div class=\"elementor-column elementor-col-50 elementor-top-column elementor-element elementor-element-e736100\" data-id=\"e736100\" data-element_type=\"column\" data-settings=\"{&quot;background_background&quot;:&quot;classic&quot;}\">\n\t\t\t<div class=\"elementor-widget-wrap elementor-element-populated\">\n\t\t\t\t\t\t<div class=\"elementor-element elementor-element-7adc0dd elementor-widget elementor-widget-heading\" data-id=\"7adc0dd\" data-element_type=\"widget\" data-widget_type=\"heading.default\">\n\t\t\t\t<div class=\"elementor-widget-container\">\n\t\t\t\t\t<h1 class=\"elementor-heading-title elementor-size-default\">LEGA DEL CHIANTI<\/h1>\t\t\t\t<\/div>\n\t\t\t\t<\/div>\n\t\t\t\t<div class=\"elementor-element elementor-element-5237ecd elementor-widget elementor-widget-image\" data-id=\"5237ecd\" data-element_type=\"widget\" data-widget_type=\"image.default\">\n\t\t\t\t<div class=\"elementor-widget-container\">\n\t\t\t\t\t\t\t\t\t\t\t\t\t\t\t<img decoding=\"async\" width=\"103\" height=\"99\" src=\"https:\/\/winebrotherhoods.org\/wp-content\/uploads\/2022\/09\/lega_del_chianti.jpg\" class=\"attachment-medium size-medium wp-image-1146\" alt=\"lega del chianti\" \/>\t\t\t\t\t\t\t\t\t\t\t\t\t\t\t<\/div>\n\t\t\t\t<\/div>\n\t\t\t\t<div class=\"elementor-element elementor-element-f513b12 elementor-widget elementor-widget-text-editor\" data-id=\"f513b12\" data-element_type=\"widget\" data-widget_type=\"text-editor.default\">\n\t\t\t\t<div class=\"elementor-widget-container\">\n\t\t\t\t\t\t\t\t\t<p>L\u2019Histoire<\/p>\n\t\t\t\t\t\t\t\t<\/div>\n\t\t\t\t<\/div>\n\t\t\t\t<div class=\"elementor-element elementor-element-dacf2ef elementor-widget elementor-widget-text-editor\" data-id=\"dacf2ef\" data-element_type=\"widget\" data-widget_type=\"text-editor.default\">\n\t\t\t\t<div class=\"elementor-widget-container\">\n\t\t\t\t\t\t\t\t\t<section id=\"associated\">\n<p>Plus de sept si\u00e8cles se sont \u00e9coul\u00e9s depuis la fondation de la Lega del Chianti, \u00e0 l\u2019initiative de la R\u00e9publique de Florence. Il s\u2019agissait d\u2019une organisation militaire qui avait pour but d\u2019administrer le territoire du Chianti et de d\u00e9fendre ses fronti\u00e8res m\u00e9ridionales des attaques ennemies.<\/p>\n<p>Au XIIe si\u00e8cle, la r\u00e9gion du Chianti appartenait presque enti\u00e8rement \u00e0 la R\u00e9publique Florentine, qui en avait obtenu le contr\u00f4le gr\u00e2ce \u00e0 l\u2019aide de l\u2019Eglise qui disposait d\u2019une antenne politique et administrative dans chaque paroisse. L\u2019institution de la Lega dut probablement voir le jour dans les premi\u00e8res ann\u00e9es du XIVe si\u00e8cle: nous la trouvons d\u00e9j\u00e0 cit\u00e9e dans un protocole notari\u00e9 florentin remontant \u00e0 1306, sous le nom \u201cLeghe et societatis de Chianti nuper edite\u201d. Le plus ancien statut de l\u2019institution historique, connu \u00e0 ce jour, remonte \u00e0 1384; il contenait toutes les lois civiles et judiciaires que le Podestat (le plus haut magistrat), \u00e0 la t\u00eate de la Lega, \u00e9tait tenu de faire respecter sur tout le territoire du Chianti, jusqu\u2019alors divis\u00e9 en trois Terzieri: Radda in Chianti, Gaiole in Chianti et Castellina in Chianti. Le Podestat, dont la charge durait un semestre, r\u00e9sidait \u00e0 Radda in Chianti; il \u00e9tait assist\u00e9 d\u2019administrateurs et d\u2019une garde rapproch\u00e9e. L\u2019administration centrale avait un repr\u00e9sentant dans chaque paroisse auquel les habitants pouvaient s\u2019adresser.<\/p>\n<p>Le \u201cCoq noir sur fond or\u201d fut l\u2019embl\u00e8me qui, d\u00e8s l\u2019\u00e9poque m\u00e9di\u00e9vale, constitua le blason de la Lega del Chianti, symbolisant son \u00e9troit rapport avec le territoire. Suite \u00e0 la domination de Florence, durant les si\u00e8cles suivants, sur la \u201cTerre du Chianti\u201d les activit\u00e9s d\u2019ordre d\u00e9fensif s\u2019estomp\u00e8rent au profit des fonctions administratives, civiles et p\u00e9nales.<\/p>\n<p>Une attention tout particuli\u00e8re fut port\u00e9e \u00e0 toutes les lois qui servaient \u00e0 am\u00e9liorer les cultures, en particulier la viticulture et la r\u00e9colte du raisin afin d\u2019am\u00e9liorer la production vinicole; d\u00e8s 1444, il fut d\u00e9cid\u00e9 que les vendanges ne pourraient commencer avant la f\u00eate de Saint Michel, le 29 septembre, pour \u00eatre certain d\u2019obtenir \u201cce bon vin qui se vend si bien\u201d.<\/p>\n<p>En 1774, sur ordre du Grand-Duc de Toscane Pietro Leopoldo, la Lega del Chianti fut dissoute pour laisser la place aux institutions cr\u00e9\u00e9es selon la nouvelle organisation et destin\u00e9es \u00e0 tout le territoire florentin. Mais certaines des raisons qui furent \u00e0 l\u2019origine de la Lega del Chianti redevinrent d\u2019actualit\u00e9 au XXe si\u00e8cle: l\u2019attachement au terroir, l\u2019int\u00e9r\u00eat pour l\u2019histoire et les produits du Chianti, le maintien d\u2019une bonne qualit\u00e9 de vie, toutes pr\u00e9occupations qui furent d\u00e9j\u00e0 les siennes d\u00e8s son origine. C\u2019est pourquoi, la Lega del Chianti fut refond\u00e9e en 1970. Son 700e anniversaire a \u00e9t\u00e9 solennellement comm\u00e9mor\u00e9 en 1985.<\/p>\n<\/section>\n<section id=\"events\"><\/section>\n\t\t\t\t\t\t\t\t<\/div>\n\t\t\t\t<\/div>\n\t\t\t\t<div class=\"elementor-element elementor-element-45b2d83 elementor-widget elementor-widget-text-editor\" data-id=\"45b2d83\" data-element_type=\"widget\" data-widget_type=\"text-editor.default\">\n\t\t\t\t<div class=\"elementor-widget-container\">\n\t\t\t\t\t\t\t\t\t<p>L\u2019Organisation<\/p>\n\t\t\t\t\t\t\t\t<\/div>\n\t\t\t\t<\/div>\n\t\t\t\t<div class=\"elementor-element elementor-element-ecdc2d2 elementor-widget elementor-widget-text-editor\" data-id=\"ecdc2d2\" data-element_type=\"widget\" data-widget_type=\"text-editor.default\">\n\t\t\t\t<div class=\"elementor-widget-container\">\n\t\t\t\t\t\t\t\t\t<section id=\"associated\">\n<p>La Lega del Chianti accueille des hommes et des femmes de toute provenance, de toute confession, unis par le d\u00e9sir de prot\u00e9ger et de valoriser un territoire absolument unique au monde, qui regorge d\u2019art et d\u2019histoire et o\u00f9 la culture du terroir b\u00e9n\u00e9ficie d\u2019un savoir s\u00e9culaire. Chacun appartient \u00e0 un Terziere ou \u00e0 un Piviere dirig\u00e9 par un Capitano ou un Commissario qui organise des manifestations ind\u00e9pendantes de la Capitania Generale telles que congr\u00e8s, d\u00e9gustations, voyages d\u2019\u00e9tudes, etc. Le nombre des Terzieri actuels est le m\u00eame que celui des localit\u00e9s qui chapeautaient l\u2019ancienne Lega del Chianti: Castellina in Chianti, Gaiole in Chianti et Radda in Chianti.<\/p>\n<p>En Italie, les Pivieri sont les suivants: le Piviere du Capitaine G\u00e9n\u00e9ral, en Toscane ceux de Fiesole, Florence, Greve in Chianti, Castelnuovo Berardenga, Sienne, Val d\u2019Arno, Val D\u2019Elsa, Val di Pesa, Prato et Arezzo. Pour l\u2019Italie centrale ont \u00e9t\u00e9 constitu\u00e9s les Pivieri de l\u2019Ombrie et du Latium. Les Pivieri \u00e9trangers sont localis\u00e9s \u00e0 Soleure, au Tessin et \u00e0 Z\u00fcrich pour la Suisse, et \u00e0 Vienne pour l\u2019Autriche.<\/p>\n<p>Les membres de la Lega del Chianti, appel\u00e9s legato (l\u00e9gat) ou dama (dame) sont subdivis\u00e9s en quatre cat\u00e9gories:<\/p>\n<p>\u2022 Les L\u00e9gats et les Dames d\u2019\u201cOpera\u201d: ils habitent et\/ou exercent une activit\u00e9 effective et stable dans la \u201cTerre du<\/p>\n<p>Chianti\u201d tout en la valorisant.<\/p>\n<p>\u2022 Les L\u00e9gats et les Dames d\u2019\u201dHonneur\u201d: ils partagent les id\u00e9aux de l\u2019institution mais n\u2019exercent pas d\u2019activit\u00e9 effective et stable dans la \u201cTerre du Chianti\u201d.<\/p>\n<p>\u2022 Les L\u00e9gats \u201cEccl\u00e9siastiques\u201d: ce sont naturellement des pr\u00eatres dont deux perp\u00e9tuent le statut de l\u2019ancienne Lega del Chianti en assumant les charges de correcteur et de correcteur adjoint.<\/p>\n<p>\u2022 Les L\u00e9gats et les Dames \u201cAd Honorem\u201d: ils sont appel\u00e9s \u00e0 faire partie de l\u2019institution en raison de m\u00e9rites particuliers.<\/p>\n<p>La Lega del Chianti est dirig\u00e9e par le Capitaine g\u00e9n\u00e9ral, qui supervise le Conseil majeur, principal organe dot\u00e9 de pouvoirs consultatifs et form\u00e9 de dix l\u00e9gats et dames. De nos jours, le mandat du Capitaine g\u00e9n\u00e9ral est limit\u00e9 \u00e0 sept ans. Il est \u00e9lu par l\u2019Assembl\u00e9e g\u00e9n\u00e9rale des membres de la Lega del Chianti. Seul un l\u00e9gat d\u2019\u201dOpera\u201d peut acc\u00e9der \u00e0 ce poste. Le Conseil majeur form\u00e9 de six l\u00e9gats et dames d\u2019\u201dOpera\u201d et de quatre l\u00e9gats ou dames dont le mandat est de quatre ans. Le Baron Giovanni Ricasoli-Firidolfi, \u00e9lu Capitaine g\u00e9n\u00e9ral le 4 octobre 1998, a \u00e9t\u00e9 reconduit en 2005. Chaque l\u00e9gat ou dame re\u00e7oit les insignes selon le grade et le r\u00f4le assum\u00e9s au sein de l\u2019institution.<\/p>\n<p>Entre six et dix-huit ans, l\u2019acc\u00e8s \u00e0 la Lega del Chianti est autoris\u00e9 sous la d\u00e9nomination de paggio (page) ou damigella (demoiselle). D\u00e8s leur majorit\u00e9, ceux-ci peuvent \u00eatre accueillis dans l\u2019institution en qualit\u00e9 de l\u00e9gats ou dames.<\/p>\n<\/section>\n<section id=\"events\"><\/section>\n\t\t\t\t\t\t\t\t<\/div>\n\t\t\t\t<\/div>\n\t\t\t\t<div class=\"elementor-element elementor-element-2dcfbbb elementor-widget elementor-widget-text-editor\" data-id=\"2dcfbbb\" data-element_type=\"widget\" data-widget_type=\"text-editor.default\">\n\t\t\t\t<div class=\"elementor-widget-container\">\n\t\t\t\t\t\t\t\t\t<p>Les Objectifs<\/p>\n\t\t\t\t\t\t\t\t<\/div>\n\t\t\t\t<\/div>\n\t\t\t\t<div class=\"elementor-element elementor-element-f7e430b elementor-widget elementor-widget-text-editor\" data-id=\"f7e430b\" data-element_type=\"widget\" data-widget_type=\"text-editor.default\">\n\t\t\t\t<div class=\"elementor-widget-container\">\n\t\t\t\t\t\t\t\t\t<p>La Lega del Chianti d&#8217;aujourd&#8217;hui est la continuation naturelle de l\u2019ancienne institution.Elle concilie les exigences actuelles de son territoire tout en respectant les principes d\u2019antan. Les objectifs de la Lega sont d\u00e9finis dans ses statuts en vigueur, fond\u00e9s sur l\u2019engagement \u00e0 maintenir l&#8217;int\u00e9grit\u00e9 de la \u201cTerre du Chianti\u201d, \u00e0 exalter la culture du vin, les valeurs de la vie \u00e0 la campagne et le sens religieux de la vie. Les principes de base s\u2019appuient sur une conscience universelle qui s\u2019exprime \u00e0 travers l\u2019amiti\u00e9 et la solidarit\u00e9 qui lient les habitants du Chianti et tous ceux qui aiment cette \u201cTerre\u201d.<\/p>\n\t\t\t\t\t\t\t\t<\/div>\n\t\t\t\t<\/div>\n\t\t\t\t<div class=\"elementor-element elementor-element-732f61e elementor-widget elementor-widget-text-editor\" data-id=\"732f61e\" data-element_type=\"widget\" data-widget_type=\"text-editor.default\">\n\t\t\t\t<div class=\"elementor-widget-container\">\n\t\t\t\t\t\t\t\t\t<p>NEWS<\/p>\n\t\t\t\t\t\t\t\t<\/div>\n\t\t\t\t<\/div>\n\t\t\t\t<div class=\"elementor-element elementor-element-753f533 elementor-widget elementor-widget-text-editor\" data-id=\"753f533\" data-element_type=\"widget\" data-widget_type=\"text-editor.default\">\n\t\t\t\t<div class=\"elementor-widget-container\">\n\t\t\t\t\t\t\t\t\t<p>Les Activit\u00e9s<\/p>\n\t\t\t\t\t\t\t\t<\/div>\n\t\t\t\t<\/div>\n\t\t\t\t<div class=\"elementor-element elementor-element-862fd67 elementor-widget elementor-widget-text-editor\" data-id=\"862fd67\" data-element_type=\"widget\" data-widget_type=\"text-editor.default\">\n\t\t\t\t<div class=\"elementor-widget-container\">\n\t\t\t\t\t\t\t\t\t<p>Parmi les tr\u00e8s nombreuses activit\u00e9s de la Lega del Chianti, il faut rappeler le soutien apport\u00e9 aux \u201cJourn\u00e9es d\u2019Etudes Historiques\u201d, qui de 1979 \u00e0 1997, ont eu lieu chaque ann\u00e9e, en septembre, au Palais de la Renaissance de San Donato in Perano, pr\u00e8s de Gaiole in Chianti. Durant ces journ\u00e9es, de nombreux orateurs de renom se sont exprim\u00e9s sur les th\u00e8mes les plus importants pour l\u2019histoire et l\u2019avenir du Chianti tels que l\u2019architecture, la peinture, l\u2019agriculture, la religion dans le monde paysan, la culture du vin et d\u2019autres sujets li\u00e9s \u00e0 la r\u00e9gion du Chianti. Parmi les nombreuses initiatives de l\u2019institution figure son opposition d\u00e9cisive \u00e0 la construction d\u2019incin\u00e9rateurs et de d\u00e9charges dans un paysage unique comme celui du Chianti.<\/p>\n<p>Son soutien efficace fut pr\u00e9pond\u00e9rant lors de la restauration de ce qui est consid\u00e9r\u00e9 comme l\u2019un des centres spirituels de la Lega del Chianti, la petite chapelle de Sant\u2019Eufrosino, premier \u00e9vang\u00e9lisateur du Chianti ainsi que saint protecteur de l\u2019ancienne institution, \u00e0 Panzano in Chianti. La Lega s\u2019est charg\u00e9e des travaux de restauration du petit b\u00e2timent o\u00f9 l\u2019on trouve encore des fonts baptismaux, jadis source d\u2019une eau miraculeuse selon la l\u00e9gende.<\/p>\n<p>Par ailleurs, les Capitani et Commissari des Terzieri et Pivieri organisent \u00e9galement des manifestations d\u2019importance sur leur territoire. L\u2019\u00e9v\u00e8nement le plus significatif, pour la Lega del Chianti, est le Chapitre annuel, mis sur pied par la \u201cCapitania Generale\u201d avec l\u2019indispensable soutien des autorit\u00e9s eccl\u00e9siastiques, qui s\u2019est d\u00e9roul\u00e9, alternativement, dans des lieux et \u00e9glises prestigieux de Florence et de Sienne.<\/p>\n<p>Actuellement, le Chapitre annuel est c\u00e9l\u00e9br\u00e9 dans les cath\u00e9drales de ces deux villes. Il s\u2019agit d\u2019une c\u00e9r\u00e9monie majestueuse, pr\u00e9c\u00e9d\u00e9e d\u2019une sainte messe solennelle. A cette occasion, le livre de la sainte messe b\u00e9n\u00e9ficie d\u2019une \u00e9dition originale rehauss\u00e9e de reproductions et de textes historiques et culturels consacr\u00e9s soit \u00e0 une \u0153uvre d\u2019art particuli\u00e8re soit \u00e0 un document ancien concernant l\u2019\u00e9glise o\u00f9 se d\u00e9roule la c\u00e9r\u00e9monie. Les intronisations ont lieu \u00e0 la fin du service religieux, selon un ancien c\u00e9r\u00e9monial; les nouveaux l\u00e9gats et les nouvelles dames, apr\u00e8s la lecture de la promesse devant le Capitaine g\u00e9n\u00e9ral, re\u00e7oivent de ce dernier l\u2019adoubement dans l\u2019institution. Puis, les anciennes nominations sont renouvel\u00e9es, les nouvelles promotions sont officialis\u00e9es.<\/p>\n\t\t\t\t\t\t\t\t<\/div>\n\t\t\t\t<\/div>\n\t\t\t\t\t<\/div>\n\t\t<\/div>\n\t\t\t\t<div class=\"elementor-column elementor-col-50 elementor-top-column elementor-element elementor-element-f5847ea sticky-column\" data-id=\"f5847ea\" data-element_type=\"column\">\n\t\t\t<div class=\"elementor-widget-wrap elementor-element-populated\">\n\t\t\t\t\t\t<section class=\"elementor-section elementor-inner-section elementor-element elementor-element-b1d0c25 sticky-parent elementor-section-boxed elementor-section-height-default elementor-section-height-default\" data-id=\"b1d0c25\" data-element_type=\"section\">\n\t\t\t\t\t\t<div class=\"elementor-container elementor-column-gap-default\">\n\t\t\t\t\t<div class=\"elementor-column elementor-col-100 elementor-inner-column elementor-element elementor-element-3aa9316\" data-id=\"3aa9316\" data-element_type=\"column\" data-settings=\"{&quot;background_background&quot;:&quot;classic&quot;}\">\n\t\t\t<div class=\"elementor-widget-wrap elementor-element-populated\">\n\t\t\t\t\t\t<div class=\"elementor-element elementor-element-3047db5 elementor-widget elementor-widget-image\" data-id=\"3047db5\" data-element_type=\"widget\" data-widget_type=\"image.default\">\n\t\t\t\t<div class=\"elementor-widget-container\">\n\t\t\t\t\t\t\t\t\t\t\t\t\t\t\t<img decoding=\"async\" width=\"95\" height=\"110\" src=\"https:\/\/winebrotherhoods.org\/wp-content\/uploads\/2022\/09\/logo_lega_del_chianti.jpg\" class=\"attachment-medium size-medium wp-image-1143\" alt=\"logo lega del chianti\" \/>\t\t\t\t\t\t\t\t\t\t\t\t\t\t\t<\/div>\n\t\t\t\t<\/div>\n\t\t\t\t<div class=\"elementor-element elementor-element-381dcc7 elementor-widget elementor-widget-text-editor\" data-id=\"381dcc7\" data-element_type=\"widget\" data-widget_type=\"text-editor.default\">\n\t\t\t\t<div class=\"elementor-widget-container\">\n\t\t\t\t\t\t\t\t\t<p>Capitania Generale<\/p>\n<p>Via Maggio, 7<\/p>\n<p>I- 50125 Firenze<\/p>\n<p>Italia<\/p>\n<p>Tel.: +39 (0)55 2 60 88 90<\/p>\n<p><strong>Capitano Generale:<\/strong><\/p>\n<p>Giovanni Ricasoli Firidolfi<\/p>\n<p><strong>Conseil Majeur: <\/strong>organe dot\u00e9 de pouvoirs consultatifs et form\u00e9 de dix legats et dames<\/p>\n<p><strong>Secr\u00e9taire<\/strong><\/p>\n<p>Daniela Grassi<\/p>\n<p><strong>Contact<\/strong> : <a href=\"mailto:info.legachianti@chianticlassico.com\">info.legachianti@chianticlassico.com<\/a><\/p>\n<p><strong>Site<\/strong> : <a href=\"http:\/\/www.legachianti.org\/\">www.legadelchianti.org<\/a><\/p>\n\t\t\t\t\t\t\t\t<\/div>\n\t\t\t\t<\/div>\n\t\t\t\t\t<\/div>\n\t\t<\/div>\n\t\t\t\t\t<\/div>\n\t\t<\/section>\n\t\t\t\t\t<\/div>\n\t\t<\/div>\n\t\t\t\t\t<\/div>\n\t\t<\/section>\n\t\t\t\t<\/div>\n\t\t","protected":false},"excerpt":{"rendered":"<p>LEGA DEL CHIANTI L\u2019Histoire Plus de sept si\u00e8cles se sont \u00e9coul\u00e9s depuis la fondation de la Lega del Chianti, \u00e0 l\u2019initiative de la R\u00e9publique de Florence. Il s\u2019agissait d\u2019une organisation [&hellip;]<\/p>\n","protected":false},"author":2,"featured_media":1143,"parent":4691,"menu_order":0,"comment_status":"closed","ping_status":"closed","template":"elementor_header_footer","meta":{"footnotes":""},"class_list":["post-4695","page","type-page","status-publish","has-post-thumbnail","hentry"],"jetpack_sharing_enabled":true,"post_mailing_queue_ids":[],"_links":{"self":[{"href":"https:\/\/winebrotherhoods.org\/en\/wp-json\/wp\/v2\/pages\/4695","targetHints":{"allow":["GET"]}}],"collection":[{"href":"https:\/\/winebrotherhoods.org\/en\/wp-json\/wp\/v2\/pages"}],"about":[{"href":"https:\/\/winebrotherhoods.org\/en\/wp-json\/wp\/v2\/types\/page"}],"author":[{"embeddable":true,"href":"https:\/\/winebrotherhoods.org\/en\/wp-json\/wp\/v2\/users\/2"}],"replies":[{"embeddable":true,"href":"https:\/\/winebrotherhoods.org\/en\/wp-json\/wp\/v2\/comments?post=4695"}],"version-history":[{"count":2,"href":"https:\/\/winebrotherhoods.org\/en\/wp-json\/wp\/v2\/pages\/4695\/revisions"}],"predecessor-version":[{"id":4819,"href":"https:\/\/winebrotherhoods.org\/en\/wp-json\/wp\/v2\/pages\/4695\/revisions\/4819"}],"up":[{"embeddable":true,"href":"https:\/\/winebrotherhoods.org\/en\/wp-json\/wp\/v2\/pages\/4691"}],"wp:featuredmedia":[{"embeddable":true,"href":"https:\/\/winebrotherhoods.org\/en\/wp-json\/wp\/v2\/media\/1143"}],"wp:attachment":[{"href":"https:\/\/winebrotherhoods.org\/en\/wp-json\/wp\/v2\/media?parent=4695"}],"curies":[{"name":"wp","href":"https:\/\/api.w.org\/{rel}","templated":true}]}}