{"id":4689,"date":"2022-09-27T23:29:15","date_gmt":"2022-09-27T21:29:15","guid":{"rendered":"https:\/\/winebrotherhoods.org\/brotherhoods\/hungary-brotherhood\/hungary-brotherhood-order-of-the-ladies-of-pannonia\/"},"modified":"2023-01-19T04:31:31","modified_gmt":"2023-01-19T03:31:31","slug":"hungary-brotherhood-order-of-the-ladies-of-pannonia","status":"publish","type":"page","link":"https:\/\/winebrotherhoods.org\/en\/brotherhoods\/hungary-brotherhood\/hungary-brotherhood-order-of-the-ladies-of-pannonia\/","title":{"rendered":"HUNGARY BROTHERHOOD &#8211; ORDER OF THE LADIES OF PANNONIA"},"content":{"rendered":"\t\t<div data-elementor-type=\"wp-page\" data-elementor-id=\"4689\" class=\"elementor elementor-4689 elementor-1109\" data-elementor-post-type=\"page\">\n\t\t\t\t\t\t<section class=\"elementor-section elementor-top-section elementor-element elementor-element-ee64093 elementor-section-height-min-height elementor-section-items-top elementor-section-boxed elementor-section-height-default\" data-id=\"ee64093\" data-element_type=\"section\" data-settings=\"{&quot;background_background&quot;:&quot;classic&quot;}\">\n\t\t\t\t\t\t<div class=\"elementor-container elementor-column-gap-default\">\n\t\t\t\t\t<div class=\"elementor-column elementor-col-50 elementor-top-column elementor-element elementor-element-e736100\" data-id=\"e736100\" data-element_type=\"column\" data-settings=\"{&quot;background_background&quot;:&quot;classic&quot;}\">\n\t\t\t<div class=\"elementor-widget-wrap elementor-element-populated\">\n\t\t\t\t\t\t<div class=\"elementor-element elementor-element-7adc0dd elementor-widget elementor-widget-heading\" data-id=\"7adc0dd\" data-element_type=\"widget\" data-widget_type=\"heading.default\">\n\t\t\t\t<div class=\"elementor-widget-container\">\n\t\t\t\t\t<h1 class=\"elementor-heading-title elementor-size-default\">ORDER OF THE LADIES OF PANNONIA<\/h1>\t\t\t\t<\/div>\n\t\t\t\t<\/div>\n\t\t\t\t<div class=\"elementor-element elementor-element-dacf2ef elementor-widget elementor-widget-text-editor\" data-id=\"dacf2ef\" data-element_type=\"widget\" data-widget_type=\"text-editor.default\">\n\t\t\t\t<div class=\"elementor-widget-container\">\n\t\t\t\t\t\t\t\t\t<p>Our Order was established on 12th July, 2004 in order to promote Hungarian wine growers and wines both at home and abroad. Our other important role is to make large numbers of people aware of the traditions of Hungarian wine culture and encourage wine consumers to turn to quality wines. <\/p>\n<p>We do not have close connection with any of the wine regions, so that our activity is developed throughout the country. Our members in private life are: financial experts, lawyers, teachers, entrepreneurs, company employees, journalists and some are specialized in gastronomy and wine marketing. <\/p>\n\t\t\t\t\t\t\t\t<\/div>\n\t\t\t\t<\/div>\n\t\t\t\t<div class=\"elementor-element elementor-element-732f61e elementor-widget elementor-widget-text-editor\" data-id=\"732f61e\" data-element_type=\"widget\" data-widget_type=\"text-editor.default\">\n\t\t\t\t<div class=\"elementor-widget-container\">\n\t\t\t\t\t\t\t\t\t<p>NEWS<\/p>\n\t\t\t\t\t\t\t\t<\/div>\n\t\t\t\t<\/div>\n\t\t\t\t<div class=\"elementor-element elementor-element-8c5de3e elementor-widget elementor-widget-text-editor\" data-id=\"8c5de3e\" data-element_type=\"widget\" data-widget_type=\"text-editor.default\">\n\t\t\t\t<div class=\"elementor-widget-container\">\n\t\t\t\t\t\t\t\t\t<div id=\"wrapper-main\">\n<div id=\"main\" role=\"main\">\n<section id=\"events\">\n<p>Over the last years, we have organized many wine dinners, wine galas and wine conferences; we held foreign wine tasting programs and attracted many new fans of Hungarian quality wines. In addition to our regular scheduled events, this year we were requested by an important tourist city to organize a competition to elect the &#8216;Wine of the town&#8217; and by a neighboring country to organize a Wine Ball.   <\/p>\n<p>We consider as a high honor that our Order was entrusted by the Hungarian Wine Association to organize the events of the 2010 edition of the FICB International Congress in Hungary.<\/p>\n<\/section>\n<\/div>\n<\/div>\n\t\t\t\t\t\t\t\t<\/div>\n\t\t\t\t<\/div>\n\t\t\t\t\t<\/div>\n\t\t<\/div>\n\t\t\t\t<div class=\"elementor-column elementor-col-50 elementor-top-column elementor-element elementor-element-f5847ea sticky-column\" data-id=\"f5847ea\" data-element_type=\"column\">\n\t\t\t<div class=\"elementor-widget-wrap elementor-element-populated\">\n\t\t\t\t\t\t<section class=\"elementor-section elementor-inner-section elementor-element elementor-element-b1d0c25 sticky-parent elementor-section-boxed elementor-section-height-default elementor-section-height-default\" data-id=\"b1d0c25\" data-element_type=\"section\">\n\t\t\t\t\t\t<div class=\"elementor-container elementor-column-gap-default\">\n\t\t\t\t\t<div class=\"elementor-column elementor-col-100 elementor-inner-column elementor-element elementor-element-3aa9316\" data-id=\"3aa9316\" data-element_type=\"column\" data-settings=\"{&quot;background_background&quot;:&quot;classic&quot;}\">\n\t\t\t<div class=\"elementor-widget-wrap elementor-element-populated\">\n\t\t\t\t\t\t<div class=\"elementor-element elementor-element-3047db5 elementor-widget elementor-widget-image\" data-id=\"3047db5\" data-element_type=\"widget\" data-widget_type=\"image.default\">\n\t\t\t\t<div class=\"elementor-widget-container\">\n\t\t\t\t\t\t\t\t\t\t\t\t\t\t\t<img fetchpriority=\"high\" decoding=\"async\" width=\"261\" height=\"300\" src=\"https:\/\/winebrotherhoods.org\/wp-content\/uploads\/2022\/09\/logo_Pannonia.jpg\" class=\"attachment-medium size-medium wp-image-1111\" alt=\"logo Pannonia\" \/>\t\t\t\t\t\t\t\t\t\t\t\t\t\t\t<\/div>\n\t\t\t\t<\/div>\n\t\t\t\t<div class=\"elementor-element elementor-element-381dcc7 elementor-widget elementor-widget-text-editor\" data-id=\"381dcc7\" data-element_type=\"widget\" data-widget_type=\"text-editor.default\">\n\t\t\t\t<div class=\"elementor-widget-container\">\n\t\t\t\t\t\t\t\t\t<div id=\"top-block\">\n<section id=\"identity\">\n<p>Laki u. 15<\/p>\n<p>HU- 2141 Cs\u00f6m\u00f6r<\/p>\n<p>Hongrie<\/p>\n<p>Mobile: +36-209-539-006<\/p>\n<p><strong>President &#8211; grand ma\u00eetre<\/strong><br \/>Mme Ildik\u00f3 Kem\u00e9nyn\u00e9 Koncz<\/p>\n<p><strong>Contact<\/strong> : <a href=\"mailto:ikoncz@raiffeisen.hu\">ikoncz@raiffeisen.hu<\/a><\/p>\n<\/section>\n<\/div>\n<section id=\"associated\"><\/section>\n\t\t\t\t\t\t\t\t<\/div>\n\t\t\t\t<\/div>\n\t\t\t\t\t<\/div>\n\t\t<\/div>\n\t\t\t\t\t<\/div>\n\t\t<\/section>\n\t\t\t\t\t<\/div>\n\t\t<\/div>\n\t\t\t\t\t<\/div>\n\t\t<\/section>\n\t\t\t\t<\/div>\n\t\t","protected":false},"excerpt":{"rendered":"<p>ORDER OF THE LADIES OF PANNONIA Our Order was established on 12th July, 2004 in order to promote Hungarian wine growers and wines both at home and abroad. Our other [&hellip;]<\/p>\n","protected":false},"author":2,"featured_media":1111,"parent":4681,"menu_order":0,"comment_status":"closed","ping_status":"closed","template":"elementor_header_footer","meta":{"footnotes":""},"class_list":["post-4689","page","type-page","status-publish","has-post-thumbnail","hentry"],"jetpack_sharing_enabled":true,"post_mailing_queue_ids":[],"_links":{"self":[{"href":"https:\/\/winebrotherhoods.org\/en\/wp-json\/wp\/v2\/pages\/4689","targetHints":{"allow":["GET"]}}],"collection":[{"href":"https:\/\/winebrotherhoods.org\/en\/wp-json\/wp\/v2\/pages"}],"about":[{"href":"https:\/\/winebrotherhoods.org\/en\/wp-json\/wp\/v2\/types\/page"}],"author":[{"embeddable":true,"href":"https:\/\/winebrotherhoods.org\/en\/wp-json\/wp\/v2\/users\/2"}],"replies":[{"embeddable":true,"href":"https:\/\/winebrotherhoods.org\/en\/wp-json\/wp\/v2\/comments?post=4689"}],"version-history":[{"count":2,"href":"https:\/\/winebrotherhoods.org\/en\/wp-json\/wp\/v2\/pages\/4689\/revisions"}],"predecessor-version":[{"id":4815,"href":"https:\/\/winebrotherhoods.org\/en\/wp-json\/wp\/v2\/pages\/4689\/revisions\/4815"}],"up":[{"embeddable":true,"href":"https:\/\/winebrotherhoods.org\/en\/wp-json\/wp\/v2\/pages\/4681"}],"wp:featuredmedia":[{"embeddable":true,"href":"https:\/\/winebrotherhoods.org\/en\/wp-json\/wp\/v2\/media\/1111"}],"wp:attachment":[{"href":"https:\/\/winebrotherhoods.org\/en\/wp-json\/wp\/v2\/media?parent=4689"}],"curies":[{"name":"wp","href":"https:\/\/api.w.org\/{rel}","templated":true}]}}