{"id":4687,"date":"2022-09-27T23:23:27","date_gmt":"2022-09-27T21:23:27","guid":{"rendered":"https:\/\/winebrotherhoods.org\/brotherhoods\/hungary-brotherhood\/hungary-brotherhood-hungarian-federation-of-wine-brotherhoods\/"},"modified":"2025-08-28T15:47:10","modified_gmt":"2025-08-28T13:47:10","slug":"hungary-brotherhood-hungarian-federation-of-wine-brotherhoods","status":"publish","type":"page","link":"https:\/\/winebrotherhoods.org\/en\/brotherhoods\/hungary-brotherhood\/hungary-brotherhood-hungarian-federation-of-wine-brotherhoods\/","title":{"rendered":"HUNGARY BROTHERHOOD &#8211; HUNGARIAN FEDERATION OF WINE BROTHERHOODS"},"content":{"rendered":"\t\t<div data-elementor-type=\"wp-page\" data-elementor-id=\"4687\" class=\"elementor elementor-4687 elementor-1098\" data-elementor-post-type=\"page\">\n\t\t\t\t\t\t<section class=\"elementor-section elementor-top-section elementor-element elementor-element-ee64093 elementor-section-height-min-height elementor-section-items-top elementor-section-boxed elementor-section-height-default\" data-id=\"ee64093\" data-element_type=\"section\" data-settings=\"{&quot;background_background&quot;:&quot;classic&quot;}\">\n\t\t\t\t\t\t<div class=\"elementor-container elementor-column-gap-default\">\n\t\t\t\t\t<div class=\"elementor-column elementor-col-50 elementor-top-column elementor-element elementor-element-e736100\" data-id=\"e736100\" data-element_type=\"column\" data-settings=\"{&quot;background_background&quot;:&quot;classic&quot;}\">\n\t\t\t<div class=\"elementor-widget-wrap elementor-element-populated\">\n\t\t\t\t\t\t<div class=\"elementor-element elementor-element-7adc0dd elementor-widget elementor-widget-heading\" data-id=\"7adc0dd\" data-element_type=\"widget\" data-widget_type=\"heading.default\">\n\t\t\t\t<div class=\"elementor-widget-container\">\n\t\t\t\t\t<h1 class=\"elementor-heading-title elementor-size-default\">HUNGARIAN FEDERATION OF WINE BROTHERHOODS<\/h1>\t\t\t\t<\/div>\n\t\t\t\t<\/div>\n\t\t\t\t<div class=\"elementor-element elementor-element-36a604f elementor-widget elementor-widget-image\" data-id=\"36a604f\" data-element_type=\"widget\" data-widget_type=\"image.default\">\n\t\t\t\t<div class=\"elementor-widget-container\">\n\t\t\t\t\t\t\t\t\t\t\t\t\t\t\t<img decoding=\"async\" width=\"300\" height=\"164\" src=\"https:\/\/winebrotherhoods.org\/wp-content\/uploads\/2022\/09\/Mori-Bornapok-2012..jpg\" class=\"attachment-medium size-medium wp-image-1103\" alt=\"Mori Bornapok 2012.\" \/>\t\t\t\t\t\t\t\t\t\t\t\t\t\t\t<\/div>\n\t\t\t\t<\/div>\n\t\t\t\t<div class=\"elementor-element elementor-element-dacf2ef elementor-widget elementor-widget-text-editor\" data-id=\"dacf2ef\" data-element_type=\"widget\" data-widget_type=\"text-editor.default\">\n\t\t\t\t<div class=\"elementor-widget-container\">\n\t\t\t\t\t\t\t\t\t<p>The National Federation of Wine Brotherhoods of Hungary was established in 1985 to coordinate the activities of the eight founding brotherhoods. Today, our Federation comprises 42 brotherhoods.<\/p><p>The aim of the guilds and their members is to raise awareness of appellations, regions and Hungarian wines in general. We want to associate viticulture and winemaking with the culture, history and traditions of the regions for wine lovers.<\/p><p>At the same time, we are the spokespersons or \u2018ambassadors\u2019 for moderate wine consumption, teaching wine lovers to \u2018appreciate and consume in moderation\u2019. We promote our wines through our high standards and reputation.<\/p><p>More generally, we contribute to spreading the culture and importance of moderate consumption of this \u2018Bacchic drink\u2019 among civil society.<\/p>\t\t\t\t\t\t\t\t<\/div>\n\t\t\t\t<\/div>\n\t\t\t\t<div class=\"elementor-element elementor-element-fd65f36 elementor-widget elementor-widget-text-editor\" data-id=\"fd65f36\" data-element_type=\"widget\" data-widget_type=\"text-editor.default\">\n\t\t\t\t<div class=\"elementor-widget-container\">\n\t\t\t\t\t\t\t\t\t<p><strong>Categories of members<\/strong><\/p>\t\t\t\t\t\t\t\t<\/div>\n\t\t\t\t<\/div>\n\t\t\t\t<div class=\"elementor-element elementor-element-c805632 elementor-widget elementor-widget-text-editor\" data-id=\"c805632\" data-element_type=\"widget\" data-widget_type=\"text-editor.default\">\n\t\t\t\t<div class=\"elementor-widget-container\">\n\t\t\t\t\t\t\t\t\t<p>Full members: Hungarian brotherhoods<\/p><p>Associate members: brotherhoods in neighbouring countries<\/p>\t\t\t\t\t\t\t\t<\/div>\n\t\t\t\t<\/div>\n\t\t\t\t<div class=\"elementor-element elementor-element-debc267 elementor-widget elementor-widget-image\" data-id=\"debc267\" data-element_type=\"widget\" data-widget_type=\"image.default\">\n\t\t\t\t<div class=\"elementor-widget-container\">\n\t\t\t\t\t\t\t\t\t\t\t\t\t\t\t<img fetchpriority=\"high\" decoding=\"async\" width=\"240\" height=\"300\" src=\"https:\/\/winebrotherhoods.org\/wp-content\/uploads\/2022\/09\/emblema_rgb-1.jpg\" class=\"attachment-medium size-medium wp-image-1105\" alt=\"emblema rgb 1\" \/>\t\t\t\t\t\t\t\t\t\t\t\t\t\t\t<\/div>\n\t\t\t\t<\/div>\n\t\t\t\t<div class=\"elementor-element elementor-element-732f61e elementor-widget elementor-widget-text-editor\" data-id=\"732f61e\" data-element_type=\"widget\" data-widget_type=\"text-editor.default\">\n\t\t\t\t<div class=\"elementor-widget-container\">\n\t\t\t\t\t\t\t\t\t<p>NEWS<\/p>\n\t\t\t\t\t\t\t\t<\/div>\n\t\t\t\t<\/div>\n\t\t\t\t<div class=\"elementor-element elementor-element-8c5de3e elementor-widget elementor-widget-text-editor\" data-id=\"8c5de3e\" data-element_type=\"widget\" data-widget_type=\"text-editor.default\">\n\t\t\t\t<div class=\"elementor-widget-container\">\n\t\t\t\t\t\t\t\t\t<p>Traditional winegrowers&#8217; festivals take place on the feast days of Christian saints who are patrons of viticulture and winemaking, e.g. St Martin, St Urban.<\/p><p>Participation in wine and harvest festivals.<\/p>\t\t\t\t\t\t\t\t<\/div>\n\t\t\t\t<\/div>\n\t\t\t\t\t<\/div>\n\t\t<\/div>\n\t\t\t\t<div class=\"elementor-column elementor-col-50 elementor-top-column elementor-element elementor-element-f5847ea sticky-column\" data-id=\"f5847ea\" data-element_type=\"column\">\n\t\t\t<div class=\"elementor-widget-wrap elementor-element-populated\">\n\t\t\t\t\t\t<section class=\"elementor-section elementor-inner-section elementor-element elementor-element-b1d0c25 sticky-parent elementor-section-boxed elementor-section-height-default elementor-section-height-default\" data-id=\"b1d0c25\" data-element_type=\"section\">\n\t\t\t\t\t\t<div class=\"elementor-container elementor-column-gap-default\">\n\t\t\t\t\t<div class=\"elementor-column elementor-col-100 elementor-inner-column elementor-element elementor-element-3aa9316\" data-id=\"3aa9316\" data-element_type=\"column\" data-settings=\"{&quot;background_background&quot;:&quot;classic&quot;}\">\n\t\t\t<div class=\"elementor-widget-wrap elementor-element-populated\">\n\t\t\t\t\t\t<div class=\"elementor-element elementor-element-3047db5 elementor-widget elementor-widget-image\" data-id=\"3047db5\" data-element_type=\"widget\" data-widget_type=\"image.default\">\n\t\t\t\t<div class=\"elementor-widget-container\">\n\t\t\t\t\t\t\t\t\t\t\t\t\t\t\t<img decoding=\"async\" width=\"166\" height=\"166\" src=\"https:\/\/winebrotherhoods.org\/wp-content\/uploads\/2022\/09\/logo-2.jpg\" class=\"attachment-medium size-medium wp-image-1100\" alt=\"logo 2\" srcset=\"https:\/\/winebrotherhoods.org\/wp-content\/uploads\/2022\/09\/logo-2.jpg 166w, https:\/\/winebrotherhoods.org\/wp-content\/uploads\/2022\/09\/logo-2-150x150.jpg 150w\" sizes=\"(max-width: 166px) 100vw, 166px\" \/>\t\t\t\t\t\t\t\t\t\t\t\t\t\t\t<\/div>\n\t\t\t\t<\/div>\n\t\t\t\t<div class=\"elementor-element elementor-element-381dcc7 elementor-widget elementor-widget-text-editor\" data-id=\"381dcc7\" data-element_type=\"widget\" data-widget_type=\"text-editor.default\">\n\t\t\t\t<div class=\"elementor-widget-container\">\n\t\t\t\t\t\t\t\t\t<div id=\"top-block\">\n<section id=\"identity\">\n<p>Magyarorsz\u00e1gi Borrendek Orsz\u00e1gos Sz\u00f6vets\u00e9ge<\/p>\n<div>H-8230 Balatonf\u00fcred, <\/div>\n<div dir=\"auto\">Blaha Lujza \u00fat 5.<\/div>\n<p>Tel. : + 36 1226-32-67<\/p>\n<p>Fax. : 36 1 226<\/p>\n<p><strong>Contact<\/strong> : brazsil@gmail.com<\/p>\n<p>+36 30 651 9349-32-67<\/p>\n<p><strong>Bureau<\/strong><\/p>\n<p><strong>President<\/strong><\/p>\n<p>Dr. Andr\u00e1s Terts<\/p>\n<p><strong>Secr\u00e9taire G\u00e9n\u00e9rale<\/strong><\/p>\n<p>Mme Maria B\u00edr\u00f3<\/p>\n<p>Dr.Urb\u00e1n Andr\u00e1s aleln\u00f6k<\/p>\n<p>Koczor K\u00e1lm\u00e1n aleln\u00f6k<\/p>\n<p>T\u00e1los Tam\u00e1s aleln\u00f6k<\/p>\n<p>Dr. Matula P\u00e1l Fel\u00fcgyel?bizotts\u00e1g eln\u00f6ke <\/p>\n<p>Contact: <a href=\"mailto:biromaria46@gmail.com\">biromaria46@gmail.com<\/a><\/p>\n<p>Site : <a href=\"http:\/\/www.borrend.hu\/\">www.borrend.hu<\/a><\/p>\n<\/section>\n<\/div>\n<section id=\"associated\"><\/section>\n\t\t\t\t\t\t\t\t<\/div>\n\t\t\t\t<\/div>\n\t\t\t\t\t<\/div>\n\t\t<\/div>\n\t\t\t\t\t<\/div>\n\t\t<\/section>\n\t\t\t\t\t<\/div>\n\t\t<\/div>\n\t\t\t\t\t<\/div>\n\t\t<\/section>\n\t\t\t\t<\/div>\n\t\t","protected":false},"excerpt":{"rendered":"<p>HUNGARIAN FEDERATION OF WINE BROTHERHOODS The National Federation of Wine Brotherhoods of Hungary was established in 1985 to coordinate the activities of the eight founding brotherhoods. Today, our Federation comprises [&hellip;]<\/p>\n","protected":false},"author":2,"featured_media":1100,"parent":4681,"menu_order":0,"comment_status":"closed","ping_status":"closed","template":"elementor_header_footer","meta":{"footnotes":""},"class_list":["post-4687","page","type-page","status-publish","has-post-thumbnail","hentry"],"jetpack_sharing_enabled":true,"post_mailing_queue_ids":[],"_links":{"self":[{"href":"https:\/\/winebrotherhoods.org\/en\/wp-json\/wp\/v2\/pages\/4687","targetHints":{"allow":["GET"]}}],"collection":[{"href":"https:\/\/winebrotherhoods.org\/en\/wp-json\/wp\/v2\/pages"}],"about":[{"href":"https:\/\/winebrotherhoods.org\/en\/wp-json\/wp\/v2\/types\/page"}],"author":[{"embeddable":true,"href":"https:\/\/winebrotherhoods.org\/en\/wp-json\/wp\/v2\/users\/2"}],"replies":[{"embeddable":true,"href":"https:\/\/winebrotherhoods.org\/en\/wp-json\/wp\/v2\/comments?post=4687"}],"version-history":[{"count":5,"href":"https:\/\/winebrotherhoods.org\/en\/wp-json\/wp\/v2\/pages\/4687\/revisions"}],"predecessor-version":[{"id":8631,"href":"https:\/\/winebrotherhoods.org\/en\/wp-json\/wp\/v2\/pages\/4687\/revisions\/8631"}],"up":[{"embeddable":true,"href":"https:\/\/winebrotherhoods.org\/en\/wp-json\/wp\/v2\/pages\/4681"}],"wp:featuredmedia":[{"embeddable":true,"href":"https:\/\/winebrotherhoods.org\/en\/wp-json\/wp\/v2\/media\/1100"}],"wp:attachment":[{"href":"https:\/\/winebrotherhoods.org\/en\/wp-json\/wp\/v2\/media?parent=4687"}],"curies":[{"name":"wp","href":"https:\/\/api.w.org\/{rel}","templated":true}]}}