{"id":4673,"date":"2022-09-27T22:31:47","date_gmt":"2022-09-27T20:31:47","guid":{"rendered":"https:\/\/winebrotherhoods.org\/brotherhoods\/france-brotherhood\/france-brotherhood-les-fins-gousiers-danjou\/"},"modified":"2023-01-19T04:31:13","modified_gmt":"2023-01-19T03:31:13","slug":"france-brotherhood-les-fins-gousiers-danjou","status":"publish","type":"page","link":"https:\/\/winebrotherhoods.org\/en\/brotherhoods\/france-brotherhood\/france-brotherhood-les-fins-gousiers-danjou\/","title":{"rendered":"France Brotherhood &#8211; LES FINS GOUSIERS D&#8217;ANJOU"},"content":{"rendered":"\t\t<div data-elementor-type=\"wp-page\" data-elementor-id=\"4673\" class=\"elementor elementor-4673 elementor-1036\" data-elementor-post-type=\"page\">\n\t\t\t\t\t\t<section class=\"elementor-section elementor-top-section elementor-element elementor-element-ee64093 elementor-section-height-min-height elementor-section-items-top elementor-section-boxed elementor-section-height-default\" data-id=\"ee64093\" data-element_type=\"section\" data-settings=\"{&quot;background_background&quot;:&quot;classic&quot;}\">\n\t\t\t\t\t\t<div class=\"elementor-container elementor-column-gap-default\">\n\t\t\t\t\t<div class=\"elementor-column elementor-col-50 elementor-top-column elementor-element elementor-element-e736100\" data-id=\"e736100\" data-element_type=\"column\" data-settings=\"{&quot;background_background&quot;:&quot;classic&quot;}\">\n\t\t\t<div class=\"elementor-widget-wrap elementor-element-populated\">\n\t\t\t\t\t\t<div class=\"elementor-element elementor-element-7adc0dd elementor-widget elementor-widget-heading\" data-id=\"7adc0dd\" data-element_type=\"widget\" data-widget_type=\"heading.default\">\n\t\t\t\t<div class=\"elementor-widget-container\">\n\t\t\t\t\t<h1 class=\"elementor-heading-title elementor-size-default\">LES FINS GOUSIERS D'ANJOU<\/h1>\t\t\t\t<\/div>\n\t\t\t\t<\/div>\n\t\t\t\t<div class=\"elementor-element elementor-element-36a604f elementor-widget elementor-widget-image\" data-id=\"36a604f\" data-element_type=\"widget\" data-widget_type=\"image.default\">\n\t\t\t\t<div class=\"elementor-widget-container\">\n\t\t\t\t\t\t\t\t\t\t\t\t\t\t\t<img decoding=\"async\" width=\"280\" height=\"100\" src=\"https:\/\/winebrotherhoods.org\/wp-content\/uploads\/2022\/09\/finsgousiers.jpg\" class=\"attachment-medium size-medium wp-image-1038\" alt=\"finsgousiers\" \/>\t\t\t\t\t\t\t\t\t\t\t\t\t\t\t<\/div>\n\t\t\t\t<\/div>\n\t\t\t\t<div class=\"elementor-element elementor-element-a741bdc elementor-widget elementor-widget-image\" data-id=\"a741bdc\" data-element_type=\"widget\" data-widget_type=\"image.default\">\n\t\t\t\t<div class=\"elementor-widget-container\">\n\t\t\t\t\t\t\t\t\t\t\t\t\t\t\t<img decoding=\"async\" width=\"280\" height=\"100\" src=\"https:\/\/winebrotherhoods.org\/wp-content\/uploads\/2022\/09\/finsgousiers2.jpg\" class=\"attachment-medium size-medium wp-image-1041\" alt=\"finsgousiers2\" \/>\t\t\t\t\t\t\t\t\t\t\t\t\t\t\t<\/div>\n\t\t\t\t<\/div>\n\t\t\t\t\t<\/div>\n\t\t<\/div>\n\t\t\t\t<div class=\"elementor-column elementor-col-50 elementor-top-column elementor-element elementor-element-f5847ea sticky-column\" data-id=\"f5847ea\" data-element_type=\"column\">\n\t\t\t<div class=\"elementor-widget-wrap elementor-element-populated\">\n\t\t\t\t\t\t<section class=\"elementor-section elementor-inner-section elementor-element elementor-element-b1d0c25 sticky-parent elementor-section-boxed elementor-section-height-default elementor-section-height-default\" data-id=\"b1d0c25\" data-element_type=\"section\">\n\t\t\t\t\t\t<div class=\"elementor-container elementor-column-gap-default\">\n\t\t\t\t\t<div class=\"elementor-column elementor-col-100 elementor-inner-column elementor-element elementor-element-3aa9316\" data-id=\"3aa9316\" data-element_type=\"column\" data-settings=\"{&quot;background_background&quot;:&quot;classic&quot;}\">\n\t\t\t<div class=\"elementor-widget-wrap elementor-element-populated\">\n\t\t\t\t\t\t<div class=\"elementor-element elementor-element-381dcc7 elementor-widget elementor-widget-text-editor\" data-id=\"381dcc7\" data-element_type=\"widget\" data-widget_type=\"text-editor.default\">\n\t\t\t\t<div class=\"elementor-widget-container\">\n\t\t\t\t\t\t\t\t\t<p>Mus\u00e9e de la Vigne et du Vin<br \/>F- 49750 Saint-Lambert<br \/>France<\/p>\n<p><strong>Tel<\/strong> : +33 (0)2 41 66 35 27<\/p>\n<p><strong>Pr\u00e9sident <br \/><\/strong>Pierre CESBRON<\/p>\n<p><strong>Contact :<\/strong><br \/>Dominique PAIROCHON<br \/>1 All\u00e9e de Casota<br \/>49290- Chalonnes sur Loire<br \/>FRANCE<\/p>\n<p>Tel : +33 (0)6 80 14 58 56<\/p>\n<p>Fax : +33 (0)2 41 78 04 26<\/p>\n<p><a href=\"mailto:marie.claire.delaunay@gmail.com\">dominiquepairochon@outlook.com<\/a><\/p>\n<p><strong>Site<\/strong>: <a href=\"http:\/\/www.finsgousiers.fr\/\">www.finsgousiers.fr\/<\/a><\/p>\n\t\t\t\t\t\t\t\t<\/div>\n\t\t\t\t<\/div>\n\t\t\t\t\t<\/div>\n\t\t<\/div>\n\t\t\t\t\t<\/div>\n\t\t<\/section>\n\t\t\t\t\t<\/div>\n\t\t<\/div>\n\t\t\t\t\t<\/div>\n\t\t<\/section>\n\t\t\t\t<\/div>\n\t\t","protected":false},"excerpt":{"rendered":"<p>LES FINS GOUSIERS D&#8217;ANJOU Mus\u00e9e de la Vigne et du VinF- 49750 Saint-LambertFrance Tel : +33 (0)2 41 66 35 27 Pr\u00e9sident Pierre CESBRON Contact :Dominique PAIROCHON1 All\u00e9e de Casota49290- [&hellip;]<\/p>\n","protected":false},"author":2,"featured_media":1038,"parent":4647,"menu_order":0,"comment_status":"closed","ping_status":"closed","template":"elementor_header_footer","meta":{"footnotes":""},"class_list":["post-4673","page","type-page","status-publish","has-post-thumbnail","hentry"],"jetpack_sharing_enabled":true,"post_mailing_queue_ids":[],"_links":{"self":[{"href":"https:\/\/winebrotherhoods.org\/en\/wp-json\/wp\/v2\/pages\/4673","targetHints":{"allow":["GET"]}}],"collection":[{"href":"https:\/\/winebrotherhoods.org\/en\/wp-json\/wp\/v2\/pages"}],"about":[{"href":"https:\/\/winebrotherhoods.org\/en\/wp-json\/wp\/v2\/types\/page"}],"author":[{"embeddable":true,"href":"https:\/\/winebrotherhoods.org\/en\/wp-json\/wp\/v2\/users\/2"}],"replies":[{"embeddable":true,"href":"https:\/\/winebrotherhoods.org\/en\/wp-json\/wp\/v2\/comments?post=4673"}],"version-history":[{"count":2,"href":"https:\/\/winebrotherhoods.org\/en\/wp-json\/wp\/v2\/pages\/4673\/revisions"}],"predecessor-version":[{"id":4810,"href":"https:\/\/winebrotherhoods.org\/en\/wp-json\/wp\/v2\/pages\/4673\/revisions\/4810"}],"up":[{"embeddable":true,"href":"https:\/\/winebrotherhoods.org\/en\/wp-json\/wp\/v2\/pages\/4647"}],"wp:featuredmedia":[{"embeddable":true,"href":"https:\/\/winebrotherhoods.org\/en\/wp-json\/wp\/v2\/media\/1038"}],"wp:attachment":[{"href":"https:\/\/winebrotherhoods.org\/en\/wp-json\/wp\/v2\/media?parent=4673"}],"curies":[{"name":"wp","href":"https:\/\/api.w.org\/{rel}","templated":true}]}}