{"id":4661,"date":"2022-09-27T21:59:44","date_gmt":"2022-09-27T19:59:44","guid":{"rendered":"https:\/\/winebrotherhoods.org\/brotherhoods\/france-brotherhood\/france-brotherhood-confrerie-oenogastronomique-des-vins-aoc-orleans-et-orleans-clery\/"},"modified":"2024-10-31T18:57:47","modified_gmt":"2024-10-31T17:57:47","slug":"france-brotherhood-confrerie-oenogastronomique-des-vins-aoc-orleans-et-orleans-clery","status":"publish","type":"page","link":"https:\/\/winebrotherhoods.org\/en\/brotherhoods\/france-brotherhood\/france-brotherhood-confrerie-oenogastronomique-des-vins-aoc-orleans-et-orleans-clery\/","title":{"rendered":"France Brotherhood &#8211; CONFR\u00c9RIE OENOGASTRONOMIQUE DES VINS AOC ORL\u00c9ANS ET ORL\u00c9ANS CL\u00c9RY"},"content":{"rendered":"\t\t<div data-elementor-type=\"wp-page\" data-elementor-id=\"4661\" class=\"elementor elementor-4661 elementor-995\" data-elementor-post-type=\"page\">\n\t\t\t\t\t\t<section class=\"elementor-section elementor-top-section elementor-element elementor-element-ee64093 elementor-section-height-min-height elementor-section-items-top elementor-section-boxed elementor-section-height-default\" data-id=\"ee64093\" data-element_type=\"section\" data-settings=\"{&quot;background_background&quot;:&quot;classic&quot;}\">\n\t\t\t\t\t\t<div class=\"elementor-container elementor-column-gap-default\">\n\t\t\t\t\t<div class=\"elementor-column elementor-col-50 elementor-top-column elementor-element elementor-element-e736100\" data-id=\"e736100\" data-element_type=\"column\" data-settings=\"{&quot;background_background&quot;:&quot;classic&quot;}\">\n\t\t\t<div class=\"elementor-widget-wrap elementor-element-populated\">\n\t\t\t\t\t\t<div class=\"elementor-element elementor-element-7adc0dd elementor-widget elementor-widget-heading\" data-id=\"7adc0dd\" data-element_type=\"widget\" data-widget_type=\"heading.default\">\n\t\t\t\t<div class=\"elementor-widget-container\">\n\t\t\t\t\t<h1 class=\"elementor-heading-title elementor-size-default\">CONFR\u00c9RIE OENOGASTRONOMIQUE DES VINS AOC ORL\u00c9ANS ET ORL\u00c9ANS CL\u00c9RY<\/h1>\t\t\t\t<\/div>\n\t\t\t\t<\/div>\n\t\t\t\t<div class=\"elementor-element elementor-element-36a604f elementor-widget elementor-widget-image\" data-id=\"36a604f\" data-element_type=\"widget\" data-widget_type=\"image.default\">\n\t\t\t\t<div class=\"elementor-widget-container\">\n\t\t\t\t\t\t\t\t\t\t\t\t\t\t\t<img fetchpriority=\"high\" decoding=\"async\" width=\"250\" height=\"250\" src=\"https:\/\/winebrotherhoods.org\/wp-content\/uploads\/2022\/09\/France_Orleans-Clery_1.jpg\" class=\"attachment-medium size-medium wp-image-997\" alt=\"France Orleans Clery 1\" srcset=\"https:\/\/winebrotherhoods.org\/wp-content\/uploads\/2022\/09\/France_Orleans-Clery_1.jpg 250w, https:\/\/winebrotherhoods.org\/wp-content\/uploads\/2022\/09\/France_Orleans-Clery_1-150x150.jpg 150w\" sizes=\"(max-width: 250px) 100vw, 250px\" \/>\t\t\t\t\t\t\t\t\t\t\t\t\t\t\t<\/div>\n\t\t\t\t<\/div>\n\t\t\t\t\t<\/div>\n\t\t<\/div>\n\t\t\t\t<div class=\"elementor-column elementor-col-50 elementor-top-column elementor-element elementor-element-f5847ea sticky-column\" data-id=\"f5847ea\" data-element_type=\"column\">\n\t\t\t<div class=\"elementor-widget-wrap elementor-element-populated\">\n\t\t\t\t\t\t<section class=\"elementor-section elementor-inner-section elementor-element elementor-element-b1d0c25 sticky-parent elementor-section-boxed elementor-section-height-default elementor-section-height-default\" data-id=\"b1d0c25\" data-element_type=\"section\">\n\t\t\t\t\t\t<div class=\"elementor-container elementor-column-gap-default\">\n\t\t\t\t\t<div class=\"elementor-column elementor-col-100 elementor-inner-column elementor-element elementor-element-3aa9316\" data-id=\"3aa9316\" data-element_type=\"column\" data-settings=\"{&quot;background_background&quot;:&quot;classic&quot;}\">\n\t\t\t<div class=\"elementor-widget-wrap elementor-element-populated\">\n\t\t\t\t\t\t<div class=\"elementor-element elementor-element-381dcc7 elementor-widget elementor-widget-text-editor\" data-id=\"381dcc7\" data-element_type=\"widget\" data-widget_type=\"text-editor.default\">\n\t\t\t\t<div class=\"elementor-widget-container\">\n\t\t\t\t\t\t\t\t\t<p>6 rue Maurice Ravel<\/p>\n<p>45380- La Chapelle Saint Mesmin<\/p>\n<p>France<\/p>\n<p>Tel.: +33 (0)6 88 82 64 07<\/p>\n<p><strong>Grand Master<\/strong><\/p>\n<p>Alain S\u00e9n\u00e9chal<\/p>\n<p><strong>Contact<\/strong>:<a href=\"mailto:confrerievinsaocorleans@gmail.com\"> confrerievinsaocorleans@gmail.com<\/a><\/p>\n\t\t\t\t\t\t\t\t<\/div>\n\t\t\t\t<\/div>\n\t\t\t\t\t<\/div>\n\t\t<\/div>\n\t\t\t\t\t<\/div>\n\t\t<\/section>\n\t\t\t\t\t<\/div>\n\t\t<\/div>\n\t\t\t\t\t<\/div>\n\t\t<\/section>\n\t\t\t\t<\/div>\n\t\t","protected":false},"excerpt":{"rendered":"<p>CONFR\u00c9RIE OENOGASTRONOMIQUE DES VINS AOC ORL\u00c9ANS ET ORL\u00c9ANS CL\u00c9RY 6 rue Maurice Ravel 45380- La Chapelle Saint Mesmin France Tel.: +33 (0)6 88 82 64 07 Grand Master Alain S\u00e9n\u00e9chal [&hellip;]<\/p>\n","protected":false},"author":2,"featured_media":997,"parent":4647,"menu_order":0,"comment_status":"closed","ping_status":"closed","template":"elementor_header_footer","meta":{"footnotes":""},"class_list":["post-4661","page","type-page","status-publish","has-post-thumbnail","hentry"],"jetpack_sharing_enabled":true,"post_mailing_queue_ids":[],"_links":{"self":[{"href":"https:\/\/winebrotherhoods.org\/en\/wp-json\/wp\/v2\/pages\/4661","targetHints":{"allow":["GET"]}}],"collection":[{"href":"https:\/\/winebrotherhoods.org\/en\/wp-json\/wp\/v2\/pages"}],"about":[{"href":"https:\/\/winebrotherhoods.org\/en\/wp-json\/wp\/v2\/types\/page"}],"author":[{"embeddable":true,"href":"https:\/\/winebrotherhoods.org\/en\/wp-json\/wp\/v2\/users\/2"}],"replies":[{"embeddable":true,"href":"https:\/\/winebrotherhoods.org\/en\/wp-json\/wp\/v2\/comments?post=4661"}],"version-history":[{"count":6,"href":"https:\/\/winebrotherhoods.org\/en\/wp-json\/wp\/v2\/pages\/4661\/revisions"}],"predecessor-version":[{"id":7671,"href":"https:\/\/winebrotherhoods.org\/en\/wp-json\/wp\/v2\/pages\/4661\/revisions\/7671"}],"up":[{"embeddable":true,"href":"https:\/\/winebrotherhoods.org\/en\/wp-json\/wp\/v2\/pages\/4647"}],"wp:featuredmedia":[{"embeddable":true,"href":"https:\/\/winebrotherhoods.org\/en\/wp-json\/wp\/v2\/media\/997"}],"wp:attachment":[{"href":"https:\/\/winebrotherhoods.org\/en\/wp-json\/wp\/v2\/media?parent=4661"}],"curies":[{"name":"wp","href":"https:\/\/api.w.org\/{rel}","templated":true}]}}