{"id":4655,"date":"2022-09-27T21:42:35","date_gmt":"2022-09-27T19:42:35","guid":{"rendered":"https:\/\/winebrotherhoods.org\/brotherhoods\/france-brotherhood\/france-brotherhood-commende-majeure-du-roussillon\/"},"modified":"2024-11-14T12:16:50","modified_gmt":"2024-11-14T11:16:50","slug":"france-brotherhood-commende-majeure-du-roussillon","status":"publish","type":"page","link":"https:\/\/winebrotherhoods.org\/en\/brotherhoods\/france-brotherhood\/france-brotherhood-commende-majeure-du-roussillon\/","title":{"rendered":"France Brotherhood &#8211; COMMENDE MAJEURE DU ROUSSILLON"},"content":{"rendered":"\t\t<div data-elementor-type=\"wp-page\" data-elementor-id=\"4655\" class=\"elementor elementor-4655 elementor-967\" data-elementor-post-type=\"page\">\n\t\t\t\t\t\t<section class=\"elementor-section elementor-top-section elementor-element elementor-element-ee64093 elementor-section-height-min-height elementor-section-items-top elementor-section-boxed elementor-section-height-default\" data-id=\"ee64093\" data-element_type=\"section\" data-settings=\"{&quot;background_background&quot;:&quot;classic&quot;}\">\n\t\t\t\t\t\t<div class=\"elementor-container elementor-column-gap-default\">\n\t\t\t\t\t<div class=\"elementor-column elementor-col-50 elementor-top-column elementor-element elementor-element-e736100\" data-id=\"e736100\" data-element_type=\"column\" data-settings=\"{&quot;background_background&quot;:&quot;classic&quot;}\">\n\t\t\t<div class=\"elementor-widget-wrap elementor-element-populated\">\n\t\t\t\t\t\t<div class=\"elementor-element elementor-element-7adc0dd elementor-widget elementor-widget-heading\" data-id=\"7adc0dd\" data-element_type=\"widget\" data-widget_type=\"heading.default\">\n\t\t\t\t<div class=\"elementor-widget-container\">\n\t\t\t\t\t<h1 class=\"elementor-heading-title elementor-size-default\">COMMENDE MAJEURE DU ROUSSILLON<\/h1>\t\t\t\t<\/div>\n\t\t\t\t<\/div>\n\t\t\t\t<div class=\"elementor-element elementor-element-36a604f elementor-widget elementor-widget-image\" data-id=\"36a604f\" data-element_type=\"widget\" data-widget_type=\"image.default\">\n\t\t\t\t<div class=\"elementor-widget-container\">\n\t\t\t\t\t\t\t\t\t\t\t\t\t\t\t<img decoding=\"async\" width=\"147\" height=\"220\" src=\"https:\/\/winebrotherhoods.org\/wp-content\/uploads\/2022\/09\/Commende_Majeure_Roussillon.jpg\" class=\"attachment-medium size-medium wp-image-969\" alt=\"Commende Majeure Roussillon\" \/>\t\t\t\t\t\t\t\t\t\t\t\t\t\t\t<\/div>\n\t\t\t\t<\/div>\n\t\t\t\t<div class=\"elementor-element elementor-element-dacf2ef elementor-widget elementor-widget-text-editor\" data-id=\"dacf2ef\" data-element_type=\"widget\" data-widget_type=\"text-editor.default\">\n\t\t\t\t<div class=\"elementor-widget-container\">\n\t\t\t\t\t\t\t\t\t<p>The Commende Majeure du Roussillon received on 26 July 1374 from Pierre IV of Aragon the confirmation of the priviledge of 1299, establishing the Order of the Guards to oversee the duty and the right to grow grapes and produce wine. It is composed of members of the Chapter and &#8220;Commendataires of Honour&#8221;<\/p>\n\t\t\t\t\t\t\t\t<\/div>\n\t\t\t\t<\/div>\n\t\t\t\t\t<\/div>\n\t\t<\/div>\n\t\t\t\t<div class=\"elementor-column elementor-col-50 elementor-top-column elementor-element elementor-element-f5847ea sticky-column\" data-id=\"f5847ea\" data-element_type=\"column\">\n\t\t\t<div class=\"elementor-widget-wrap elementor-element-populated\">\n\t\t\t\t\t\t<section class=\"elementor-section elementor-inner-section elementor-element elementor-element-b1d0c25 sticky-parent elementor-section-boxed elementor-section-height-default elementor-section-height-default\" data-id=\"b1d0c25\" data-element_type=\"section\">\n\t\t\t\t\t\t<div class=\"elementor-container elementor-column-gap-default\">\n\t\t\t\t\t<div class=\"elementor-column elementor-col-100 elementor-inner-column elementor-element elementor-element-3aa9316\" data-id=\"3aa9316\" data-element_type=\"column\" data-settings=\"{&quot;background_background&quot;:&quot;classic&quot;}\">\n\t\t\t<div class=\"elementor-widget-wrap elementor-element-populated\">\n\t\t\t\t\t\t<div class=\"elementor-element elementor-element-381dcc7 elementor-widget elementor-widget-text-editor\" data-id=\"381dcc7\" data-element_type=\"widget\" data-widget_type=\"text-editor.default\">\n\t\t\t\t<div class=\"elementor-widget-container\">\n\t\t\t\t\t\t\t\t\t<p>14 avenue de Catalogne 66600 Salses-le-Ch\u00e2teau<\/p><p>T\u00e9l.: +33 (0)6 08 33 35 46<\/p><p><a href=\"mailto:vignerons-du-roussillon@wanadoo.fr\">vignerons-du-roussillon@wanadoo.fr<\/a><\/p><p><strong>Grand Ma\u00eetre<\/strong>: Jean-Claude ESTIRACH<\/p><p><strong>Grand Chancelier<\/strong>: Jean-Pierre RAMONEDA<\/p><p><strong>Secr\u00e9taire g\u00e9n\u00e9ral<\/strong>: Jean-Paul METOIS<\/p><p><strong>Contact<\/strong>:<\/p><p><a href=\"mailto:jean-claude.estirach66@gmail.com\">jean-claude.estirach66@gmail.com<\/a><\/p><p><a href=\"mailto:jean-pierre.ramoneda@dbmail.com\">jean-pierre.ramoneda@dbmail.com<\/a><\/p><p><strong>Site<\/strong>: <a href=\"http:\/\/www.commendemajeureroussillon.com\/\">commendemajeureroussillon.com<\/a><\/p>\t\t\t\t\t\t\t\t<\/div>\n\t\t\t\t<\/div>\n\t\t\t\t\t<\/div>\n\t\t<\/div>\n\t\t\t\t\t<\/div>\n\t\t<\/section>\n\t\t\t\t\t<\/div>\n\t\t<\/div>\n\t\t\t\t\t<\/div>\n\t\t<\/section>\n\t\t\t\t<\/div>\n\t\t","protected":false},"excerpt":{"rendered":"<p>COMMENDE MAJEURE DU ROUSSILLON The Commende Majeure du Roussillon received on 26 July 1374 from Pierre IV of Aragon the confirmation of the priviledge of 1299, establishing the Order of [&hellip;]<\/p>\n","protected":false},"author":2,"featured_media":969,"parent":4647,"menu_order":0,"comment_status":"closed","ping_status":"closed","template":"elementor_header_footer","meta":{"footnotes":""},"class_list":["post-4655","page","type-page","status-publish","has-post-thumbnail","hentry"],"jetpack_sharing_enabled":true,"post_mailing_queue_ids":[],"_links":{"self":[{"href":"https:\/\/winebrotherhoods.org\/en\/wp-json\/wp\/v2\/pages\/4655","targetHints":{"allow":["GET"]}}],"collection":[{"href":"https:\/\/winebrotherhoods.org\/en\/wp-json\/wp\/v2\/pages"}],"about":[{"href":"https:\/\/winebrotherhoods.org\/en\/wp-json\/wp\/v2\/types\/page"}],"author":[{"embeddable":true,"href":"https:\/\/winebrotherhoods.org\/en\/wp-json\/wp\/v2\/users\/2"}],"replies":[{"embeddable":true,"href":"https:\/\/winebrotherhoods.org\/en\/wp-json\/wp\/v2\/comments?post=4655"}],"version-history":[{"count":5,"href":"https:\/\/winebrotherhoods.org\/en\/wp-json\/wp\/v2\/pages\/4655\/revisions"}],"predecessor-version":[{"id":7735,"href":"https:\/\/winebrotherhoods.org\/en\/wp-json\/wp\/v2\/pages\/4655\/revisions\/7735"}],"up":[{"embeddable":true,"href":"https:\/\/winebrotherhoods.org\/en\/wp-json\/wp\/v2\/pages\/4647"}],"wp:featuredmedia":[{"embeddable":true,"href":"https:\/\/winebrotherhoods.org\/en\/wp-json\/wp\/v2\/media\/969"}],"wp:attachment":[{"href":"https:\/\/winebrotherhoods.org\/en\/wp-json\/wp\/v2\/media?parent=4655"}],"curies":[{"name":"wp","href":"https:\/\/api.w.org\/{rel}","templated":true}]}}