{"id":4552,"date":"2022-09-17T16:28:06","date_gmt":"2022-09-17T14:28:06","guid":{"rendered":"https:\/\/winebrotherhoods.org\/brotherhoods\/austria-brotherhood\/austria-brotherhood-ordo-equestris-vini-europae\/"},"modified":"2023-01-19T04:31:05","modified_gmt":"2023-01-19T03:31:05","slug":"austria-brotherhood-ordo-equestris-vini-europae","status":"publish","type":"page","link":"https:\/\/winebrotherhoods.org\/en\/brotherhoods\/austria-brotherhood\/austria-brotherhood-ordo-equestris-vini-europae\/","title":{"rendered":"AUSTRIA Brotherhood &#8211; ORDO EQUESTRIS VINI EUROPAE"},"content":{"rendered":"\t\t<div data-elementor-type=\"wp-page\" data-elementor-id=\"4552\" class=\"elementor elementor-4552 elementor-707\" data-elementor-post-type=\"page\">\n\t\t\t\t\t\t<section class=\"elementor-section elementor-top-section elementor-element elementor-element-ee64093 elementor-section-height-min-height elementor-section-items-top elementor-section-boxed elementor-section-height-default\" data-id=\"ee64093\" data-element_type=\"section\" data-settings=\"{&quot;background_background&quot;:&quot;classic&quot;}\">\n\t\t\t\t\t\t<div class=\"elementor-container elementor-column-gap-default\">\n\t\t\t\t\t<div class=\"elementor-column elementor-col-50 elementor-top-column elementor-element elementor-element-e736100\" data-id=\"e736100\" data-element_type=\"column\" data-settings=\"{&quot;background_background&quot;:&quot;classic&quot;}\">\n\t\t\t<div class=\"elementor-widget-wrap elementor-element-populated\">\n\t\t\t\t\t\t<div class=\"elementor-element elementor-element-7adc0dd elementor-widget elementor-widget-heading\" data-id=\"7adc0dd\" data-element_type=\"widget\" data-widget_type=\"heading.default\">\n\t\t\t\t<div class=\"elementor-widget-container\">\n\t\t\t\t\t<h1 class=\"elementor-heading-title elementor-size-default\">ORDO EQUESTRIS VINI EUROPAE<\/h1>\t\t\t\t<\/div>\n\t\t\t\t<\/div>\n\t\t\t\t<div class=\"elementor-element elementor-element-2ae1e03 elementor-widget elementor-widget-image\" data-id=\"2ae1e03\" data-element_type=\"widget\" data-widget_type=\"image.default\">\n\t\t\t\t<div class=\"elementor-widget-container\">\n\t\t\t\t\t\t\t\t\t\t\t\t\t\t\t<img fetchpriority=\"high\" decoding=\"async\" width=\"207\" height=\"300\" src=\"https:\/\/winebrotherhoods.org\/wp-content\/uploads\/2022\/09\/Austria_OEVE_Consul.jpg\" class=\"attachment-large size-large wp-image-710\" alt=\"Austria OEVE Consul\" \/>\t\t\t\t\t\t\t\t\t\t\t\t\t\t\t<\/div>\n\t\t\t\t<\/div>\n\t\t\t\t<div class=\"elementor-element elementor-element-9352281 elementor-widget elementor-widget-text-editor\" data-id=\"9352281\" data-element_type=\"widget\" data-widget_type=\"text-editor.default\">\n\t\t\t\t<div class=\"elementor-widget-container\">\n\t\t\t\t\t\t\t\t\t<p>FORMEL<\/p>\n\t\t\t\t\t\t\t\t<\/div>\n\t\t\t\t<\/div>\n\t\t\t\t<div class=\"elementor-element elementor-element-62ea81b elementor-widget elementor-widget-text-editor\" data-id=\"62ea81b\" data-element_type=\"widget\" data-widget_type=\"text-editor.default\">\n\t\t\t\t<div class=\"elementor-widget-container\">\n\t\t\t\t\t\t\t\t\t<p>Das Wesen des ORDO EQUESTRIS VINI EUROPAE<\/p>\n\t\t\t\t\t\t\t\t<\/div>\n\t\t\t\t<\/div>\n\t\t\t\t<div class=\"elementor-element elementor-element-db6ecff elementor-widget elementor-widget-text-editor\" data-id=\"db6ecff\" data-element_type=\"widget\" data-widget_type=\"text-editor.default\">\n\t\t\t\t<div class=\"elementor-widget-container\">\n\t\t\t\t\t\t\t\t\t<p>in Kurzform<\/p>\n\t\t\t\t\t\t\t\t<\/div>\n\t\t\t\t<\/div>\n\t\t\t\t<div class=\"elementor-element elementor-element-29d1980 elementor-widget elementor-widget-text-editor\" data-id=\"29d1980\" data-element_type=\"widget\" data-widget_type=\"text-editor.default\">\n\t\t\t\t<div class=\"elementor-widget-container\">\n\t\t\t\t\t\t\t\t\t<p>In Objektivit\u00e4t zu Konfessionen, Politik, Wirtschaft und Standesinteressen<\/p>\n<p>wirken die Ritterlichen Eidgenossen:<\/p>\n<p>* f\u00fcr die Weinkultur, Weinw\u00fcrdigung sowie Bekanntmachung des edlen Weines<\/p>\n<p>* f\u00fcr die Wissenschaft und Forschung zum Thema Wein<\/p>\n<p>* f\u00fcr das Wahre, Gute und Sch\u00f6ne sowie f\u00fcr kultivierte Feste<\/p>\n<p>* f\u00fcr die Wendung zum Besseren der Lebensdinge und Weinesdinge<\/p>\n<p>* f\u00fcr die christlichen Werte, da die sakrale Mitte des Weinritterordens<\/p>\n<p>im Symbol unseres Glaubens verankert ist<\/p>\n<p>* f\u00fcr den wahren Adel des Geistes, sohin die Ritterschafts\u00e4mter<\/p>\n<p>mit Freiwilligkeit und Ehrenamtlichkeit ausgezeichnet &#8211;<\/p>\n<p>und somit gemeinn\u00fctzig und nicht auf Gewinn ausgerichtet sind<\/p>\n<p>* f\u00fcr soziale, caritative Werke und kulturelle, wissenschaftliche Initiativen<\/p>\n<p>* f\u00fcr die Erf\u00fcllung eines hohen historischen, gesellschaftlichen, kulturellen Auftrages, da der Weinritterorden den habsburgischen St. Georgsritterorden aus 1468 bzw. 1333 fortsetzt<\/p>\n<p>* f\u00fcr die Pflege ideeller Werte, nobler Geisteshaltung und edler Ritterlicher Freundschaft<\/p>\n<p>* f\u00fcr die Menschenw\u00fcrde und die europ\u00e4ische Wertegemeinschaft<\/p>\n<p>* f\u00fcr die europ\u00e4ische Identit\u00e4t und die nat\u00fcrliche europ\u00e4ische Zusammengeh\u00f6rigkeit<\/p>\n<p>* f\u00fcr den Frieden, da der Weinreichtum die Fruchtbarkeit des Friedens zeigt, die Weinritter auch Friedensritter sind, was auch durch die Stiftung des europ\u00e4isch-Ritterlichen Friedenspreises GALLUS PACIS dokumentiert ist.<\/p>\n<p>Die standesgleichen Ritterlichen Eidgenossen: Hospes, Dame, Consiliarius, Iudex und Eques<\/p>\n<p>dienen durch ihr Bekenntnis zum Ritterorden und durch konkrete Beitr\u00e4ge und Aktivit\u00e4ten im pers\u00f6nlichen und beruflichen Bereich f\u00fcr die Verwirklichung der edlen Ordensziele.<\/p>\n<p>Der Ritterliche Senat ist der Vorstand des gesamten Ritterordens mit all ihren Teilen<\/p>\n<p>und hat seinen Senatssitz am Gr\u00fcndungsortdes Weinritteordens in der Freistadt Eisenstadt<\/p>\n<p>und im Stift Klosterneuburg, Austria.<\/p>\n<p>In den einzelnen Regionen wirken Ritterliche Consulate = regionale Ritterordensteile.<\/p>\n<p>Der Schwellensatz zur Ritterschaft lautet: \u201eErst wenn du den Neid besiegst<\/p>\n<p>und dich f\u00fcr andere einzusetzen beginnst, wirst du zum wahren Ritterlichen Menschen.&#8221;<\/p>\n\t\t\t\t\t\t\t\t<\/div>\n\t\t\t\t<\/div>\n\t\t\t\t<div class=\"elementor-element elementor-element-3398ffb elementor-widget elementor-widget-text-editor\" data-id=\"3398ffb\" data-element_type=\"widget\" data-widget_type=\"text-editor.default\">\n\t\t\t\t<div class=\"elementor-widget-container\">\n\t\t\t\t\t\t\t\t\t<p>FORMULA<\/p>\n\t\t\t\t\t\t\t\t<\/div>\n\t\t\t\t<\/div>\n\t\t\t\t<div class=\"elementor-element elementor-element-7ebbe76 elementor-widget elementor-widget-text-editor\" data-id=\"7ebbe76\" data-element_type=\"widget\" data-widget_type=\"text-editor.default\">\n\t\t\t\t<div class=\"elementor-widget-container\">\n\t\t\t\t\t\t\t\t\tThe character of the\nEUROPEAN KNIGHTHOOD OF THE VINE\t\t\t\t\t\t\t\t<\/div>\n\t\t\t\t<\/div>\n\t\t\t\t<div class=\"elementor-element elementor-element-b32af6c elementor-widget elementor-widget-text-editor\" data-id=\"b32af6c\" data-element_type=\"widget\" data-widget_type=\"text-editor.default\">\n\t\t\t\t<div class=\"elementor-widget-container\">\n\t\t\t\t\t\t\t\t\t<p>in brief<\/p>\n\t\t\t\t\t\t\t\t<\/div>\n\t\t\t\t<\/div>\n\t\t\t\t<div class=\"elementor-element elementor-element-a782bac elementor-widget elementor-widget-text-editor\" data-id=\"a782bac\" data-element_type=\"widget\" data-widget_type=\"text-editor.default\">\n\t\t\t\t<div class=\"elementor-widget-container\">\n\t\t\t\t\t\t\t\t\t<p>With due impartiality to religion, political beliefs,<\/p>\n<p>business status and rank, the Knights of the Vine act:<\/p>\n<p>on behalf of wine culture and the appreciation and publication of the noble vine.to carry out scientific research on the topic of winetowards verity, charity and beauty as well as cultivated festivalstowards the improvement of living and wine standardstowards Christian values, as the sacral sense of the Order of the Vine is based on the symbol of our faithtowards the true nobility of the spirit. Accordingly, the knighthood offices are characterized by their voluntary and honorary nature and thus are charitable and non-profit orientatedtowards social-cultural works and scientific initiativestowards completion of a high historical, social and cultural mission, as the Order of the Vine is legitimated to sustain earthly aspects of the Habsburg Order of St. George from 1468 respectively 1333 adapted to the present time.towards the maintenance of ideals and the cultivation of a noble spirit and chivalrous friendshiptowards human dignity and European valuestowards an European identity and natural European solidaritytowards peace, as the richness of wine demonstrates the fertility of the peace manifesto, the Knights of the Vine are also knights of peace, which is documents through the donation of the European Knighthood Peace Prize GALLUS PACIS<\/p>\n<p>Through their commitment to the knighthood and through their concrete contribution and activities in their personal and professional lives, the Confederates of equal standing &#8211; Hospes, Madam, Consiliarius, Iudex and Eques \u2013 act towards the realisation of the noble aims of the Order.<\/p>\n<p>The Knighthood Senate is the head of the entire knighthood with all its parts and has its headquarters at the site of the orinigal EUROPEAN Knighthood of the Vine in Eisenstadt, Austria and at the Monastery of Klosterneuburg, Austria.<\/p>\n<p>Knight consulates or regional partial knighthoods work in the individual regions.<\/p>\n<p>The threshold sentence for admittance into the European Knighthood of the Vine is:<\/p>\n<p>\u201eIt is only once you have overcome envy and start giving yourself to other causes that you become a truly chivalrous person!&#8221;<\/p>\n\t\t\t\t\t\t\t\t<\/div>\n\t\t\t\t<\/div>\n\t\t\t\t\t<\/div>\n\t\t<\/div>\n\t\t\t\t<div class=\"elementor-column elementor-col-50 elementor-top-column elementor-element elementor-element-f5847ea sticky-column\" data-id=\"f5847ea\" data-element_type=\"column\">\n\t\t\t<div class=\"elementor-widget-wrap elementor-element-populated\">\n\t\t\t\t\t\t<section class=\"elementor-section elementor-inner-section elementor-element elementor-element-b1d0c25 sticky-parent elementor-section-boxed elementor-section-height-default elementor-section-height-default\" data-id=\"b1d0c25\" data-element_type=\"section\">\n\t\t\t\t\t\t<div class=\"elementor-container elementor-column-gap-default\">\n\t\t\t\t\t<div class=\"elementor-column elementor-col-100 elementor-inner-column elementor-element elementor-element-3aa9316\" data-id=\"3aa9316\" data-element_type=\"column\" data-settings=\"{&quot;background_background&quot;:&quot;classic&quot;}\">\n\t\t\t<div class=\"elementor-widget-wrap elementor-element-populated\">\n\t\t\t\t\t\t<div class=\"elementor-element elementor-element-6629e9f elementor-widget elementor-widget-image\" data-id=\"6629e9f\" data-element_type=\"widget\" data-widget_type=\"image.default\">\n\t\t\t\t<div class=\"elementor-widget-container\">\n\t\t\t\t\t\t\t\t\t\t\t\t\t\t\t<img decoding=\"async\" width=\"233\" height=\"300\" src=\"https:\/\/winebrotherhoods.org\/wp-content\/uploads\/2022\/09\/Austria_OEVE_Logo.jpg\" class=\"attachment-large size-large wp-image-712\" alt=\"Austria OEVE Logo\" \/>\t\t\t\t\t\t\t\t\t\t\t\t\t\t\t<\/div>\n\t\t\t\t<\/div>\n\t\t\t\t<div class=\"elementor-element elementor-element-9a6e9aa elementor-widget elementor-widget-text-editor\" data-id=\"9a6e9aa\" data-element_type=\"widget\" data-widget_type=\"text-editor.default\">\n\t\t\t\t<div class=\"elementor-widget-container\">\n\t\t\t\t\t\t\t\t\t<p>Hauptstrasse 40<\/p>\n<p>A &#8211; 7000 Eisenstadt<\/p>\n<p>Autriche<\/p>\n<p>T\u00e9l : + 43 (0)2682 64446<\/p>\n<p>Fax : + 43 (0) 2682 64446\/22<\/p>\n<p><strong>Primus Senatus<\/strong><\/p>\n<p>Prof.Ing. Alfred Tombor-Tintera<\/p>\n<p><strong>Secundus Senatus<\/strong><\/p>\n<p>Dkfm.Mag. Helmut Skala<\/p>\n<p><strong>Ambassadeur<\/strong><\/p>\n<p>Prof.ing. Josef Jenei<\/p>\n<p><strong>Contact<\/strong>: <a href=\"mailto:senat@equesdevino.eu\">senat@equesdevino.eu<\/a><\/p>\n<p><strong>Site<\/strong>: <a href=\"http:\/\/www.equesdevino.eu\/\">www.equesdevino.eu<\/a><\/p>\n\t\t\t\t\t\t\t\t<\/div>\n\t\t\t\t<\/div>\n\t\t\t\t\t<\/div>\n\t\t<\/div>\n\t\t\t\t\t<\/div>\n\t\t<\/section>\n\t\t\t\t\t<\/div>\n\t\t<\/div>\n\t\t\t\t\t<\/div>\n\t\t<\/section>\n\t\t\t\t<\/div>\n\t\t","protected":false},"excerpt":{"rendered":"<p>ORDO EQUESTRIS VINI EUROPAE FORMEL Das Wesen des ORDO EQUESTRIS VINI EUROPAE in Kurzform In Objektivit\u00e4t zu Konfessionen, Politik, Wirtschaft und Standesinteressen wirken die Ritterlichen Eidgenossen: * f\u00fcr die Weinkultur, [&hellip;]<\/p>\n","protected":false},"author":2,"featured_media":699,"parent":4550,"menu_order":0,"comment_status":"closed","ping_status":"closed","template":"elementor_header_footer","meta":{"footnotes":""},"class_list":["post-4552","page","type-page","status-publish","has-post-thumbnail","hentry"],"jetpack_sharing_enabled":true,"post_mailing_queue_ids":[],"_links":{"self":[{"href":"https:\/\/winebrotherhoods.org\/en\/wp-json\/wp\/v2\/pages\/4552","targetHints":{"allow":["GET"]}}],"collection":[{"href":"https:\/\/winebrotherhoods.org\/en\/wp-json\/wp\/v2\/pages"}],"about":[{"href":"https:\/\/winebrotherhoods.org\/en\/wp-json\/wp\/v2\/types\/page"}],"author":[{"embeddable":true,"href":"https:\/\/winebrotherhoods.org\/en\/wp-json\/wp\/v2\/users\/2"}],"replies":[{"embeddable":true,"href":"https:\/\/winebrotherhoods.org\/en\/wp-json\/wp\/v2\/comments?post=4552"}],"version-history":[{"count":2,"href":"https:\/\/winebrotherhoods.org\/en\/wp-json\/wp\/v2\/pages\/4552\/revisions"}],"predecessor-version":[{"id":4781,"href":"https:\/\/winebrotherhoods.org\/en\/wp-json\/wp\/v2\/pages\/4552\/revisions\/4781"}],"up":[{"embeddable":true,"href":"https:\/\/winebrotherhoods.org\/en\/wp-json\/wp\/v2\/pages\/4550"}],"wp:featuredmedia":[{"embeddable":true,"href":"https:\/\/winebrotherhoods.org\/en\/wp-json\/wp\/v2\/media\/699"}],"wp:attachment":[{"href":"https:\/\/winebrotherhoods.org\/en\/wp-json\/wp\/v2\/media?parent=4552"}],"curies":[{"name":"wp","href":"https:\/\/api.w.org\/{rel}","templated":true}]}}